{"id":789,"date":"2022-11-01T14:41:46","date_gmt":"2022-11-01T06:41:46","guid":{"rendered":"https:\/\/zzlcmachinery.com\/?post_type=product&#038;p=789"},"modified":"2022-11-22T15:03:08","modified_gmt":"2022-11-22T07:03:08","slug":"lc-g1-manual-wrought-metal-craft-iron-basket-twister","status":"publish","type":"product","link":"https:\/\/zzlcmachinery.com\/sk\/produkt\/lc-g1-manual-wrought-metal-craft-iron-basket-twister\/","title":{"rendered":"LC-G1 ru\u010dn\u00fd kovan\u00fd kovov\u00fd k\u00f4\u0161 na k\u00f4\u0161"},"content":{"rendered":"","protected":false},"excerpt":{"rendered":"<p><strong>LC-G1 ru\u010dn\u00fd kovan\u00fd \u017eelezn\u00fd k\u00f4\u0161 na k\u00f4\u0161<\/strong><br \/>\nTento stroj dok\u00e1\u017ee ru\u010dne vyrobi\u0165 dve ve\u013ekosti \u017eelezn\u00fdch kvetinov\u00fdch ko\u0161ov a tento ru\u010dn\u00fd kr\u00fatiaci stroj n\u00e1hodne rozde\u013euje 2 sady foriem.<br \/>\nKaliber 2 s\u00e1d foriem je: 12 mm * 12 mm (4 ty\u010de sauare ocele v 6 mm * 6 mm) 10 mm * 10 mm (4 ty\u010de sauare ocele v 5 mm * 5 mm)<br \/>\nMateri\u00e1l: \u0161tvorcov\u00e1 oce\u013e Jeden k\u00f4\u0161: Vyroben\u00fd zo 4 ty\u010d\u00ed sauare ocele s rozmermi 6 mm * 6 mm alebo 5 mm * 5 mm.<br \/>\n<strong>TECHNICK\u00dd PARAMETER<br \/>\n<\/strong><strong>Model: LC-G1<\/strong><br \/>\n<strong>\u0160tvorcov\u00e1 oce\u013e<\/strong> Rozmery: 5 x 5 mm a 6 x 6 mm<br \/>\n<strong>Moc:<\/strong> Manu\u00e1lny<br \/>\n<strong>Rozmer balenia:<\/strong> 200 \u00d7 200 \u00d7 200 mm<br \/>\n<strong>NW (kg):20 <\/strong><strong>GW (kg): 20<\/strong><\/p>","protected":false},"featured_media":796,"template":"","meta":{"_kad_post_transparent":"default","_kad_post_title":"","_kad_post_layout":"default","_kad_post_sidebar_id":"","_kad_post_content_style":"default","_kad_post_vertical_padding":"default","_kad_post_feature":"","_kad_post_feature_position":"","_kad_post_header":false,"_kad_post_footer":false},"product_brand":[],"product_cat":[33,31,34,35],"product_tag":[223,313,303,302,312,307,299,309,310,305,314,308,306,301,304,224,311,300],"class_list":{"0":"post-789","1":"product","2":"type-product","3":"status-publish","4":"has-post-thumbnail","6":"product_cat-manual-wrounght-iron-processing-tools","7":"product_cat-electric-pipe-twisting-machine","8":"product_cat-manual-scroll-bender","9":"product_cat-manual-twisting-machine","10":"product_tag-basket-twister","11":"product_tag-blacksmith-tool","12":"product_tag-buy-manual-machine-for-wrought-iron","13":"product_tag-buy-manual-mental-craft-tools","14":"product_tag-buy-metal-craft-tools","15":"product_tag-buy-steel-basket-twist-tool","16":"product_tag-handmade-metal-forgin-manual-basket-steel","17":"product_tag-homemade-metal-bar-twister","18":"product_tag-manual-steel-square-bar-twist-hand-flat-steel","19":"product_tag-manual-wrought-iron-basket-twisting-tool","20":"product_tag-master-twister","21":"product_tag-metal-basket-twist-tool","22":"product_tag-metal-craft-baskt-twister","23":"product_tag-metal-craft-tools-ornamental-basket-twist-machine","24":"product_tag-ornamental-basket-twist-machine-product","25":"product_tag-steel-basket-twist-tool","26":"product_tag-strip-twisting-tools","27":"product_tag-twisting-machine-hand-tools-wrought-iron-equipment","29":"first","30":"instock","31":"shipping-taxable","32":"product-type-simple","33":"entry","34":"content-bg","35":"loop-entry"},"_links":{"self":[{"href":"https:\/\/zzlcmachinery.com\/sk\/wp-json\/wp\/v2\/product\/789","targetHints":{"allow":["GET"]}}],"collection":[{"href":"https:\/\/zzlcmachinery.com\/sk\/wp-json\/wp\/v2\/product"}],"about":[{"href":"https:\/\/zzlcmachinery.com\/sk\/wp-json\/wp\/v2\/types\/product"}],"version-history":[{"count":0,"href":"https:\/\/zzlcmachinery.com\/sk\/wp-json\/wp\/v2\/product\/789\/revisions"}],"wp:featuredmedia":[{"embeddable":true,"href":"https:\/\/zzlcmachinery.com\/sk\/wp-json\/wp\/v2\/media\/796"}],"wp:attachment":[{"href":"https:\/\/zzlcmachinery.com\/sk\/wp-json\/wp\/v2\/media?parent=789"}],"wp:term":[{"taxonomy":"product_brand","embeddable":true,"href":"https:\/\/zzlcmachinery.com\/sk\/wp-json\/wp\/v2\/product_brand?post=789"},{"taxonomy":"product_cat","embeddable":true,"href":"https:\/\/zzlcmachinery.com\/sk\/wp-json\/wp\/v2\/product_cat?post=789"},{"taxonomy":"product_tag","embeddable":true,"href":"https:\/\/zzlcmachinery.com\/sk\/wp-json\/wp\/v2\/product_tag?post=789"}],"curies":[{"name":"wp","href":"https:\/\/api.w.org\/{rel}","templated":true}]}}