{"id":766,"date":"2022-11-01T00:17:04","date_gmt":"2022-10-31T16:17:04","guid":{"rendered":"https:\/\/zzlcmachinery.com\/?post_type=product&#038;p=766"},"modified":"2022-11-22T15:10:56","modified_gmt":"2022-11-22T07:10:56","slug":"w12-professional-manual-scroll-bending-tool-with-12-free-dies-for-wrought-iron","status":"publish","type":"product","link":"https:\/\/zzlcmachinery.com\/sk\/produkt\/w12-professional-manual-scroll-bending-tool-with-12-free-dies-for-wrought-iron\/","title":{"rendered":"W12 Professional manu\u00e1lny n\u00e1stroj na oh\u00fdbanie zvitkov s 12 vo\u013en\u00fdmi matricami na kujn\u00e9 \u017eelezo"},"content":{"rendered":"","protected":false},"excerpt":{"rendered":"<p>Tento profesion\u00e1lny ru\u010dn\u00fd oh\u00fdbac\u00ed n\u00e1stroj LC-W12 s 12 vo\u013en\u00fdmi matricami na kovan\u00e9 \u017eelezo je ru\u010dn\u00fd n\u00e1stroj pre dom\u00e1cich majstrov na spracovanie ploch\u00e9ho \u017eeleza, \u0161tvorcovej ocele a kruhovej ocele do tvaru \u201eS\u201c, \u201eC\u201c a \u201eP\u201c.<br \/>\nT\u00e1to ru\u010dn\u00e1 oh\u00fdba\u010dka m\u00e1 12 s\u00faprav vo\u013en\u00fdch oh\u00fdbac\u00edch n\u00e1strojov, \u010do je s\u00faprava oh\u00fdba\u010diek s najv\u00e4\u010d\u0161\u00edm po\u010dtom foriem v oh\u00fdba\u010dke. T\u00e1to v\u00fdhoda nepochybne zvy\u0161uje rozsah spracovania stroja v najv\u00e4\u010d\u0161ej miere a obohacuje typy vzorov, ktor\u00e9 je mo\u017en\u00e9 dotv\u00e1ra\u0165. Ide o s\u00e9riu ru\u010dn\u00fdch oh\u00fdba\u010diek potrebn\u00fdch pre dom\u00e1cich kutilov a rann\u00fa f\u00e1zu kov\u00e1\u010dskej dielne.<br \/>\nTento stroj m\u00e1 iba funkciu oh\u00fdbania kvetov, m\u00f4\u017ee oh\u00fdba\u0165 ploch\u00e9 \u017eelezo, \u0161tvorcov\u00fa oce\u013e a kruhov\u00fa oce\u013e s tvarom \u201eS\u201c, \u201eC\u201c a \u201eP\u201c.<br \/>\n24-hodinov\u00e1 online slu\u017eba, dajte n\u00e1m vedie\u0165, ak m\u00e1te nejak\u00e9 ot\u00e1zky!<br \/>\n<strong>TECHNICK\u00dd PARAMETER<br \/>\n<\/strong><strong>Model: LC-W12<br \/>\nPloch\u00e1 \u017eehli\u010dka\u00a0<\/strong> \u00a0 \u2264 5 mm * 30 mm<br \/>\n<strong>Okr\u00fahla oce\u013e<\/strong> \u2264\u03a610 mm<br \/>\n<strong>\u0160tvorcov\u00e1 oce\u013e<\/strong> \u2264 10 mm * 10 mm<br \/>\n<strong>Moc:<\/strong> Manu\u00e1lny<br \/>\n<strong>Rozmer balenia:<\/strong> 200 \u00d7 200 \u00d7 400 mm<br \/>\n<strong>NW (kg):<\/strong>45<br \/>\n<strong>GW (kg): 50<\/strong><\/p>","protected":false},"featured_media":776,"template":"","meta":{"_kad_post_transparent":"default","_kad_post_title":"","_kad_post_layout":"default","_kad_post_sidebar_id":"","_kad_post_content_style":"default","_kad_post_vertical_padding":"default","_kad_post_feature":"","_kad_post_feature_position":"","_kad_post_header":false,"_kad_post_footer":false},"product_brand":[],"product_cat":[33,34],"product_tag":[281,282,253,280,268,277,279,278,239,176],"class_list":{"0":"post-766","1":"product","2":"type-product","3":"status-publish","4":"has-post-thumbnail","6":"product_cat-manual-wrounght-iron-processing-tools","7":"product_cat-manual-scroll-bender","8":"product_tag-bending-machine-for-sale","9":"product_tag-buy-manual-scroll-bending-machine","10":"product_tag-buy-wrought-iron-scroll-bender","11":"product_tag-dies-for-w12-manual-scroll-bending-machine","12":"product_tag-diy-metal-working-tools","13":"product_tag-manual-scroll-bender","14":"product_tag-manual-steel-scroll-bending-tools","15":"product_tag-professional-manual-metal-scroll-bending-tool-with-12-sets-free-dies-for-wrought-iron","16":"product_tag-scroll-bender-machine-for-flat-iron-round-pipe-square-steel-square-tube","17":"product_tag-wrought-iron-scroll-bender-for-sale","19":"first","20":"instock","21":"shipping-taxable","22":"product-type-simple","23":"entry","24":"content-bg","25":"loop-entry"},"_links":{"self":[{"href":"https:\/\/zzlcmachinery.com\/sk\/wp-json\/wp\/v2\/product\/766","targetHints":{"allow":["GET"]}}],"collection":[{"href":"https:\/\/zzlcmachinery.com\/sk\/wp-json\/wp\/v2\/product"}],"about":[{"href":"https:\/\/zzlcmachinery.com\/sk\/wp-json\/wp\/v2\/types\/product"}],"version-history":[{"count":0,"href":"https:\/\/zzlcmachinery.com\/sk\/wp-json\/wp\/v2\/product\/766\/revisions"}],"wp:featuredmedia":[{"embeddable":true,"href":"https:\/\/zzlcmachinery.com\/sk\/wp-json\/wp\/v2\/media\/776"}],"wp:attachment":[{"href":"https:\/\/zzlcmachinery.com\/sk\/wp-json\/wp\/v2\/media?parent=766"}],"wp:term":[{"taxonomy":"product_brand","embeddable":true,"href":"https:\/\/zzlcmachinery.com\/sk\/wp-json\/wp\/v2\/product_brand?post=766"},{"taxonomy":"product_cat","embeddable":true,"href":"https:\/\/zzlcmachinery.com\/sk\/wp-json\/wp\/v2\/product_cat?post=766"},{"taxonomy":"product_tag","embeddable":true,"href":"https:\/\/zzlcmachinery.com\/sk\/wp-json\/wp\/v2\/product_tag?post=766"}],"curies":[{"name":"wp","href":"https:\/\/api.w.org\/{rel}","templated":true}]}}