{"id":755,"date":"2022-10-31T19:03:30","date_gmt":"2022-10-31T11:03:30","guid":{"rendered":"https:\/\/zzlcmachinery.com\/?post_type=product&#038;p=755"},"modified":"2022-11-22T15:16:02","modified_gmt":"2022-11-22T07:16:02","slug":"lc-w13-manual-metal-craft-wrought-iron-scroll-bender","status":"publish","type":"product","link":"https:\/\/zzlcmachinery.com\/sk\/produkt\/lc-w13-manual-metal-craft-wrought-iron-scroll-bender\/","title":{"rendered":"LC-W13 Ru\u010dn\u00e1 kovov\u00e1 oh\u00fdba\u010dka z tepan\u00e9ho \u017eeleza"},"content":{"rendered":"","protected":false},"excerpt":{"rendered":"<p>LC-W13 mantal kovov\u00e1 remeseln\u00e1 oh\u00fdba\u010dka z tepan\u00e9ho \u017eeleza je ru\u010dn\u00fd n\u00e1stroj pre dom\u00e1cich majstrov na rezanie kovu, oh\u00fdbanie a kr\u00fatenie kovov. Ru\u010dn\u00e1 \u0161pir\u00e1lov\u00e1 oh\u00fdba\u010dka m\u00f4\u017ee by\u0165 pou\u017eit\u00e1 na spracovanie ploch\u00e9ho \u017eeleza, \u0161tvorcovej ocele a kruhovej ocele. M\u00f4\u017ee oh\u00fdba\u0165 ploch\u00e9 \u017eelezo, \u0161tvorcov\u00fa oce\u013e a kruhov\u00fa oce\u013e v tvare \u201eS\u201c, \u201eC\u201c a \u201eP\u201c. M\u00f4\u017ee tie\u017e realizova\u0165 funkciu v\u00fdroby \u0161tvordr\u00f4tov\u00fdch kvetinov\u00fdch ko\u0161ov. T\u00e1to sada n\u00e1strojov pozost\u00e1va z 9 n\u00e1strojov s r\u00f4znymi funkciami<br \/>\n6 oh\u00fdbac\u00edch n\u00e1strojov na oh\u00fdbanie kovov\u00e9ho materi\u00e1lu vzor \u201eS\u201c \u201eC\u201c \u201eP\u201c.<br \/>\n1 rezac\u00ed n\u00e1stroj na rezanie kovov\u00fdch materi\u00e1lov<br \/>\n1 oto\u010dn\u00fd n\u00e1stroj, aby fungoval kvetinov\u00fd ko\u0161\u00edk<br \/>\n1 n\u00e1stroj \u0161peci\u00e1lneho tvaru m\u00e1 funkcie skosenia, zaoblenia a obl\u00faka kovu.<br \/>\n24-hodinov\u00e1 online slu\u017eba, dajte n\u00e1m vedie\u0165, ak m\u00e1te nejak\u00e9 ot\u00e1zky!<br \/>\n<strong>TECHNICK\u00dd PARAMETER<br \/>\n<\/strong><strong>Model: LC-W13<br \/>\n\u017dehli\u010dka:<\/strong> \u2264 40 * 6 mm,<br \/>\n<strong>Okr\u00fahla oce\u013e:<\/strong> \u2264\u03c612 mm,<br \/>\n<strong>\u0160tvorcov\u00e1 oce\u013e:<\/strong> \u2264 16 * 16 mm<br \/>\n<strong>Moc:<\/strong> Manu\u00e1lny<br \/>\n<strong>Rozmer balenia:<\/strong> 500 \u00d7 500 \u00d7 500 mm<br \/>\n<strong>NW (kg):<\/strong>80<br \/>\n<strong>GW (kg): 80<\/strong><\/p>","protected":false},"featured_media":762,"template":"","meta":{"_kad_post_transparent":"default","_kad_post_title":"","_kad_post_layout":"default","_kad_post_sidebar_id":"","_kad_post_content_style":"default","_kad_post_vertical_padding":"default","_kad_post_feature":"","_kad_post_feature_position":"","_kad_post_header":false,"_kad_post_footer":false},"product_brand":[],"product_cat":[33,34],"product_tag":[273,268,271,274,188,261,272,276,250,72,275,265],"class_list":{"0":"post-755","1":"product","2":"type-product","3":"status-publish","4":"has-post-thumbnail","6":"product_cat-manual-wrounght-iron-processing-tools","7":"product_cat-manual-scroll-bender","8":"product_tag-bender-hand-tools","9":"product_tag-diy-metal-working-tools","10":"product_tag-diy-scroll-bender-without-welding-for-steel-brass-cooper-aluminum","11":"product_tag-homemade-metal-bender-tools","12":"product_tag-make-a-metal-scroll-bender","13":"product_tag-manual-metal-craft-scroll-bending-tools","14":"product_tag-manual-metal-craft-wrought-iron-scroll","15":"product_tag-metal-bender-tool","16":"product_tag-metal-craft-bending-tools-ornametal-scroll-bender","17":"product_tag-metal-scroll-bender","18":"product_tag-scroll-bender-plans","19":"product_tag-wrought-iron-metal-scroll-bender","21":"first","22":"instock","23":"shipping-taxable","24":"product-type-simple","25":"entry","26":"content-bg","27":"loop-entry"},"_links":{"self":[{"href":"https:\/\/zzlcmachinery.com\/sk\/wp-json\/wp\/v2\/product\/755","targetHints":{"allow":["GET"]}}],"collection":[{"href":"https:\/\/zzlcmachinery.com\/sk\/wp-json\/wp\/v2\/product"}],"about":[{"href":"https:\/\/zzlcmachinery.com\/sk\/wp-json\/wp\/v2\/types\/product"}],"version-history":[{"count":0,"href":"https:\/\/zzlcmachinery.com\/sk\/wp-json\/wp\/v2\/product\/755\/revisions"}],"wp:featuredmedia":[{"embeddable":true,"href":"https:\/\/zzlcmachinery.com\/sk\/wp-json\/wp\/v2\/media\/762"}],"wp:attachment":[{"href":"https:\/\/zzlcmachinery.com\/sk\/wp-json\/wp\/v2\/media?parent=755"}],"wp:term":[{"taxonomy":"product_brand","embeddable":true,"href":"https:\/\/zzlcmachinery.com\/sk\/wp-json\/wp\/v2\/product_brand?post=755"},{"taxonomy":"product_cat","embeddable":true,"href":"https:\/\/zzlcmachinery.com\/sk\/wp-json\/wp\/v2\/product_cat?post=755"},{"taxonomy":"product_tag","embeddable":true,"href":"https:\/\/zzlcmachinery.com\/sk\/wp-json\/wp\/v2\/product_tag?post=755"}],"curies":[{"name":"wp","href":"https:\/\/api.w.org\/{rel}","templated":true}]}}