{"id":748,"date":"2022-10-31T16:14:20","date_gmt":"2022-10-31T08:14:20","guid":{"rendered":"https:\/\/zzlcmachinery.com\/?post_type=product&#038;p=748"},"modified":"2022-11-22T15:17:33","modified_gmt":"2022-11-22T07:17:33","slug":"lc-w9-china-factory-seller-manual-scroll-bender-for-sale","status":"publish","type":"product","link":"https:\/\/zzlcmachinery.com\/sk\/produkt\/lc-w9-china-factory-seller-manual-scroll-bender-for-sale\/","title":{"rendered":"LC-W9 China Factory Seller Manual Scroll Bender na predaj"},"content":{"rendered":"","protected":false},"excerpt":{"rendered":"<p>Predaj ru\u010dnej oh\u00fdba\u010dky LC-W9 v \u010c\u00edne je ru\u010dn\u00fd n\u00e1stroj pre dom\u00e1cich majstrov na rezanie kovov, oh\u00fdbanie a kr\u00fatenie kovov. Ru\u010dn\u00e1 \u0161pir\u00e1lov\u00e1 oh\u00fdba\u010dka m\u00f4\u017ee by\u0165 pou\u017eit\u00e1 na spracovanie ploch\u00e9ho \u017eeleza, \u0161tvorcovej ocele a kruhovej ocele. M\u00f4\u017ee oh\u00fdba\u0165 ploch\u00e9 \u017eelezo, \u0161tvorcov\u00fa oce\u013e a kruhov\u00fa oce\u013e v tvare \u201eS\u201c, \u201eC\u201c a \u201eP\u201c. M\u00f4\u017ee tie\u017e realizova\u0165 funkciu v\u00fdroby \u0161tvordr\u00f4tov\u00fdch kvetinov\u00fdch ko\u0161ov. T\u00e1to sada n\u00e1strojov pozost\u00e1va z 9 n\u00e1strojov s r\u00f4znymi funkciami<br \/>\n6 oh\u00fdbac\u00edch n\u00e1strojov na oh\u00fdbanie kovov\u00e9ho materi\u00e1lu vzor \u201eS\u201c \u201eC\u201c \u201eP\u201c.<br \/>\n1 rezac\u00ed n\u00e1stroj na rezanie kovov\u00fdch materi\u00e1lov<br \/>\n1 oto\u010dn\u00fd n\u00e1stroj, aby fungoval kvetinov\u00fd ko\u0161\u00edk<br \/>\n1 n\u00e1stroj \u0161peci\u00e1lneho tvaru m\u00e1 funkcie skosenia, zaoblenia a obl\u00faka kovu.<br \/>\n24-hodinov\u00e1 online slu\u017eba, dajte n\u00e1m vedie\u0165, ak m\u00e1te nejak\u00e9 ot\u00e1zky!<br \/>\n<strong>TECHNICK\u00dd PARAMETER<br \/>\n<\/strong><strong>Model: LC-W9<br \/>\n\u017dehli\u010dka: \u226440*6mm,<br \/>\nOkr\u00fahla oce\u013e: \u2264\u03c612 mm,<br \/>\n\u0160tvorcov\u00e1 oce\u013e: \u2264 16 * 16 mm<\/strong><br \/>\n<strong>Moc:<\/strong> Manu\u00e1lny<br \/>\n<strong>Rozmer balenia:<\/strong> 500 \u00d7 500 \u00d7 500 mm<br \/>\n<strong>NW (kg):<\/strong>80<br \/>\n<strong>GW (kg): 80<\/strong><\/p>","protected":false},"featured_media":752,"template":"","meta":{"_kad_post_transparent":"default","_kad_post_title":"","_kad_post_layout":"default","_kad_post_sidebar_id":"","_kad_post_content_style":"default","_kad_post_vertical_padding":"default","_kad_post_feature":"","_kad_post_feature_position":"","_kad_post_header":false,"_kad_post_footer":false},"product_brand":[],"product_cat":[33,34],"product_tag":[260,270,268,258,262,261,264,267,269,259,263,266,265],"class_list":{"0":"post-748","1":"product","2":"type-product","3":"status-publish","4":"has-post-thumbnail","6":"product_cat-manual-wrounght-iron-processing-tools","7":"product_cat-manual-scroll-bender","8":"product_tag-buy-metal-craft-tool","9":"product_tag-diy-homework-metal-craft-processing-tools","10":"product_tag-diy-metal-working-tools","11":"product_tag-ellsen-wrought-iron-machinery-factory","12":"product_tag-iron-manual-scroll-bender","13":"product_tag-manual-metal-craft-scroll-bending-tools","14":"product_tag-manual-steel-scroll-bending-machine","15":"product_tag-metalcraft-tool-set-master","16":"product_tag-scroll-former-tool-metalcraft","17":"product_tag-steel-bender","18":"product_tag-steel-scroll-bender","19":"product_tag-wrought-iron-equiment","20":"product_tag-wrought-iron-metal-scroll-bender","22":"first","23":"instock","24":"shipping-taxable","25":"product-type-simple","26":"entry","27":"content-bg","28":"loop-entry"},"_links":{"self":[{"href":"https:\/\/zzlcmachinery.com\/sk\/wp-json\/wp\/v2\/product\/748","targetHints":{"allow":["GET"]}}],"collection":[{"href":"https:\/\/zzlcmachinery.com\/sk\/wp-json\/wp\/v2\/product"}],"about":[{"href":"https:\/\/zzlcmachinery.com\/sk\/wp-json\/wp\/v2\/types\/product"}],"version-history":[{"count":0,"href":"https:\/\/zzlcmachinery.com\/sk\/wp-json\/wp\/v2\/product\/748\/revisions"}],"wp:featuredmedia":[{"embeddable":true,"href":"https:\/\/zzlcmachinery.com\/sk\/wp-json\/wp\/v2\/media\/752"}],"wp:attachment":[{"href":"https:\/\/zzlcmachinery.com\/sk\/wp-json\/wp\/v2\/media?parent=748"}],"wp:term":[{"taxonomy":"product_brand","embeddable":true,"href":"https:\/\/zzlcmachinery.com\/sk\/wp-json\/wp\/v2\/product_brand?post=748"},{"taxonomy":"product_cat","embeddable":true,"href":"https:\/\/zzlcmachinery.com\/sk\/wp-json\/wp\/v2\/product_cat?post=748"},{"taxonomy":"product_tag","embeddable":true,"href":"https:\/\/zzlcmachinery.com\/sk\/wp-json\/wp\/v2\/product_tag?post=748"}],"curies":[{"name":"wp","href":"https:\/\/api.w.org\/{rel}","templated":true}]}}