{"id":741,"date":"2022-10-31T00:04:18","date_gmt":"2022-10-30T16:04:18","guid":{"rendered":"https:\/\/zzlcmachinery.com\/?post_type=product&#038;p=741"},"modified":"2022-11-22T15:20:15","modified_gmt":"2022-11-22T07:20:15","slug":"lc-w3-manual-metal-craft-scroll-bender","status":"publish","type":"product","link":"https:\/\/zzlcmachinery.com\/sk\/produkt\/lc-w3-manual-metal-craft-scroll-bender\/","title":{"rendered":"LC-W3 Manu\u00e1lna kovov\u00e1 remeseln\u00e1 zvitkov\u00e1 oh\u00fdba\u010dka"},"content":{"rendered":"","protected":false},"excerpt":{"rendered":"<p>LC-W3 Manual Metal Craft Scroll Bender, prostredn\u00edctvom technickej integr\u00e1cie a \u00fapravy, t\u00e1to ru\u010dn\u00e1 oh\u00fdba\u010dka sp\u00e1ja viacero origin\u00e1lnych ru\u010dn\u00fdch oh\u00fdba\u010diek do multifunk\u010dn\u00e9ho ru\u010dn\u00e9ho oh\u00fdbacieho stroja, ktor\u00fd sa zmenil z p\u00f4vodnej malej spracovate\u013eskej kapacity na spracovate\u013esk\u00fa kapacitu, ktor\u00e1 je teraz schopn\u00e1 by\u0165 porovnate\u013en\u00e9 s elektrick\u00fdmi strojmi. Zlep\u0161ite presnos\u0165 a pevnos\u0165 produktu a existuj\u00fa pr\u00edru\u010dky, formy zariaden\u00ed a formy elektrick\u00fdch oh\u00fdbac\u00edch strojov, ktor\u00e9 s\u00fa be\u017en\u00e9, \u013eahko ovl\u00e1date\u013en\u00e9, energeticky \u00fasporn\u00e9 a \u0161etrn\u00e9 k \u017eivotn\u00e9mu prostrediu.<br \/>\nTento produkt m\u00f4\u017ee spracova\u0165 \u0161tvorcov\u00fa oce\u013e, \u0161tvorcov\u00fa r\u00farku, ploch\u00e9 \u017eelezo, okr\u00fahlu oce\u013e, okr\u00fahlu r\u00farku v tvare P, S, C, tieto vzory m\u00f4\u017eu by\u0165 \u0161iroko pou\u017e\u00edvan\u00e9 pri spracovan\u00ed, br\u00e1ny, schody, ploty, kovan\u00fd n\u00e1bytok at\u010f. Ru\u010dn\u00e9 oh\u00fdbanie stroj je ur\u010dite dobrou vo\u013ebou pre po\u010diato\u010dn\u00fa f\u00e1zu kov\u00e1\u010dskej kari\u00e9ry.<br \/>\n24-hodinov\u00e1 online slu\u017eba, dajte n\u00e1m vedie\u0165, ak m\u00e1te nejak\u00e9 ot\u00e1zky!<br \/>\n<strong>TECHNICK\u00dd PARAMETER<br \/>\n<\/strong><strong>Model: LC-W5<br \/>\n\u017dehli\u010dka:<\/strong>\u2264 30 * 5 mm<br \/>\n<strong>Okr\u00fahla oce\u013e:<\/strong> \u2264\u03c610 mm<br \/>\n<strong>\u0160tvorcov\u00e1 oce\u013e:<\/strong>\u2264 10 * 10 mm<br \/>\n<strong>Moc:<\/strong> Manu\u00e1lny<br \/>\n<strong>Rozmer balenia:<\/strong> 500 \u00d7 500 \u00d7 500 mm<br \/>\n<strong>NW (kg):<\/strong>40<br \/>\n<strong>GW (kg):<\/strong>45<\/p>","protected":false},"featured_media":743,"template":"","meta":{"_kad_post_transparent":"default","_kad_post_title":"","_kad_post_layout":"default","_kad_post_sidebar_id":"","_kad_post_content_style":"default","_kad_post_vertical_padding":"default","_kad_post_feature":"","_kad_post_feature_position":"","_kad_post_header":false,"_kad_post_footer":false},"product_brand":[],"product_cat":[33,34],"product_tag":[253,248,258,247,246,245,244,251,250,254,72,249,252,255,256,257],"class_list":{"0":"post-741","1":"product","2":"type-product","3":"status-publish","4":"has-post-thumbnail","6":"product_cat-manual-wrounght-iron-processing-tools","7":"product_cat-manual-scroll-bender","8":"product_tag-buy-wrought-iron-scroll-bender","9":"product_tag-diy-metal-scroll-bender-2022","10":"product_tag-ellsen-wrought-iron-machinery-factory","11":"product_tag-homemade-metal-scroll-bender-iron-projects","12":"product_tag-how-to-make-a-scroll-bender","13":"product_tag-manual-metal-craft-scroll-bender","14":"product_tag-manual-ornamental-iron-scroll-bender-tools","15":"product_tag-metal-bender-machine","16":"product_tag-metal-craft-bending-tools-ornametal-scroll-bender","17":"product_tag-metal-craft-hand-tools","18":"product_tag-metal-scroll-bender","19":"product_tag-metalcraft-scroll-bender","20":"product_tag-scroll-bender-manual","21":"product_tag-scroll-bender-product","22":"product_tag-scroll-benders-metal-tool-bender-machine","23":"product_tag-scrolls-fabrication-metalcraft","25":"first","26":"instock","27":"shipping-taxable","28":"product-type-simple","29":"entry","30":"content-bg","31":"loop-entry"},"_links":{"self":[{"href":"https:\/\/zzlcmachinery.com\/sk\/wp-json\/wp\/v2\/product\/741","targetHints":{"allow":["GET"]}}],"collection":[{"href":"https:\/\/zzlcmachinery.com\/sk\/wp-json\/wp\/v2\/product"}],"about":[{"href":"https:\/\/zzlcmachinery.com\/sk\/wp-json\/wp\/v2\/types\/product"}],"version-history":[{"count":0,"href":"https:\/\/zzlcmachinery.com\/sk\/wp-json\/wp\/v2\/product\/741\/revisions"}],"wp:featuredmedia":[{"embeddable":true,"href":"https:\/\/zzlcmachinery.com\/sk\/wp-json\/wp\/v2\/media\/743"}],"wp:attachment":[{"href":"https:\/\/zzlcmachinery.com\/sk\/wp-json\/wp\/v2\/media?parent=741"}],"wp:term":[{"taxonomy":"product_brand","embeddable":true,"href":"https:\/\/zzlcmachinery.com\/sk\/wp-json\/wp\/v2\/product_brand?post=741"},{"taxonomy":"product_cat","embeddable":true,"href":"https:\/\/zzlcmachinery.com\/sk\/wp-json\/wp\/v2\/product_cat?post=741"},{"taxonomy":"product_tag","embeddable":true,"href":"https:\/\/zzlcmachinery.com\/sk\/wp-json\/wp\/v2\/product_tag?post=741"}],"curies":[{"name":"wp","href":"https:\/\/api.w.org\/{rel}","templated":true}]}}