{"id":735,"date":"2022-10-30T23:50:58","date_gmt":"2022-10-30T15:50:58","guid":{"rendered":"https:\/\/zzlcmachinery.com\/?post_type=product&#038;p=735"},"modified":"2023-02-09T20:03:43","modified_gmt":"2023-02-09T12:03:43","slug":"lc-hd14pro-electric-multifunction-wrought-iron-ornamental-scroll-bender","status":"publish","type":"product","link":"https:\/\/zzlcmachinery.com\/sk\/produkt\/lc-hd14pro-electric-multifunction-wrought-iron-ornamental-scroll-bender\/","title":{"rendered":"Elektrick\u00e1 multifunk\u010dn\u00e1 oh\u00fdba\u010dka z tepan\u00e9ho \u017eeleza LC-HD14Pro"},"content":{"rendered":"","protected":false},"excerpt":{"rendered":"<p>LC-HD14Pro elektrick\u00e1 multifunk\u010dn\u00e1 oh\u00fdba\u010dka z tepan\u00e9ho \u017eeleza,<br \/>\nprostredn\u00edctvom technickej integr\u00e1cie a \u00fapravy t\u00e1to ru\u010dn\u00e1 oh\u00fdba\u010dka sp\u00e1ja viacero origin\u00e1lnych ru\u010dn\u00fdch oh\u00fdba\u010diek do multifunk\u010dnej ru\u010dnej oh\u00fdba\u010dky, ktor\u00e1 sa z p\u00f4vodnej malej spracovate\u013eskej kapacity zmenila na spracovate\u013esk\u00fa kapacitu, ktor\u00e1 je teraz porovnate\u013en\u00e1 s kapacitou elektrick\u00fdch strojov. Zlep\u0161ite presnos\u0165 a pevnos\u0165 produktu a existuj\u00fa pr\u00edru\u010dky, formy zariaden\u00ed a formy elektrick\u00fdch oh\u00fdbac\u00edch strojov, ktor\u00e9 s\u00fa be\u017en\u00e9, \u013eahko ovl\u00e1date\u013en\u00e9, energeticky \u00fasporn\u00e9 a \u0161etrn\u00e9 k \u017eivotn\u00e9mu prostrediu.<br \/>\nTento produkt m\u00f4\u017ee spracova\u0165 \u0161tvorcov\u00fa oce\u013e, \u0161tvorcov\u00fa r\u00farku, ploch\u00e9 \u017eelezo, okr\u00fahlu oce\u013e, okr\u00fahlu r\u00farku v tvare P, S, C, tieto vzory m\u00f4\u017eu by\u0165 \u0161iroko pou\u017e\u00edvan\u00e9 pri spracovan\u00ed, br\u00e1ny, schody, ploty, kovan\u00fd n\u00e1bytok at\u010f. Ru\u010dn\u00e9 oh\u00fdbanie stroj je ur\u010dite dobrou vo\u013ebou pre po\u010diato\u010dn\u00fa f\u00e1zu kov\u00e1\u010dskej kari\u00e9ry.<br \/>\n24-hodinov\u00e1 online slu\u017eba, dajte n\u00e1m vedie\u0165, ak m\u00e1te nejak\u00e9 ot\u00e1zky!<br \/>\n<strong>TECHNICK\u00dd PARAMETER<br \/>\n<\/strong><strong>Model: LC-HD14Pro<br \/>\n\u017dehli\u010dka:<\/strong>\u2264 30 * 6 mm<br \/>\n<strong>Okr\u00fahla oce\u013e:<\/strong> \u2264\u03c614 mm<br \/>\n<strong>\u0160tvorcov\u00e1 oce\u013e:<\/strong>\u2264 14 * 14 mm<br \/>\n<strong>\u0160tvorcov\u00e1 trubica:<\/strong>\u2264 14 * 14 mm<br \/>\n<strong>Okr\u00fahla r\u00farka:<\/strong>\u2264\u03c619 mm<br \/>\n<strong>Moc:<\/strong> Manu\u00e1lny<br \/>\n<strong>Rozmer balenia:<\/strong> 600 \u00d7 600 \u00d7 600 mm<br \/>\n<strong>NW (kg):<\/strong>50<br \/>\n<strong>GW (kg):<\/strong>55<\/p>","protected":false},"featured_media":736,"template":"","meta":{"_kad_post_transparent":"default","_kad_post_title":"","_kad_post_layout":"default","_kad_post_sidebar_id":"","_kad_post_content_style":"default","_kad_post_vertical_padding":"default","_kad_post_feature":"","_kad_post_feature_position":"","_kad_post_header":false,"_kad_post_footer":false},"product_brand":[],"product_cat":[33,27,34],"product_tag":[232,235,243,49,242,182,234,240,241,239,238,185,192,194,189,111,176,193],"class_list":{"0":"post-735","1":"product","2":"type-product","3":"status-publish","4":"has-post-thumbnail","6":"product_cat-manual-wrounght-iron-processing-tools","7":"product_cat-electric-scroll-bending-machine","8":"product_cat-manual-scroll-bender","9":"product_tag-buy-metal-scroll-bender","10":"product_tag-buy-metal-tube-bender-with-free-dies","11":"product_tag-buy-scroll-bending-machine","12":"product_tag-electric-scroll-bending-machine","13":"product_tag-electric-wrought-iron-scroll-bender-making-machine","14":"product_tag-iron-pattern-bender","15":"product_tag-metal-tube-bender","16":"product_tag-mutifunction-ornamental-iron-tube-scroll-bending-machine-for-sale","17":"product_tag-ornamental-scroll","18":"product_tag-scroll-bender-machine-for-flat-iron-round-pipe-square-steel-square-tube","19":"product_tag-scroll-bender-tools","20":"product_tag-scroll-bending-machine-for-sale","21":"product_tag-scroll-making-machine","22":"product_tag-scroll-pattern-bender-equipment","23":"product_tag-scroll-pattern-bending-machine","24":"product_tag-wrought-iron-machine","25":"product_tag-wrought-iron-scroll-bender-for-sale","26":"product_tag-wrought-iron-scrolling-bending-machine","28":"first","29":"instock","30":"shipping-taxable","31":"product-type-simple","32":"entry","33":"content-bg","34":"loop-entry"},"_links":{"self":[{"href":"https:\/\/zzlcmachinery.com\/sk\/wp-json\/wp\/v2\/product\/735","targetHints":{"allow":["GET"]}}],"collection":[{"href":"https:\/\/zzlcmachinery.com\/sk\/wp-json\/wp\/v2\/product"}],"about":[{"href":"https:\/\/zzlcmachinery.com\/sk\/wp-json\/wp\/v2\/types\/product"}],"version-history":[{"count":0,"href":"https:\/\/zzlcmachinery.com\/sk\/wp-json\/wp\/v2\/product\/735\/revisions"}],"wp:featuredmedia":[{"embeddable":true,"href":"https:\/\/zzlcmachinery.com\/sk\/wp-json\/wp\/v2\/media\/736"}],"wp:attachment":[{"href":"https:\/\/zzlcmachinery.com\/sk\/wp-json\/wp\/v2\/media?parent=735"}],"wp:term":[{"taxonomy":"product_brand","embeddable":true,"href":"https:\/\/zzlcmachinery.com\/sk\/wp-json\/wp\/v2\/product_brand?post=735"},{"taxonomy":"product_cat","embeddable":true,"href":"https:\/\/zzlcmachinery.com\/sk\/wp-json\/wp\/v2\/product_cat?post=735"},{"taxonomy":"product_tag","embeddable":true,"href":"https:\/\/zzlcmachinery.com\/sk\/wp-json\/wp\/v2\/product_tag?post=735"}],"curies":[{"name":"wp","href":"https:\/\/api.w.org\/{rel}","templated":true}]}}