{"id":727,"date":"2022-10-30T20:46:07","date_gmt":"2022-10-30T12:46:07","guid":{"rendered":"https:\/\/zzlcmachinery.com\/?post_type=product&#038;p=727"},"modified":"2022-11-22T15:27:33","modified_gmt":"2022-11-22T07:27:33","slug":"lc-hd14-multifunction-wrought-iron-ornamental-scroll-bender","status":"publish","type":"product","link":"https:\/\/zzlcmachinery.com\/sk\/produkt\/lc-hd14-multifunction-wrought-iron-ornamental-scroll-bender\/","title":{"rendered":"LC-HD14 Manu\u00e1lna dom\u00e1ca oh\u00fdba\u010dka kovovej remeselnej v\u00fdroby"},"content":{"rendered":"","protected":false},"excerpt":{"rendered":"<p>LC-HD14 ru\u010dn\u00e1 kovov\u00e1 remeseln\u00e1 dom\u00e1ca \u0161pir\u00e1lov\u00e1 oh\u00fdba\u010dka, prostredn\u00edctvom technickej integr\u00e1cie a \u00fapravy, t\u00e1to ru\u010dn\u00e1 oh\u00fdba\u010dka sp\u00e1ja viacero origin\u00e1lnych ru\u010dn\u00fdch oh\u00fdba\u010diek do multifunk\u010dn\u00e9ho ru\u010dn\u00e9ho oh\u00fdbacieho stroja, ktor\u00fd sa zmenil z p\u00f4vodnej malej spracovate\u013eskej kapacity na spracovate\u013esk\u00fa kapacitu, ktor\u00e1 dok\u00e1\u017ee s\u00fa teraz porovnate\u013en\u00e9 s elektrick\u00fdmi strojmi. Zlep\u0161ite presnos\u0165 a pevnos\u0165 produktu a existuj\u00fa pr\u00edru\u010dky, formy zariaden\u00ed a formy elektrick\u00fdch oh\u00fdbac\u00edch strojov, ktor\u00e9 s\u00fa be\u017en\u00e9, \u013eahko ovl\u00e1date\u013en\u00e9, energeticky \u00fasporn\u00e9 a \u0161etrn\u00e9 k \u017eivotn\u00e9mu prostrediu.<br \/>\nTento produkt m\u00f4\u017ee spracova\u0165 \u0161tvorcov\u00fa oce\u013e, \u0161tvorcov\u00fa r\u00farku, ploch\u00e9 \u017eelezo, okr\u00fahlu oce\u013e, okr\u00fahlu r\u00farku v tvare P, S, C, tieto vzory m\u00f4\u017eu by\u0165 \u0161iroko pou\u017e\u00edvan\u00e9 pri spracovan\u00ed, br\u00e1ny, schody, ploty, kovan\u00fd n\u00e1bytok at\u010f. Ru\u010dn\u00e9 oh\u00fdbanie stroj je ur\u010dite dobrou vo\u013ebou pre po\u010diato\u010dn\u00fa f\u00e1zu kov\u00e1\u010dskej kari\u00e9ry.<br \/>\n24-hodinov\u00e1 online slu\u017eba, dajte n\u00e1m vedie\u0165, ak m\u00e1te nejak\u00e9 ot\u00e1zky!<br \/>\n<strong>TECHNICK\u00dd PARAMETER<br \/>\n<\/strong><strong>Model: LC-HD14<br \/>\n\u017dehli\u010dka:<\/strong>\u2264 30 * 6 mm<br \/>\n<strong>Okr\u00fahla oce\u013e:<\/strong> \u2264\u03c614 mm<br \/>\n<strong>\u0160tvorcov\u00e1 oce\u013e:<\/strong>\u2264 14 * 14 mm<br \/>\n<strong>\u0160tvorcov\u00e1 trubica:<\/strong>\u2264 14 * 14 mm<br \/>\n<strong>Okr\u00fahla r\u00farka:<\/strong>\u2264\u03c619 mm<br \/>\n<strong>Moc:<\/strong> Manu\u00e1lny<br \/>\n<strong>Rozmer balenia:<\/strong> 600 \u00d7 600 \u00d7 600 mm<br \/>\n<strong>NW (kg):<\/strong>50<br \/>\n<strong>GW (kg):<\/strong>55<\/p>","protected":false},"featured_media":729,"template":"","meta":{"_kad_post_transparent":"default","_kad_post_title":"","_kad_post_layout":"default","_kad_post_sidebar_id":"","_kad_post_content_style":"default","_kad_post_vertical_padding":"default","_kad_post_feature":"","_kad_post_feature_position":"","_kad_post_header":false,"_kad_post_footer":false},"product_brand":[],"product_cat":[33,34],"product_tag":[232,235,49,182,237,236,231,233,234,238,185,192,194,189,111,193],"class_list":{"0":"post-727","1":"product","2":"type-product","3":"status-publish","4":"has-post-thumbnail","6":"product_cat-manual-wrounght-iron-processing-tools","7":"product_cat-manual-scroll-bender","8":"product_tag-buy-metal-scroll-bender","9":"product_tag-buy-metal-tube-bender-with-free-dies","10":"product_tag-electric-scroll-bending-machine","11":"product_tag-iron-pattern-bender","12":"product_tag-manual-metal-craft-homemade-scroll-bender","13":"product_tag-manual-metal-craft-tools-for-sale","14":"product_tag-manual-metal-scroll-bender","15":"product_tag-manual-metal-scroll-wrought-iron-craft-bending","16":"product_tag-metal-tube-bender","17":"product_tag-scroll-bender-tools","18":"product_tag-scroll-bending-machine-for-sale","19":"product_tag-scroll-making-machine","20":"product_tag-scroll-pattern-bender-equipment","21":"product_tag-scroll-pattern-bending-machine","22":"product_tag-wrought-iron-machine","23":"product_tag-wrought-iron-scrolling-bending-machine","25":"first","26":"instock","27":"shipping-taxable","28":"product-type-simple","29":"entry","30":"content-bg","31":"loop-entry"},"_links":{"self":[{"href":"https:\/\/zzlcmachinery.com\/sk\/wp-json\/wp\/v2\/product\/727","targetHints":{"allow":["GET"]}}],"collection":[{"href":"https:\/\/zzlcmachinery.com\/sk\/wp-json\/wp\/v2\/product"}],"about":[{"href":"https:\/\/zzlcmachinery.com\/sk\/wp-json\/wp\/v2\/types\/product"}],"version-history":[{"count":0,"href":"https:\/\/zzlcmachinery.com\/sk\/wp-json\/wp\/v2\/product\/727\/revisions"}],"wp:featuredmedia":[{"embeddable":true,"href":"https:\/\/zzlcmachinery.com\/sk\/wp-json\/wp\/v2\/media\/729"}],"wp:attachment":[{"href":"https:\/\/zzlcmachinery.com\/sk\/wp-json\/wp\/v2\/media?parent=727"}],"wp:term":[{"taxonomy":"product_brand","embeddable":true,"href":"https:\/\/zzlcmachinery.com\/sk\/wp-json\/wp\/v2\/product_brand?post=727"},{"taxonomy":"product_cat","embeddable":true,"href":"https:\/\/zzlcmachinery.com\/sk\/wp-json\/wp\/v2\/product_cat?post=727"},{"taxonomy":"product_tag","embeddable":true,"href":"https:\/\/zzlcmachinery.com\/sk\/wp-json\/wp\/v2\/product_tag?post=727"}],"curies":[{"name":"wp","href":"https:\/\/api.w.org\/{rel}","templated":true}]}}