{"id":708,"date":"2022-10-29T23:52:18","date_gmt":"2022-10-29T15:52:18","guid":{"rendered":"https:\/\/zzlcmachinery.com\/?post_type=product&#038;p=708"},"modified":"2022-11-22T15:31:38","modified_gmt":"2022-11-22T07:31:38","slug":"lc-jkdn25c-wrought-iron-metal-twisting-machine","status":"publish","type":"product","link":"https:\/\/zzlcmachinery.com\/sk\/produkt\/lc-jkdn25c-wrought-iron-metal-twisting-machine\/","title":{"rendered":"LC-JKDN25C skr\u00facac\u00ed stroj z tepan\u00e9ho \u017eeleza"},"content":{"rendered":"","protected":false},"excerpt":{"rendered":"<p>Kovov\u00fd z\u00e1krut LC-JKDN25C je d\u00f4le\u017eit\u00fd stroj na v\u00fdrobu br\u00e1n, plotov, z\u00e1bradl\u00ed, schod\u00edsk, n\u00e1bytku, \u017eelezn\u00fdch postel\u00ed, stoli\u010diek a stolov, kovan\u00fdch \u017eelezn\u00fdch ty\u010d\u00ed, dielov, hl\u00e1v girlandy pre kov\u00e1\u010da. Kr\u00fatiaci stroj zdokona\u013euje technol\u00f3giu na b\u00e1ze p\u00f4vodn\u00e9ho elektrick\u00e9ho kr\u00fatiacieho stroja. Program stroja je automaticky opraven\u00fd, pri\u010dom v\u0161etky produkty zost\u00e1vaj\u00fa rovnak\u00e9, tak\u017ee m\u00f4\u017ee dosiahnu\u0165 \u00fa\u010del hromadnej v\u00fdroby, LC-JKDN25C tento stroj m\u00e1 iba funkciu kr\u00fatenia kr\u00fatenia.<br \/>\nPo vylep\u0161en\u00ed stroja. Tento stroj m\u00f4\u017ee vo\u013ene prep\u00edna\u0165 medzi navijakom a origin\u00e1lnym kon\u00edkom. Demontujte teleskopick\u00fa posuvn\u00fa ko\u013eajnicu oto\u010dn\u00e9ho zadn\u00e9ho sedadla a potom zatla\u010dte na mechanizmus kvetinov\u00e9ho ko\u0161a, aby ste ho spojili s p\u00f4vodnou z\u00e1suvkou, aby sa kvetinov\u00fd k\u00f4\u0161 oto\u010dil. Preto m\u00f4\u017eu z\u00e1kazn\u00edci o tomto stroji uva\u017eova\u0165, ke\u010f je rozpo\u010det obmedzen\u00fd, a ke\u010f je rozpo\u010det dostato\u010dn\u00fd, je mo\u017en\u00e9 formu doplni\u0165, aby z\u00edskali funkciu kr\u00fatiaceho stroja na kvetinov\u00e9 ko\u0161e.<br \/>\nNielen, \u017ee m\u00f4\u017eete skr\u00fati\u0165 tvar pracl\u00edka, m\u00f4\u017eete tie\u017e skr\u00fati\u0165 kvetinov\u00e9 ko\u0161e (vt\u00e1\u010die klietky).<br \/>\nForma sa dod\u00e1va so strojom a poskytuje 9 s\u00e1d foriem.<br \/>\n24-hodinov\u00e1 online slu\u017eba, dajte n\u00e1m vedie\u0165, ak m\u00e1te nejak\u00e9 ot\u00e1zky!<br \/>\n<strong>TECHNICK\u00dd PARAMETER<br \/>\n<\/strong><strong>Model: LC-JKDN25C<br \/>\nMaxim\u00e1lna pracovn\u00e1 schopnos\u0165:<\/strong> D\u013a\u017eka\u2264200-800 mm<br \/>\n<strong>\u0160tvorcov\u00e1 oce\u013e<\/strong> \u226425\u00d725 mm<br \/>\n<strong>Ploch\u00e1 \u017eehli\u010dka<\/strong> \u2264 80 x 10 mm<br \/>\n<strong>Moc:<\/strong> 5,2 kW<br \/>\n<strong>Za bezplatn\u00e9 kocky:<\/strong>6 s\u00e1d \u0161tvorcov\u00fdch oce\u013eov\u00fdch matr\u00edc, 3 sady ploch\u00fdch matr\u00edc<br \/>\n<strong>Nap\u00e4tie:<\/strong>\u00a0220V\/380V\/415V<br \/>\n<strong>Rozmer balenia:<\/strong> 1400 \u00d7 620 \u00d7 1100 mm<br \/>\n<strong>NW (kg):<\/strong> 480\u00a0 \u00a0 \u00a0 <strong>GW (kg):<\/strong> 550<\/p>","protected":false},"featured_media":721,"template":"","meta":{"_kad_post_transparent":"default","_kad_post_title":"","_kad_post_layout":"default","_kad_post_sidebar_id":"","_kad_post_content_style":"default","_kad_post_vertical_padding":"default","_kad_post_feature":"","_kad_post_feature_position":"","_kad_post_header":false,"_kad_post_footer":false},"product_brand":[],"product_cat":[20,29],"product_tag":[196,230,229,204,197,209],"class_list":{"0":"post-708","1":"product","2":"type-product","3":"status-publish","4":"has-post-thumbnail","6":"product_cat-wrought-iron-twisting-machine","7":"product_cat-electric-wrought-iron-processing-machine","8":"product_tag-automatic-wrought-iron-twisting-machine","9":"product_tag-electric-metal-twisting-machine","10":"product_tag-finished-product-of-wrought-iron-twisting-machine","11":"product_tag-multifunctional-wrought-iron-machine","12":"product_tag-twisting-machine-at-best-price-in-china","13":"product_tag-wrought-iron-twist-machine","15":"first","16":"instock","17":"shipping-taxable","18":"product-type-simple","19":"entry","20":"content-bg","21":"loop-entry"},"_links":{"self":[{"href":"https:\/\/zzlcmachinery.com\/sk\/wp-json\/wp\/v2\/product\/708","targetHints":{"allow":["GET"]}}],"collection":[{"href":"https:\/\/zzlcmachinery.com\/sk\/wp-json\/wp\/v2\/product"}],"about":[{"href":"https:\/\/zzlcmachinery.com\/sk\/wp-json\/wp\/v2\/types\/product"}],"version-history":[{"count":0,"href":"https:\/\/zzlcmachinery.com\/sk\/wp-json\/wp\/v2\/product\/708\/revisions"}],"wp:featuredmedia":[{"embeddable":true,"href":"https:\/\/zzlcmachinery.com\/sk\/wp-json\/wp\/v2\/media\/721"}],"wp:attachment":[{"href":"https:\/\/zzlcmachinery.com\/sk\/wp-json\/wp\/v2\/media?parent=708"}],"wp:term":[{"taxonomy":"product_brand","embeddable":true,"href":"https:\/\/zzlcmachinery.com\/sk\/wp-json\/wp\/v2\/product_brand?post=708"},{"taxonomy":"product_cat","embeddable":true,"href":"https:\/\/zzlcmachinery.com\/sk\/wp-json\/wp\/v2\/product_cat?post=708"},{"taxonomy":"product_tag","embeddable":true,"href":"https:\/\/zzlcmachinery.com\/sk\/wp-json\/wp\/v2\/product_tag?post=708"}],"curies":[{"name":"wp","href":"https:\/\/api.w.org\/{rel}","templated":true}]}}