{"id":707,"date":"2022-10-29T23:51:51","date_gmt":"2022-10-29T15:51:51","guid":{"rendered":"https:\/\/zzlcmachinery.com\/?post_type=product&#038;p=707"},"modified":"2022-11-22T15:34:49","modified_gmt":"2022-11-22T07:34:49","slug":"lc-jkdn25e-electric-8-wires-basket-twisting-machine-iron-craft-bird-cage-making-machine-wrought-iron-machine","status":"publish","type":"product","link":"https:\/\/zzlcmachinery.com\/sk\/produkt\/lc-jkdn25e-electric-8-wires-basket-twisting-machine-iron-craft-bird-cage-making-machine-wrought-iron-machine\/","title":{"rendered":"LC-JKDN25E Elektrick\u00fd 8 dr\u00f4tov\u00fd k\u00f4\u0161 na skr\u00facanie stroja na v\u00fdrobu \u017eelezn\u00fdch klietok na v\u00fdrobu klietok"},"content":{"rendered":"","protected":false},"excerpt":{"rendered":"<p>LC-JKDN25E Elektrick\u00fd 8-vodi\u010dov\u00fd stroj na kr\u00fatenie ko\u0161ov \u017eelezn\u00fd remeseln\u00fd stroj na v\u00fdrobu vt\u00e1\u010d\u00edch klietok stroj na v\u00fdrobu tepan\u00e9ho \u017eeleza je profesion\u00e1lny n\u00e1stroj na spracovanie kovov \u0161peci\u00e1lne pou\u017e\u00edvan\u00fd na spracovanie viacdr\u00f4tov\u00fdch vt\u00e1\u010d\u00edch klietok. Dok\u00e1\u017ee spracova\u0165 8-dr\u00f4tov\u00e9 kvetinov\u00e9 ko\u0161e, 4-dr\u00f4tov\u00e9 kvetinov\u00e9 ko\u0161e a 12-dr\u00f4tov\u00e9 kvetinov\u00e9 ko\u0161e (12-dr\u00f4tov\u00e9 kvetinov\u00e9 ko\u0161e ako prisp\u00f4sobite\u013en\u00e1 mo\u017enos\u0165 pre z\u00e1kazn\u00edkov). Po\u010das spracovania je potrebn\u00e9 najsk\u00f4r spracova\u0165 4 alebo 8 dr\u00f4tov materi\u00e1lu: Pred spracovan\u00edm je potrebn\u00e9 zvari\u0165 dva konce materi\u00e1lu.<br \/>\nNajm\u00e4 v\u00fdroba 8-dr\u00f4tov\u00fdch kvetinov\u00fdch ko\u0161ov mus\u00ed by\u0165 pred spracovan\u00edm kalcinovan\u00e1 a ochladen\u00e1 a hotov\u00fd v\u00fdrobok je vynikaj\u00faci. Maxim\u00e1lny priemer spracovania tohto stroja je 25 mm \u0161tvorcovej ocele. Maxim\u00e1lna kapacita spracovania tohto stroja je 12 radov kvetinov\u00fdch ko\u0161ov. Stroj n\u00e1hodne poskytuje vo\u013en\u00e9 formy. 5 s\u00e1d foriem na kvetinov\u00e9 ko\u0161\u00edky je poskytovan\u00fdch bezplatne (vr\u00e1tane 8-dr\u00f4tov\u00e9ho ko\u0161\u00edka na kvety a 4-ko\u0161ov\u00e9ho ko\u0161\u00edka na kvety): Priemer matrice na spracovanie je 12 mm, 14 mm, 18 mm, 20 mm. 24 hod\u00edn online servis, dajte n\u00e1m vedie\u0165, \u010di m\u00e1te nejak\u00e9 ot\u00e1zky!<br \/>\n<strong>TECHNICK\u00dd PARAMETER<br \/>\n<\/strong><strong>Model: LC-JKDN25D<br \/>\nMaxim\u00e1lna pracovn\u00e1 schopnos\u0165:<\/strong> D\u013a\u017eka\u2264200-800 mm<br \/>\n<strong>\u0160tvorcov\u00e1 oce\u013e<\/strong> \u226425\u00d725 mm Okr\u00fahla oce\u013e: \u03a66 mm, \u03a68 mm<br \/>\n<strong>Ploch\u00e1 \u017eehli\u010dka<\/strong> \u2264 80 x 10 mm<br \/>\n<strong>Moc:<\/strong> 5,2 kW<br \/>\n<strong>Za bezplatn\u00e9 kocky:<\/strong>6 s\u00faprav \u0161tvorcov\u00fdch oce\u013eov\u00fdch razidiel, 3 sady ploch\u00fdch \u017eelezn\u00fdch razidiel, 5 s\u00e1d ko\u0161ov\u00fdch razidiel na kvety<br \/>\n<strong>Nap\u00e4tie:<\/strong>\u00a0220V\/380V\/415V<br \/>\n<strong>Rozmer balenia:<\/strong> 1400 \u00d7 620 \u00d7 1100 mm<br \/>\n<strong>NW (kg):<\/strong> 480\u00a0 \u00a0 \u00a0 <strong>GW (kg):<\/strong> 550<\/p>","protected":false},"featured_media":710,"template":"","meta":{"_kad_post_transparent":"default","_kad_post_title":"","_kad_post_layout":"default","_kad_post_sidebar_id":"","_kad_post_content_style":"default","_kad_post_vertical_padding":"default","_kad_post_feature":"","_kad_post_feature_position":"","_kad_post_header":false,"_kad_post_footer":false},"product_brand":[],"product_cat":[20,29],"product_tag":[214,223,221,228,212,210,226,219,211,225,216,220,222,218,227,224,213,215,111,217],"class_list":{"0":"post-707","1":"product","2":"type-product","3":"status-publish","4":"has-post-thumbnail","6":"product_cat-wrought-iron-twisting-machine","7":"product_cat-electric-wrought-iron-processing-machine","8":"product_tag-basket-maker","9":"product_tag-basket-twister","10":"product_tag-buy-basket-making-tool","11":"product_tag-buy-used-wrought-iron-machines","12":"product_tag-electric-4-wires-basket-twisting-machine","13":"product_tag-electric-8-wires-basket-making-machine","14":"product_tag-ellsen-metalcraft-machinery","15":"product_tag-ellsen-ornamental-wrought-iron","16":"product_tag-iron-craft-bird-cage-making-machine","17":"product_tag-metal-bar-twisting-basket-making-machine","18":"product_tag-metal-craft-basket-making-machine","19":"product_tag-metal-craft-making-attachemnt-steel-twister-tool","20":"product_tag-metal-craft-twister-tool","21":"product_tag-metal-twisting-machine","22":"product_tag-metal-twisting-wrought-iron-machine-for-making-wire-basket","23":"product_tag-steel-basket-twist-tool","24":"product_tag-wire-twister-machine","25":"product_tag-wrought-iron-basket-machine","26":"product_tag-wrought-iron-machine","27":"product_tag-wrought-iron-twisting-machine-manufacturers","29":"first","30":"instock","31":"shipping-taxable","32":"product-type-simple","33":"entry","34":"content-bg","35":"loop-entry"},"_links":{"self":[{"href":"https:\/\/zzlcmachinery.com\/sk\/wp-json\/wp\/v2\/product\/707","targetHints":{"allow":["GET"]}}],"collection":[{"href":"https:\/\/zzlcmachinery.com\/sk\/wp-json\/wp\/v2\/product"}],"about":[{"href":"https:\/\/zzlcmachinery.com\/sk\/wp-json\/wp\/v2\/types\/product"}],"version-history":[{"count":0,"href":"https:\/\/zzlcmachinery.com\/sk\/wp-json\/wp\/v2\/product\/707\/revisions"}],"wp:featuredmedia":[{"embeddable":true,"href":"https:\/\/zzlcmachinery.com\/sk\/wp-json\/wp\/v2\/media\/710"}],"wp:attachment":[{"href":"https:\/\/zzlcmachinery.com\/sk\/wp-json\/wp\/v2\/media?parent=707"}],"wp:term":[{"taxonomy":"product_brand","embeddable":true,"href":"https:\/\/zzlcmachinery.com\/sk\/wp-json\/wp\/v2\/product_brand?post=707"},{"taxonomy":"product_cat","embeddable":true,"href":"https:\/\/zzlcmachinery.com\/sk\/wp-json\/wp\/v2\/product_cat?post=707"},{"taxonomy":"product_tag","embeddable":true,"href":"https:\/\/zzlcmachinery.com\/sk\/wp-json\/wp\/v2\/product_tag?post=707"}],"curies":[{"name":"wp","href":"https:\/\/api.w.org\/{rel}","templated":true}]}}