{"id":687,"date":"2022-10-28T18:36:53","date_gmt":"2022-10-28T10:36:53","guid":{"rendered":"https:\/\/zzlcmachinery.com\/?post_type=product&#038;p=687"},"modified":"2022-10-30T18:14:10","modified_gmt":"2022-10-30T10:14:10","slug":"lc-jkdn25d-muliti-function-wrought-iron-metal-twisting-machine-design-for-sale","status":"publish","type":"product","link":"https:\/\/zzlcmachinery.com\/sk\/produkt\/lc-jkdn25d-muliti-function-wrought-iron-metal-twisting-machine-design-for-sale\/","title":{"rendered":"LC-JKDN25D Multifunk\u010dn\u00e1 kovan\u00e1 kovov\u00e1 skr\u00faten\u00e1 kon\u0161trukcia na predaj"},"content":{"rendered":"","protected":false},"excerpt":{"rendered":"<p>LC-JKDN25D Muliti funk\u010dn\u00fd dizajn kovan\u00e9ho kovov\u00e9ho kr\u00fatiaceho stroja na predaj je najuniverz\u00e1lnej\u0161\u00ed kovov\u00fd kr\u00fatiaci stroj, ktor\u00fd dok\u00e1\u017ee skr\u00fati\u0165 ploch\u00e9 \u017eelezo, \u0161tvorcov\u00fa oce\u013e, okr\u00fahlu oce\u013e a \u0161tvorcov\u00fa r\u00farku. Dok\u00e1\u017ee nielen spracova\u0165 kovov\u00e9 materi\u00e1ly do tvaru kr\u00fatenia, ale aj skr\u00fati\u0165 viac \u0161tvorcov\u00fdch ocel\u00ed alebo gu\u013eat\u00fdch ocel\u00ed dohromady, aby vytvorili viacn\u00e1sobn\u00fd kvetinov\u00fd vzor Twist alebo ko\u0161\u00edka, ktor\u00fd v\u00fdrazne obohacuje spracovate\u013esk\u00fa umeleck\u00fa \u0161trukt\u00faru z\u00e1bradl\u00ed dver\u00ed a okien.<br \/>\nMaxim\u00e1lne m\u00f4\u017ee skr\u00fati\u0165 \u0161tvorcov\u00fa oce\u013e 25 x 25 mm, ploch\u00e9 \u017eelezo 30 x 8 mm, dok\u00e1\u017ee skr\u00fati\u0165 4 kusy kruhovej ocele \u03a612 mm, 4 kusy \u0161tvorcovej ocele 12 x 12 mm postupne do tvaru 4-ramenn\u00e9ho kvetinov\u00e9ho ko\u0161a.<br \/>\nK dispoz\u00edcii s\u00fa 4-pramenn\u00e9 ko\u0161\u00edky, 8-pramenn\u00e9 ko\u0161\u00edky a 12-pramenn\u00e9 ko\u0161\u00edky. Materi\u00e1ly spracov\u00e1van\u00e9 do ko\u0161\u00edka s\u00fa tie\u017e ve\u013emi be\u017en\u00e9 \u0161tvorcov\u00e9 ocele s rozmermi 4x4mm, 6x6mm, 7x7mm, 8x8mm a kruhov\u00e9 ocele s priemermi 6mm resp. 8 mm.<br \/>\nTento stroj n\u00e1hodne distribuuje 12 s\u00e1d foriem a formy na 8-vl\u00e1knov\u00e9 a 12-vl\u00e1knov\u00e9 kvetinov\u00e9 ko\u0161e si z\u00e1kazn\u00edci musia zak\u00fapi\u0165.<br \/>\n24-hodinov\u00e1 online slu\u017eba, dajte n\u00e1m vedie\u0165, ak m\u00e1te nejak\u00e9 ot\u00e1zky!<br \/>\n<strong>TECHNICK\u00dd PARAMETER<br \/>\n<\/strong><strong>Model: LC-JKDN25D<br \/>\nMaxim\u00e1lna pracovn\u00e1 schopnos\u0165:<\/strong> D\u013a\u017eka\u2264200-800 mm<br \/>\n<strong>\u0160tvorcov\u00e1 oce\u013e<\/strong> \u226425\u00d725 mm Okr\u00fahla oce\u013e: \u03a66 mm, \u03a68 mm<br \/>\n<strong>Ploch\u00e1 \u017eehli\u010dka<\/strong> \u2264 80 x 10 mm<br \/>\n<strong>Moc:<\/strong> 5,2 kW<br \/>\n<strong>Za bezplatn\u00e9 kocky:<\/strong>6 s\u00faprav \u0161tvorcov\u00fdch oce\u013eov\u00fdch razidiel, 3 sady ploch\u00fdch \u017eelezn\u00fdch razidiel, 4 sady 4-ramenn\u00fdch ko\u0161ov\u00fdch razidiel na kvety<br \/>\n<strong>Nap\u00e4tie:<\/strong>\u00a0220V\/380V\/415V<br \/>\n<strong>Rozmer balenia:<\/strong> 1400 \u00d7 620 \u00d7 1100 mm<br \/>\n<strong>NW (kg):<\/strong> 480\u00a0 \u00a0 \u00a0 <strong>GW (kg):<\/strong> 550<\/p>","protected":false},"featured_media":690,"template":"","meta":{"_kad_post_transparent":"default","_kad_post_title":"","_kad_post_layout":"default","_kad_post_sidebar_id":"","_kad_post_content_style":"default","_kad_post_vertical_padding":"default","_kad_post_feature":"","_kad_post_feature_position":"","_kad_post_header":false,"_kad_post_footer":false},"product_brand":[],"product_cat":[20,29],"product_tag":[207,208,196,198,206,202,205,200,204,203,197,199,201,209],"class_list":{"0":"post-687","1":"product","2":"type-product","3":"status-publish","4":"has-post-thumbnail","6":"product_cat-wrought-iron-twisting-machine","7":"product_cat-electric-wrought-iron-processing-machine","8":"product_tag-4-strand-flower-basket-electric-twisting-machine","9":"product_tag-8-strand-flower-basket-electric-twisting-machine","10":"product_tag-automatic-wrought-iron-twisting-machine","11":"product_tag-ellsen-wrought-iron-machine","12":"product_tag-flower-ball-twisting-machine-for-wrought-iron","13":"product_tag-high-quality-wrought-iron-twisting-machine","14":"product_tag-muliti-function-wrought-iron-metal-twisting-machine-design","15":"product_tag-multi-function-wrought-iron-machine-for-sale","16":"product_tag-multifunctional-wrought-iron-machine","17":"product_tag-twisting-machine","18":"product_tag-twisting-machine-at-best-price-in-china","19":"product_tag-twisting-machines","20":"product_tag-wrought-iron-metal-twisting-machine-for-sale","21":"product_tag-wrought-iron-twist-machine","23":"first","24":"instock","25":"shipping-taxable","26":"product-type-simple","27":"entry","28":"content-bg","29":"loop-entry"},"_links":{"self":[{"href":"https:\/\/zzlcmachinery.com\/sk\/wp-json\/wp\/v2\/product\/687","targetHints":{"allow":["GET"]}}],"collection":[{"href":"https:\/\/zzlcmachinery.com\/sk\/wp-json\/wp\/v2\/product"}],"about":[{"href":"https:\/\/zzlcmachinery.com\/sk\/wp-json\/wp\/v2\/types\/product"}],"version-history":[{"count":0,"href":"https:\/\/zzlcmachinery.com\/sk\/wp-json\/wp\/v2\/product\/687\/revisions"}],"wp:featuredmedia":[{"embeddable":true,"href":"https:\/\/zzlcmachinery.com\/sk\/wp-json\/wp\/v2\/media\/690"}],"wp:attachment":[{"href":"https:\/\/zzlcmachinery.com\/sk\/wp-json\/wp\/v2\/media?parent=687"}],"wp:term":[{"taxonomy":"product_brand","embeddable":true,"href":"https:\/\/zzlcmachinery.com\/sk\/wp-json\/wp\/v2\/product_brand?post=687"},{"taxonomy":"product_cat","embeddable":true,"href":"https:\/\/zzlcmachinery.com\/sk\/wp-json\/wp\/v2\/product_cat?post=687"},{"taxonomy":"product_tag","embeddable":true,"href":"https:\/\/zzlcmachinery.com\/sk\/wp-json\/wp\/v2\/product_tag?post=687"}],"curies":[{"name":"wp","href":"https:\/\/api.w.org\/{rel}","templated":true}]}}