{"id":670,"date":"2022-10-26T00:24:58","date_gmt":"2022-10-25T16:24:58","guid":{"rendered":"https:\/\/zzlcmachinery.com\/?post_type=product&#038;p=670"},"modified":"2022-11-22T15:47:14","modified_gmt":"2022-11-22T07:47:14","slug":"lc-jk30-program-controlled-pattern-bender-metal-scroll-bending-machine","status":"publish","type":"product","link":"https:\/\/zzlcmachinery.com\/sk\/produkt\/lc-jk30-program-controlled-pattern-bender-metal-scroll-bending-machine\/","title":{"rendered":"LC-JK30 Programom riaden\u00e1 oh\u00fdba\u010dka vzorov na oh\u00fdbanie kovov\u00fdch zvitkov"},"content":{"rendered":"","protected":false},"excerpt":{"rendered":"<p>LC-JK30 Programovo riaden\u00e1 oh\u00fdba\u010dka vzoru kovov\u00e1 \u0161pir\u00e1lov\u00e1 oh\u00fdba\u010dka je vrcholom kr\u00e1\u013ea medzi mnoh\u00fdmi modelmi \u0161pir\u00e1lovej oh\u00fdba\u010dky. Tento stroj m\u00e1 najv\u00e4\u010d\u0161\u00ed rozsah spracovania spomedzi v\u0161etk\u00fdch strojov rovnak\u00e9ho typu. M\u00f4\u017ee sa pou\u017ei\u0165 na spracovanie ploch\u00e9ho \u017eeleza, \u0161tvorcovej ocele, gu\u013eatej ocele, \u0161tvorcovej r\u00farky, gu\u013eatej r\u00farky a 6 s\u00faprav sa dod\u00e1va so strojom pri odoslan\u00ed stroja, t\u00fdchto 6 s\u00e1d matr\u00edc m\u00f4\u017ee vytv\u00e1ra\u0165 vzory P, S, C s maxim\u00e1lny priemer 50 cm. Z\u00e1kazn\u00edci si m\u00f4\u017eu prisp\u00f4sobi\u0165 formy pod\u013ea vlastn\u00fdch potrieb. Maxim\u00e1lny priemer formy je mo\u017en\u00e9 prisp\u00f4sobi\u0165 vzorom P, S, C je 100 cm.<br \/>\nStroj je vybaven\u00fd no\u017en\u00fdm sp\u00edna\u010dom. Prev\u00e1dzka je pohodln\u00e1 a r\u00fdchla a strojov\u00e9 u\u010denie sa r\u00fdchlo u\u010d\u00ed. Existuj\u00fa n\u00e1vody a prev\u00e1dzkov\u00e9 vide\u00e1, ktor\u00e9 sa mus\u00ed nau\u010di\u0165 ka\u017ed\u00fd kov\u00e1\u010d<br \/>\n24-hodinov\u00e1 online slu\u017eba, dajte n\u00e1m vedie\u0165, ak m\u00e1te nejak\u00e9 ot\u00e1zky!<br \/>\n<strong>TECHNICK\u00dd PARAMETER<br \/>\n<\/strong><strong>Model: LC-JK30<br \/>\n\u017dehli\u010dka:<\/strong>\u2264 80 x 20 mm<br \/>\n<strong>Okr\u00fahla oce\u013e:<\/strong> \u2264\u03c630 mm<br \/>\n<strong>\u0160tvorcov\u00e1 oce\u013e:<\/strong>\u2264 30 x 30 mm<br \/>\n<strong>\u0160tvorcov\u00e1 trubica:<\/strong>\u226440x40mm Hr\u00fabka \u0161tvorcovej r\u00farky\u22644mm<br \/>\n<strong>Okr\u00fahla r\u00farka:<\/strong>\u2264\u03c642mm Hr\u00fabka okr\u00fahlej r\u00fary\u22644mm<br \/>\n<strong>R\u00fdchlos\u0165 spracovania:<\/strong> 200 ks \/H<br \/>\n<strong>Moc:<\/strong> 5,5 kW<br \/>\n<strong>Nap\u00e4tie:<\/strong>\u00a0220V\/380V\/415V<br \/>\n<strong>Rozmer balenia:<\/strong> 1000\u00d71500\u00d71800 mm<br \/>\n<strong>NW (kg):<\/strong> 750<br \/>\n<strong>GW (kg):<\/strong> 800<\/p>","protected":false},"featured_media":683,"template":"","meta":{"_kad_post_transparent":"default","_kad_post_title":"","_kad_post_layout":"default","_kad_post_sidebar_id":"","_kad_post_content_style":"default","_kad_post_vertical_padding":"default","_kad_post_feature":"","_kad_post_feature_position":"","_kad_post_header":false,"_kad_post_footer":false},"product_brand":[],"product_cat":[29,27],"product_tag":[195,191,182,188,187,186,184,183,185,190,192,194,189,111,193],"class_list":{"0":"post-670","1":"product","2":"type-product","3":"status-publish","4":"has-post-thumbnail","6":"product_cat-electric-wrought-iron-processing-machine","7":"product_cat-electric-scroll-bending-machine","8":"product_tag-automatoic-metal-craft-scroll-bender-machine","9":"product_tag-buy-wrought-iron-scroll-bending-machines","10":"product_tag-iron-pattern-bender","11":"product_tag-make-a-metal-scroll-bender","12":"product_tag-metal-craft-scroll-bending-machine-for-sale","13":"product_tag-ornamental-iron-machines","14":"product_tag-program-controiied-scroll-bending-machine","15":"product_tag-program-controlled-pattern-bender-metal-scroll-bending-machine","16":"product_tag-scroll-bending-machine-for-sale","17":"product_tag-scroll-bending-mchinae-programmed-controlled-panels","18":"product_tag-scroll-making-machine","19":"product_tag-scroll-pattern-bender-equipment","20":"product_tag-scroll-pattern-bending-machine","21":"product_tag-wrought-iron-machine","22":"product_tag-wrought-iron-scrolling-bending-machine","24":"first","25":"instock","26":"shipping-taxable","27":"product-type-simple","28":"entry","29":"content-bg","30":"loop-entry"},"_links":{"self":[{"href":"https:\/\/zzlcmachinery.com\/sk\/wp-json\/wp\/v2\/product\/670","targetHints":{"allow":["GET"]}}],"collection":[{"href":"https:\/\/zzlcmachinery.com\/sk\/wp-json\/wp\/v2\/product"}],"about":[{"href":"https:\/\/zzlcmachinery.com\/sk\/wp-json\/wp\/v2\/types\/product"}],"version-history":[{"count":0,"href":"https:\/\/zzlcmachinery.com\/sk\/wp-json\/wp\/v2\/product\/670\/revisions"}],"wp:featuredmedia":[{"embeddable":true,"href":"https:\/\/zzlcmachinery.com\/sk\/wp-json\/wp\/v2\/media\/683"}],"wp:attachment":[{"href":"https:\/\/zzlcmachinery.com\/sk\/wp-json\/wp\/v2\/media?parent=670"}],"wp:term":[{"taxonomy":"product_brand","embeddable":true,"href":"https:\/\/zzlcmachinery.com\/sk\/wp-json\/wp\/v2\/product_brand?post=670"},{"taxonomy":"product_cat","embeddable":true,"href":"https:\/\/zzlcmachinery.com\/sk\/wp-json\/wp\/v2\/product_cat?post=670"},{"taxonomy":"product_tag","embeddable":true,"href":"https:\/\/zzlcmachinery.com\/sk\/wp-json\/wp\/v2\/product_tag?post=670"}],"curies":[{"name":"wp","href":"https:\/\/api.w.org\/{rel}","templated":true}]}}