{"id":664,"date":"2022-10-25T23:47:44","date_gmt":"2022-10-25T15:47:44","guid":{"rendered":"https:\/\/zzlcmachinery.com\/?post_type=product&#038;p=664"},"modified":"2022-11-22T15:50:34","modified_gmt":"2022-11-22T07:50:34","slug":"lc-jk16-diy-wrought-iron-flat-steel-scrolling-bending-machine-metal-scroll-bender","status":"publish","type":"product","link":"https:\/\/zzlcmachinery.com\/sk\/produkt\/lc-jk16-diy-wrought-iron-flat-steel-scrolling-bending-machine-metal-scroll-bender\/","title":{"rendered":"LC-JK16 Urob si s\u00e1m z tepan\u00e9ho \u017eeleza Rolovacia oh\u00fdba\u010dka plochej ocele Metal Scroll Bender"},"content":{"rendered":"","protected":false},"excerpt":{"rendered":"<p>LC-JK16 Urob si s\u00e1m oh\u00fdba\u010dka z ploch\u00e9ho oce\u013eov\u00e9ho plechu oh\u00fdba\u010dka kovovej \u0161pir\u00e1ly sa tie\u017e pou\u017e\u00edva na vytv\u00e1ranie umeleck\u00fdch kovan\u00fdch vzorov v tvare C, P, S, U a je navy\u0161e vybaven\u00e1 blokovan\u00edm \u03c650 mm, \u03c6, 30 mm, \u03c620 mm kolieska, ktor\u00e9 s\u00fa vhodn\u00e9 na spracovanie r\u00f4znych ve\u013ekost\u00ed vzorov. Rozdiel je v tom, \u017ee tento oh\u00fdbac\u00ed stroj dok\u00e1\u017ee spracova\u0165 nielen ploch\u00e9 \u017eelezo, kruhov\u00fa oce\u013e, \u0161tvorcov\u00fa oce\u013e, ale aj kruhov\u00e9 r\u00fary a \u0161tvorcov\u00e9 r\u00fary.<br \/>\nT\u00e1to \u0161pir\u00e1lov\u00e1 oh\u00fdba\u010dka dok\u00e1\u017ee spracova\u0165 a\u017e 20 x 20 mm \u0161tvorcov\u00fa r\u00farku s hr\u00fabkou nie v\u00e4\u010d\u0161ou ako 3 mm a priemerom 20 mm a okr\u00fahlu r\u00farku s hr\u00fabkou nie v\u00e4\u010d\u0161ou ako 3 mm.<br \/>\nStroj je vybaven\u00fd 6 sadami foriem zadarmo.<br \/>\n24-hodinov\u00e1 online slu\u017eba, dajte n\u00e1m vedie\u0165, ak m\u00e1te nejak\u00e9 ot\u00e1zky!<br \/>\n<strong>TECHNICK\u00dd PARAMETER<br \/>\n<\/strong><strong>Model: LC-JK16<br \/>\n\u017dehli\u010dka:<\/strong>\u2264 8 \u00d7 50 mm<br \/>\n<strong>Okr\u00fahla oce\u013e:<\/strong> \u2264\u03c616 mm<br \/>\n<strong>\u0160tvorcov\u00e1 oce\u013e:<\/strong>\u2264 16 \u00d7 16 mm<br \/>\n<strong>\u0160tvorcov\u00e1 trubica:<\/strong>\u2264 20 \u00d7 20 mm Hr\u00fabka \u0161tvorcovej r\u00farky \u2264 3 mm<br \/>\n<strong>Okr\u00fahla r\u00farka:<\/strong>\u2264\u03c620mm Hr\u00fabka okr\u00fahlej r\u00fary\u22643mm<br \/>\n<strong>R\u00fdchlos\u0165 spracovania:<\/strong> 500 ks \/H<br \/>\n<strong>Moc:<\/strong> 2,2 kW<br \/>\n<strong>Nap\u00e4tie:<\/strong>\u00a0220V\/380V\/415V<br \/>\n<strong>Rozmer balenia:<\/strong> 800\u00d7600\u00d71200 mm<br \/>\n<strong>NW (kg):<\/strong> 350<br \/>\n<strong>GW (kg):<\/strong> 400<\/p>","protected":false},"featured_media":673,"template":"","meta":{"_kad_post_transparent":"default","_kad_post_title":"","_kad_post_layout":"default","_kad_post_sidebar_id":"","_kad_post_content_style":"default","_kad_post_vertical_padding":"default","_kad_post_feature":"","_kad_post_feature_position":"","_kad_post_header":false,"_kad_post_footer":false},"product_brand":[],"product_cat":[29,27],"product_tag":[178,180,175,76,49,182,177,179,72,181],"class_list":{"0":"post-664","1":"product","2":"type-product","3":"status-publish","4":"has-post-thumbnail","6":"product_cat-electric-wrought-iron-processing-machine","7":"product_cat-electric-scroll-bending-machine","8":"product_tag-buy-scroll-bender","9":"product_tag-china-wrought-iron-machine-and-metal-craft-machine","10":"product_tag-diy-wrought-iron-flat-steel-scrolling-bending-machine-metal-scroll-bender","11":"product_tag-electric-flat-iron-scroll-bending-machine","12":"product_tag-electric-scroll-bending-machine","13":"product_tag-iron-pattern-bender","14":"product_tag-manual-meta-scroll-bender","15":"product_tag-metal-craft-bending-tools","16":"product_tag-metal-scroll-bender","17":"product_tag-ornamental-iron-machine-manufacturer","19":"first","20":"instock","21":"shipping-taxable","22":"product-type-simple","23":"entry","24":"content-bg","25":"loop-entry"},"_links":{"self":[{"href":"https:\/\/zzlcmachinery.com\/sk\/wp-json\/wp\/v2\/product\/664","targetHints":{"allow":["GET"]}}],"collection":[{"href":"https:\/\/zzlcmachinery.com\/sk\/wp-json\/wp\/v2\/product"}],"about":[{"href":"https:\/\/zzlcmachinery.com\/sk\/wp-json\/wp\/v2\/types\/product"}],"version-history":[{"count":0,"href":"https:\/\/zzlcmachinery.com\/sk\/wp-json\/wp\/v2\/product\/664\/revisions"}],"wp:featuredmedia":[{"embeddable":true,"href":"https:\/\/zzlcmachinery.com\/sk\/wp-json\/wp\/v2\/media\/673"}],"wp:attachment":[{"href":"https:\/\/zzlcmachinery.com\/sk\/wp-json\/wp\/v2\/media?parent=664"}],"wp:term":[{"taxonomy":"product_brand","embeddable":true,"href":"https:\/\/zzlcmachinery.com\/sk\/wp-json\/wp\/v2\/product_brand?post=664"},{"taxonomy":"product_cat","embeddable":true,"href":"https:\/\/zzlcmachinery.com\/sk\/wp-json\/wp\/v2\/product_cat?post=664"},{"taxonomy":"product_tag","embeddable":true,"href":"https:\/\/zzlcmachinery.com\/sk\/wp-json\/wp\/v2\/product_tag?post=664"}],"curies":[{"name":"wp","href":"https:\/\/api.w.org\/{rel}","templated":true}]}}