{"id":653,"date":"2022-10-23T22:37:30","date_gmt":"2022-10-23T14:37:30","guid":{"rendered":"https:\/\/zzlcmachinery.com\/?post_type=product&#038;p=653"},"modified":"2022-11-22T15:52:22","modified_gmt":"2022-11-22T07:52:22","slug":"china-manufacture-metalcraft-hytraulic-moulder-wrought-iron-machine","status":"publish","type":"product","link":"https:\/\/zzlcmachinery.com\/sk\/produkt\/china-manufacture-metalcraft-hytraulic-moulder-wrought-iron-machine\/","title":{"rendered":"\u010c\u00edna vyr\u00e1ba Metalcraft Hytraulic Mulder kujn\u00fd stroj"},"content":{"rendered":"","protected":false},"excerpt":{"rendered":"<p>LCYY16 \u010c\u00edna vyr\u00e1ba metalcraft hytraulick\u00fd kujn\u00fd stroj s v\u00fdrobnou cenou, tento hydraulick\u00fd tv\u00e1rniaci stroj je v s\u00fa\u010dasnosti najfunk\u010dnej\u0161\u00edm strojom na hydraulick\u00e9 tvarovanie v priemysle spracovania kovov. Na z\u00e1klade spracovania ploch\u00e9ho \u017eeleza, kruhovej ocele a \u0161tvorcovej ocele dok\u00e1\u017ee spracova\u0165 aj \u0161tvorcov\u00e9 r\u00fary a kruhov\u00e9 r\u00fary. N\u00e1rast spracovate\u013esk\u00fdch materi\u00e1lov m\u00f4\u017ee \u010falej roz\u0161\u00edri\u0165 rozmanitos\u0165 tvarovac\u00edch vzorov. T\u00e1to kovov\u00e1 remeseln\u00e1 hytraulick\u00e1 formi\u010dka dok\u00e1\u017ee vytl\u00e1\u010da\u0165 \u0161tvorcov\u00fa oce\u013e, okr\u00fahlu oce\u013e, ploch\u00e9 \u017eelezo, okr\u00fahle r\u00farky a \u0161tvorcov\u00e9 r\u00farky do r\u00f4znych tvarov, ako je kruh, obl\u00fak a uhol naraz.<br \/>\nToto vybavenie no\u017en\u00e9ho sp\u00edna\u010da m\u00f4\u017ee uvo\u013eni\u0165 ruky oper\u00e1torovi stroja, zlep\u0161i\u0165 efektivitu pr\u00e1ce, u\u0161etri\u0165 pr\u00e1cu a pohodln\u00e1 a jednoduch\u00e1 obsluha v\u00e1m umo\u017en\u00ed r\u00fdchlo za\u010da\u0165.<br \/>\nV\u00fdmenu br\u00fasneho n\u00e1stroja je mo\u017en\u00e9 vykona\u0165 za 5 min\u00fat a z\u00e1kazn\u00edk si m\u00f4\u017ee vybra\u0165 4 sady foriem.<br \/>\nHydraulick\u00e1 formova\u010dka ho n\u00e1hodne sprev\u00e1dza pri rozb\u00edjan\u00ed 4 s\u00e1d vo\u013en\u00fdch foriem (1 sada na uhlov\u00e9 oh\u00fdbanie a dusenie kruhov\u00fdch foriem, 1 sada na vyrovn\u00e1vanie a vyrovn\u00e1vanie obl\u00faka, 2 sady formovac\u00edch foriem) a z\u00e1kazn\u00edci si m\u00f4\u017eu vybra\u0165 formy.<br \/>\n24-hodinov\u00e1 online slu\u017eba, dajte n\u00e1m vedie\u0165, ak m\u00e1te nejak\u00e9 ot\u00e1zky!<br \/>\n<strong>TECHNICK\u00dd PARAMETER<br \/>\n<\/strong><strong>Model: LC-YY16<br \/>\nMaxim\u00e1lna pracovn\u00e1 schopnos\u0165:<\/strong> \u017dehli\u010dka\u226410x50mm<br \/>\nOkr\u00fahla oce\u013e \u2264\u03a616mm \u0160tvorcov\u00e1 oce\u013e\u226416x16mm<br \/>\nOkr\u00fahla r\u00fara\u2264\u03a680mm \u0160tvorcov\u00e1 r\u00fara\u226480x80mm<br \/>\n<strong>Moc:<\/strong>7,5 kW<br \/>\n<strong>Nap\u00e4tie:<\/strong>\u00a0220V\/380V\/415V<br \/>\n<strong>Rozmer balenia:<\/strong> 1300 \u00d7 700 \u00d7 1400 mm<br \/>\n<strong>NW (kg):<\/strong> 780\u00a0 \u00a0 \u00a0 <strong>GW (kg):<\/strong> 850<\/p>","protected":false},"featured_media":659,"template":"","meta":{"_kad_post_transparent":"default","_kad_post_title":"","_kad_post_layout":"default","_kad_post_sidebar_id":"","_kad_post_content_style":"default","_kad_post_vertical_padding":"default","_kad_post_feature":"","_kad_post_feature_position":"","_kad_post_header":false,"_kad_post_footer":false},"product_brand":[],"product_cat":[29,23],"product_tag":[172,133,174,131,173,171,129,51,111],"class_list":{"0":"post-653","1":"product","2":"type-product","3":"status-publish","4":"has-post-thumbnail","6":"product_cat-electric-wrought-iron-processing-machine","7":"product_cat-wrought-iron-hydraulic-moulder","8":"product_tag-blacksmith-equipment","9":"product_tag-buy-metal-craft-hydraulic-moulder","10":"product_tag-china-iron-moulder","11":"product_tag-hydraulic-bending-machine","12":"product_tag-hydraulic-moulder-lanchen-reputable-wrought-iron-supplier","13":"product_tag-lc-yy16-china-manufacture-metalcraft-hytraulic-moulder-wrought-iron-machine","14":"product_tag-metal-craft-hydraulic-moulder","15":"product_tag-wrought-iron-bending-machine","16":"product_tag-wrought-iron-machine","18":"first","19":"instock","20":"shipping-taxable","21":"product-type-simple","22":"entry","23":"content-bg","24":"loop-entry"},"_links":{"self":[{"href":"https:\/\/zzlcmachinery.com\/sk\/wp-json\/wp\/v2\/product\/653","targetHints":{"allow":["GET"]}}],"collection":[{"href":"https:\/\/zzlcmachinery.com\/sk\/wp-json\/wp\/v2\/product"}],"about":[{"href":"https:\/\/zzlcmachinery.com\/sk\/wp-json\/wp\/v2\/types\/product"}],"version-history":[{"count":0,"href":"https:\/\/zzlcmachinery.com\/sk\/wp-json\/wp\/v2\/product\/653\/revisions"}],"wp:featuredmedia":[{"embeddable":true,"href":"https:\/\/zzlcmachinery.com\/sk\/wp-json\/wp\/v2\/media\/659"}],"wp:attachment":[{"href":"https:\/\/zzlcmachinery.com\/sk\/wp-json\/wp\/v2\/media?parent=653"}],"wp:term":[{"taxonomy":"product_brand","embeddable":true,"href":"https:\/\/zzlcmachinery.com\/sk\/wp-json\/wp\/v2\/product_brand?post=653"},{"taxonomy":"product_cat","embeddable":true,"href":"https:\/\/zzlcmachinery.com\/sk\/wp-json\/wp\/v2\/product_cat?post=653"},{"taxonomy":"product_tag","embeddable":true,"href":"https:\/\/zzlcmachinery.com\/sk\/wp-json\/wp\/v2\/product_tag?post=653"}],"curies":[{"name":"wp","href":"https:\/\/api.w.org\/{rel}","templated":true}]}}