{"id":645,"date":"2022-10-23T16:57:20","date_gmt":"2022-10-23T08:57:20","guid":{"rendered":"https:\/\/zzlcmachinery.com\/?post_type=product&#038;p=645"},"modified":"2022-11-22T15:55:02","modified_gmt":"2022-11-22T07:55:02","slug":"electric-decorative-metal-craft-wrought-iron-fishtail-making-machine","status":"publish","type":"product","link":"https:\/\/zzlcmachinery.com\/sk\/produkt\/electric-decorative-metal-craft-wrought-iron-fishtail-making-machine\/","title":{"rendered":"Elektrick\u00fd dekorat\u00edvny kovov\u00fd remeseln\u00fd stroj na v\u00fdrobu rybieho chvosta"},"content":{"rendered":"","protected":false},"excerpt":{"rendered":"<p>LC-YW16 Elektrick\u00fd dekorat\u00edvny kovov\u00fd remeseln\u00fd kovan\u00fd stroj na v\u00fdrobu rybieho chvosta je super model v\u00fdskumu a v\u00fdvoja na\u0161ej spolo\u010dnosti a test sk\u00fasenost\u00ed v kovac\u00edch strojoch. Tento stroj na v\u00fdrobu rybieho chvosta dok\u00e1\u017ee spracova\u0165 \u0161tvorcov\u00fa r\u00farku, \u0161tvorcov\u00fa oce\u013e, ploch\u00e9 \u017eelezo, okr\u00fahlu oce\u013e a in\u00e9 materi\u00e1ly.<br \/>\nNajm\u00e4 funkcia spracovania \u0161tvorcov\u00fdch r\u00far je jedine\u010dn\u00e1 pre tento kovov\u00fd remeseln\u00fd stroj na v\u00fdrobu ryb\u00edch chvostov, ktor\u00fd dok\u00e1\u017ee spracova\u0165 \u0161tvorcov\u00e9 r\u00fary s rozmermi 14x14mm, 16x16mm, 15x15mm, 20x20mm.<br \/>\nSpracovan\u00fd produkt men\u00ed iba d\u013a\u017eku a \u0161\u00edrku, \u010do je kr\u00e1sne a ve\u013ekorys\u00e9. Ide o inov\u00e1ciu zlo\u017eenia F3 a F4, ktor\u00e1 men\u00ed excentrick\u00fd valec na excentrick\u00fd hriade\u013e, \u010d\u00edm sa val\u010dek men\u00ed na trojdr\u00e1\u017ekov\u00fa formu a trojn\u00e1sobne zvy\u0161uje \u017eivotnos\u0165 v porovnan\u00ed s ostatn\u00fdmi.<br \/>\nPloch\u00e9 val\u010deky na vonkaj\u0161ej strane hlavy stroja s ryb\u00edm chvostom z tepan\u00e9ho \u017eeleza m\u00f4\u017eu splo\u0161ti\u0165, naostri\u0165 a utesni\u0165 \u0161tvorcov\u00e9 a okr\u00fahle ty\u010de.<br \/>\n24-hodinov\u00e1 online slu\u017eba, dajte n\u00e1m vedie\u0165, ak m\u00e1te nejak\u00e9 ot\u00e1zky!<br \/>\n<strong>TECHNICK\u00dd PARAMETER<br \/>\n<\/strong><strong>Model: LC-YW16<br \/>\n\u017dehli\u010dka:<\/strong> \u2264 10 x 60 mm<br \/>\n<strong>Okr\u00fahla oce\u013e:<\/strong> \u03c616 mm<br \/>\n<strong>\u0160tvorcov\u00e1 oce\u013e:<\/strong> \u2264 16 \u00d7 16 mm<br \/>\n<strong>\u0160tvorcov\u00e1 trubica:<\/strong>14x14mm, 16x16mm, 15x15mm, 20x20mm<br \/>\n<strong>Moc:<\/strong> 3 kW<br \/>\n<strong>Nap\u00e4tie:<\/strong>\u00a0220V\/380V\/415V<br \/>\n<strong>Rozmer balenia:<\/strong> 1000 \u00d7 600 \u00d7 1110 mm<br \/>\n<strong>NW (kg):<\/strong>380<br \/>\n<strong>GW (kg):<\/strong> 400<\/p>","protected":false},"featured_media":648,"template":"","meta":{"_kad_post_transparent":"default","_kad_post_title":"","_kad_post_layout":"default","_kad_post_sidebar_id":"","_kad_post_content_style":"default","_kad_post_vertical_padding":"default","_kad_post_feature":"","_kad_post_feature_position":"","_kad_post_header":false,"_kad_post_footer":false},"product_brand":[],"product_cat":[29,24],"product_tag":[163,165,167,166,168,162,169,170,164,161,111],"class_list":{"0":"post-645","1":"product","2":"type-product","3":"status-publish","4":"has-post-thumbnail","6":"product_cat-electric-wrought-iron-processing-machine","7":"product_cat-wrought-iron-fishtail-forging-machine","8":"product_tag-china-hot-roll-fishtail-machine-manufacturing-for-sale","9":"product_tag-end-hot-fishtail-for-wrought-iron","10":"product_tag-fishtail-iron-processing-machine","11":"product_tag-hot-roll-end-forging-machine","12":"product_tag-hot-roll-fishtail-machine","13":"product_tag-hot-roll-fishtail-making-machine","14":"product_tag-hot-roll-fishtail-mill","15":"product_tag-hot-rolling-fishtail-forming-machine","16":"product_tag-hot-roll-fishtail-coining-machine","17":"product_tag-wrought-iron-end-press-fishtail-machine","18":"product_tag-wrought-iron-machine","20":"first","21":"instock","22":"shipping-taxable","23":"product-type-simple","24":"entry","25":"content-bg","26":"loop-entry"},"_links":{"self":[{"href":"https:\/\/zzlcmachinery.com\/sk\/wp-json\/wp\/v2\/product\/645","targetHints":{"allow":["GET"]}}],"collection":[{"href":"https:\/\/zzlcmachinery.com\/sk\/wp-json\/wp\/v2\/product"}],"about":[{"href":"https:\/\/zzlcmachinery.com\/sk\/wp-json\/wp\/v2\/types\/product"}],"version-history":[{"count":0,"href":"https:\/\/zzlcmachinery.com\/sk\/wp-json\/wp\/v2\/product\/645\/revisions"}],"wp:featuredmedia":[{"embeddable":true,"href":"https:\/\/zzlcmachinery.com\/sk\/wp-json\/wp\/v2\/media\/648"}],"wp:attachment":[{"href":"https:\/\/zzlcmachinery.com\/sk\/wp-json\/wp\/v2\/media?parent=645"}],"wp:term":[{"taxonomy":"product_brand","embeddable":true,"href":"https:\/\/zzlcmachinery.com\/sk\/wp-json\/wp\/v2\/product_brand?post=645"},{"taxonomy":"product_cat","embeddable":true,"href":"https:\/\/zzlcmachinery.com\/sk\/wp-json\/wp\/v2\/product_cat?post=645"},{"taxonomy":"product_tag","embeddable":true,"href":"https:\/\/zzlcmachinery.com\/sk\/wp-json\/wp\/v2\/product_tag?post=645"}],"curies":[{"name":"wp","href":"https:\/\/api.w.org\/{rel}","templated":true}]}}