{"id":631,"date":"2022-10-20T00:48:38","date_gmt":"2022-10-19T16:48:38","guid":{"rendered":"https:\/\/zzlcmachinery.com\/?post_type=product&#038;p=631"},"modified":"2023-02-18T16:11:26","modified_gmt":"2023-02-18T08:11:26","slug":"buy-metal-craft-steel-coil-rolling-machine-ornament-iron-making-machine","status":"publish","type":"product","link":"https:\/\/zzlcmachinery.com\/sk\/produkt\/buy-metal-craft-steel-coil-rolling-machine-ornament-iron-making-machine\/","title":{"rendered":"K\u00fapte si stroj na v\u00fdrobu \u017eelezn\u00fdch ozd\u00f4b na v\u00fdrobu kovov\u00fdch cievok"},"content":{"rendered":"","protected":false},"excerpt":{"rendered":"<p>LC-CJ16 k\u00fapi\u0165 stroj na v\u00fdrobu kovov\u00fdch remeseln\u00fdch oce\u013eov\u00fdch cievok na v\u00fdrobu ozdobn\u00e9ho \u017eeleza, tento hydraulick\u00fd stroj na valcovanie cievok sa pou\u017e\u00edva na ploch\u00fa oce\u013e s hlavou, \u0161tvorcov\u00fa oce\u013e, okr\u00fahlu oce\u013e a koncov\u00fa cievku po zahriat\u00ed okr\u00fahlej r\u00fary. \u017delezn\u00fd materi\u00e1l rybieho chvosta sa automaticky valcuje. Tvar cievky je z\u00e1kladn\u00fdm vzorom pri v\u00fdrobkoch z tepan\u00e9ho \u017eeleza. Preto je valcovac\u00ed stroj d\u00f4le\u017eit\u00fdm strojom vhodn\u00fdm pre \u017eeleziarske umenie, dekor\u00e1ciu, z\u00e1hradn\u00edctvo at\u010f.<br \/>\n\u017delezn\u00e9 materi\u00e1ly je mo\u017en\u00e9 zvin\u00fa\u0165 do kvetinov\u00fdch zvitkov s priemerom \u03a630, \u03a640, \u03a650 mm, ktor\u00e9 m\u00f4\u017eu v z\u00e1sade sp\u013a\u0148a\u0165 medzin\u00e1rodn\u00e9 be\u017en\u00e9 ploch\u00e9 \u017eelezo, \u0161tvorcov\u00fa oce\u013eov\u00fa okr\u00fahlu oce\u013e a okr\u00fahlu r\u00farku (koncov\u00fd koniec je potrebn\u00e9 spracova\u0165 na ryb\u00ed chvost) pou\u017e\u00edvan\u00e9 vo v\u00fdrobnom procese Dvere, okn\u00e1, z\u00e1bradlia a z\u00e1bradlia v eur\u00f3pskom \u0161t\u00fdle.<br \/>\nToto hydraulick\u00e9 valcovanie \u017eelezn\u00fdch zvitkov m\u00e1 v\u00fdhody r\u00fdchleho valcovania, pohodlnej obsluhy, \u0161irok\u00e9ho rozsahu spracovania, mno\u017estva spracovate\u013en\u00fdch materi\u00e1lov, vysokej kvality valcov a vysokej efekt\u00edvnosti v\u00fdroby.<br \/>\n24-hodinov\u00e1 online slu\u017eba, dajte n\u00e1m vedie\u0165, ak m\u00e1te nejak\u00e9 ot\u00e1zky!<br \/>\n<strong>TECHNICK\u00dd PARAMETER<br \/>\n<\/strong><strong>Model: LC-CJ16<br \/>\nMaxim\u00e1lna pracovn\u00e1 schopnos\u0165:<\/strong> Vyhrievan\u00e1 \u017eehli\u010dka: 10 x 50 mm<br \/>\n\u0160tvorcov\u00e1 oce\u013e \u226425x25mm<br \/>\nOkr\u00fahla oce\u013e \u2264\u03a625 mm<br \/>\nOkr\u00fahla r\u00farka \u2264\u03a625 mm<br \/>\n<strong>Moc:<\/strong> 1,1 kW 6P<br \/>\n<strong>Nap\u00e4tie:<\/strong>\u00a0220V\/380V\/415V<br \/>\n<strong>Rozmer balenia:<\/strong> 1000 \u00d7 600 \u00d7 1300 mm<br \/>\n<strong>NW (kg):<\/strong> 200\u00a0 \u00a0 \u00a0 <strong>GW (kg):<\/strong> 240<\/p>","protected":false},"featured_media":637,"template":"","meta":{"_kad_post_transparent":"default","_kad_post_title":"","_kad_post_layout":"default","_kad_post_sidebar_id":"","_kad_post_content_style":"default","_kad_post_vertical_padding":"default","_kad_post_feature":"","_kad_post_feature_position":"","_kad_post_header":false,"_kad_post_footer":false},"product_brand":[],"product_cat":[25,29],"product_tag":[160,158,155,153,152,159,124,157,156,154],"class_list":{"0":"post-631","1":"product","2":"type-product","3":"status-publish","4":"has-post-thumbnail","6":"product_cat-electric-make-coil-machine-for-metal-craft","7":"product_cat-electric-wrought-iron-processing-machine","8":"product_tag-automatic-blacksmith-coil-rolling-machine","9":"product_tag-buy-metal-craft-steel-coil-rolling-machine-ornament-iron-making-machine","10":"product_tag-electric-coil-rolling-machine","11":"product_tag-electric-making-coil-machine","12":"product_tag-iron-coils-making-machine","13":"product_tag-mechanical-metal-craft-flat-steel-coil-rolling-making-machine-price","14":"product_tag-metal-craft-steel-coil-rolling-machine","15":"product_tag-ornament-iron-making-machine","16":"product_tag-wrought-iron-coil-making","17":"product_tag-wrought-iron-electric-make-coil-machine-for-decorative","19":"first","20":"instock","21":"shipping-taxable","22":"product-type-simple","23":"entry","24":"content-bg","25":"loop-entry"},"_links":{"self":[{"href":"https:\/\/zzlcmachinery.com\/sk\/wp-json\/wp\/v2\/product\/631","targetHints":{"allow":["GET"]}}],"collection":[{"href":"https:\/\/zzlcmachinery.com\/sk\/wp-json\/wp\/v2\/product"}],"about":[{"href":"https:\/\/zzlcmachinery.com\/sk\/wp-json\/wp\/v2\/types\/product"}],"version-history":[{"count":0,"href":"https:\/\/zzlcmachinery.com\/sk\/wp-json\/wp\/v2\/product\/631\/revisions"}],"wp:featuredmedia":[{"embeddable":true,"href":"https:\/\/zzlcmachinery.com\/sk\/wp-json\/wp\/v2\/media\/637"}],"wp:attachment":[{"href":"https:\/\/zzlcmachinery.com\/sk\/wp-json\/wp\/v2\/media?parent=631"}],"wp:term":[{"taxonomy":"product_brand","embeddable":true,"href":"https:\/\/zzlcmachinery.com\/sk\/wp-json\/wp\/v2\/product_brand?post=631"},{"taxonomy":"product_cat","embeddable":true,"href":"https:\/\/zzlcmachinery.com\/sk\/wp-json\/wp\/v2\/product_cat?post=631"},{"taxonomy":"product_tag","embeddable":true,"href":"https:\/\/zzlcmachinery.com\/sk\/wp-json\/wp\/v2\/product_tag?post=631"}],"curies":[{"name":"wp","href":"https:\/\/api.w.org\/{rel}","templated":true}]}}