{"id":618,"date":"2022-10-19T15:15:26","date_gmt":"2022-10-19T07:15:26","guid":{"rendered":"https:\/\/zzlcmachinery.com\/?post_type=product&#038;p=618"},"modified":"2022-11-22T15:59:15","modified_gmt":"2022-11-22T07:59:15","slug":"lc-gp40-high-frequency-metal-induction-heater-for-sale","status":"publish","type":"product","link":"https:\/\/zzlcmachinery.com\/sk\/produkt\/lc-gp40-high-frequency-metal-induction-heater-for-sale\/","title":{"rendered":"Pred\u00e1m vysokofrekven\u010dn\u00fd kovov\u00fd induk\u010dn\u00fd ohrieva\u010d LC-GP40"},"content":{"rendered":"","protected":false},"excerpt":{"rendered":"<p><strong>Pred\u00e1m vysokofrekven\u010dn\u00fd kovov\u00fd induk\u010dn\u00fd ohrieva\u010d LC-GP40.<\/strong><br \/>\nNov\u00e1 gener\u00e1cia vysokofrekven\u010dn\u00e9ho ohrieva\u010da sa sklad\u00e1 z dvoch \u010dast\u00ed: vykurovacieho telesa a chladiaceho zariadenia. Zv\u00e4\u010d\u0161en\u00e1 n\u00e1dr\u017e na vodu a \u0161tyri ventil\u00e1tory dok\u00e1\u017eu stroj\u010dek sfunk\u010dni\u0165 na dlh\u0161\u00ed \u010das, dokonca aj v Afrike, kde je vo svete ve\u013emi vysok\u00e1 teplota, sa d\u00e1 pou\u017e\u00edva\u0165 dlhodobo.<br \/>\nTento kovov\u00fd r\u00fdchloohrievac\u00ed stroj. Nap\u00e1janie stroja je plynule nastavite\u013en\u00e9 od 2KW do 20KW. Je mo\u017en\u00e9 zvoli\u0165 r\u00f4zne KW pod\u013ea r\u00f4znych ve\u013ekost\u00ed materi\u00e1lov, \u010do je ve\u013emi \u00fasporn\u00e9. Zvy\u010dajne je stroj v pohotovostnom stave bez zahrievania a neplytv\u00e1 elektrinou. Dizajn \u0161etrenia elektrickej energie je u\u017e\u00edvate\u013esky ve\u013emi pr\u00edvetiv\u00fd.<br \/>\nOkrem toho je vysokofrekven\u010dn\u00fd vykurovac\u00ed stroj vybaven\u00fd no\u017en\u00fdm sp\u00edna\u010dom na uvo\u013enenie r\u00fak pracovn\u00edka. Nesk\u00fasen\u00e1 osoba sa m\u00f4\u017ee nau\u010di\u0165 a ovl\u00e1da\u0165 tento stroj do 10 min\u00fat,<br \/>\nN\u00edzke n\u00e1klady na \u00fadr\u017ebu, potrebujete iba \u010dist\u00fa vodu a mazac\u00ed olej,<br \/>\nStroj je mo\u017en\u00e9 pou\u017ei\u0165 nielen na ohrev oby\u010dajn\u00e9ho \u017eeleza, ale aj na tavenie zlata a striebra.<br \/>\n24-hodinov\u00e1 online slu\u017eba, dajte n\u00e1m vedie\u0165, ak m\u00e1te nejak\u00e9 ot\u00e1zky!<br \/>\n<strong>TECHNICK\u00dd PARAMETER<br \/>\n<\/strong><strong>Model: LC-GPIV36<br \/>\nMaxim\u00e1lna pracovn\u00e1 schopnos\u0165:<\/strong> \u017dehli\u010dka\u22646x50mm<br \/>\n\u0160tvorcov\u00e1 oce\u013e \u226420X20mm<br \/>\nOkr\u00fahla oce\u013e \u2264 20 mm<br \/>\n<strong>Moc:<\/strong>v\u00fdstupn\u00fd n\u00e1razov\u00fd elektrick\u00fd pr\u00fad: 300A-1400A<br \/>\nVstupn\u00fd elektrick\u00fd pr\u00fad: 5-36A<br \/>\n<strong>Nap\u00e4tie:<\/strong> Rozsah vstupn\u00e9ho nap\u00e4tia: 320-420v 50HZ<br \/>\n<strong>Rozmer balenia:<\/strong> 500x700x700mm + 1200x600x800mm<br \/>\n<strong>NW (kg):<\/strong> 180\u00a0 \u00a0 <strong>GW (kg):<\/strong> 200<\/p>","protected":false},"featured_media":626,"template":"","meta":{"_kad_post_transparent":"default","_kad_post_title":"","_kad_post_layout":"default","_kad_post_sidebar_id":"","_kad_post_content_style":"default","_kad_post_vertical_padding":"default","_kad_post_feature":"","_kad_post_feature_position":"","_kad_post_header":false,"_kad_post_footer":false},"product_brand":[],"product_cat":[29,32],"product_tag":[149,147,150,145,146,151,148],"class_list":{"0":"post-618","1":"product","2":"type-product","3":"status-publish","4":"has-post-thumbnail","6":"product_cat-electric-wrought-iron-processing-machine","7":"product_cat-power-of-iron-effcient-heater","8":"product_tag-application-of-high-frequency-metal-induction-heater-for-sale","9":"product_tag-featured-metal-induction-heater-for-sale","10":"product_tag-high-frequency-metal-induction-heater-for-sale","11":"product_tag-induction-heating-equipment","12":"product_tag-induction-heating-machine-for-metal-forging","13":"product_tag-the-power-of-iron-effcient-heater","14":"product_tag-wrought-iron-machine-induction-heating-forging-equipment","16":"first","17":"instock","18":"shipping-taxable","19":"product-type-simple","20":"entry","21":"content-bg","22":"loop-entry"},"_links":{"self":[{"href":"https:\/\/zzlcmachinery.com\/sk\/wp-json\/wp\/v2\/product\/618","targetHints":{"allow":["GET"]}}],"collection":[{"href":"https:\/\/zzlcmachinery.com\/sk\/wp-json\/wp\/v2\/product"}],"about":[{"href":"https:\/\/zzlcmachinery.com\/sk\/wp-json\/wp\/v2\/types\/product"}],"version-history":[{"count":0,"href":"https:\/\/zzlcmachinery.com\/sk\/wp-json\/wp\/v2\/product\/618\/revisions"}],"wp:featuredmedia":[{"embeddable":true,"href":"https:\/\/zzlcmachinery.com\/sk\/wp-json\/wp\/v2\/media\/626"}],"wp:attachment":[{"href":"https:\/\/zzlcmachinery.com\/sk\/wp-json\/wp\/v2\/media?parent=618"}],"wp:term":[{"taxonomy":"product_brand","embeddable":true,"href":"https:\/\/zzlcmachinery.com\/sk\/wp-json\/wp\/v2\/product_brand?post=618"},{"taxonomy":"product_cat","embeddable":true,"href":"https:\/\/zzlcmachinery.com\/sk\/wp-json\/wp\/v2\/product_cat?post=618"},{"taxonomy":"product_tag","embeddable":true,"href":"https:\/\/zzlcmachinery.com\/sk\/wp-json\/wp\/v2\/product_tag?post=618"}],"curies":[{"name":"wp","href":"https:\/\/api.w.org\/{rel}","templated":true}]}}