{"id":608,"date":"2022-10-18T17:16:42","date_gmt":"2022-10-18T09:16:42","guid":{"rendered":"https:\/\/zzlcmachinery.com\/?post_type=product&#038;p=608"},"modified":"2022-11-22T17:02:01","modified_gmt":"2022-11-22T09:02:01","slug":"iron-efficient-power-heater-for-wrought-iron","status":"publish","type":"product","link":"https:\/\/zzlcmachinery.com\/sk\/produkt\/iron-efficient-power-heater-for-wrought-iron\/","title":{"rendered":"\u017dehli\u010dka Efekt\u00edvny elektrick\u00fd ohrieva\u010d pre tepan\u00e9 \u017eelezo"},"content":{"rendered":"","protected":false},"excerpt":{"rendered":"<p>\u017dehli\u010dka \u00fa\u010dinn\u00fd elektrick\u00fd ohrieva\u010d pre kovan\u00e9 \u017eelezo z tov\u00e1rne na kovoobr\u00e1banie.<br \/>\nKovov\u00fd induk\u010dn\u00fd ohrieva\u010d je r\u00fdchly, bezpe\u010dn\u00fd a efekt\u00edvny sp\u00f4sob ohrevu \u0161iroko pou\u017e\u00edvan\u00fd v priemysle spracovania kovov a kovania. Zariadenie vyu\u017e\u00edva vysokofrekven\u010dn\u00e9 induk\u010dn\u00e9 ohrievanie, chladenie s cirkul\u00e1ciou vody, chladenie ventil\u00e1torom a \u010fal\u0161ie technol\u00f3gie, ktor\u00e9 umo\u017e\u0148uj\u00fa stroju nepretr\u017eit\u00e9 zahrievanie po dlh\u00fa dobu. Vysokofrekven\u010dn\u00fd vykurovac\u00ed stroj je \u0161iroko pou\u017e\u00edvan\u00fd pri kovan\u00ed kovov, ako je ohrev ploch\u00e9ho \u017eeleza, \u0161tvorcovej ocele, gu\u013eatej ocele v \u017eeleziarskom umeleckom vykurovacom in\u017einierstve, ohrev dielov v procese kalenia,<br \/>\nNajv\u00e4\u010d\u0161ou v\u00fdhodou tohto stroja je, \u017ee dok\u00e1\u017ee dokon\u010di\u0165 ohrev 16x16mm \u0161tvorcovej ocele za 5 sek\u00fand, s men\u0161ou spotrebou energie, r\u00fdchlym ohrevom, bezpe\u010dnostnou ochranou a n\u00e1hradn\u00fdmi vykurovac\u00edmi \u0161pir\u00e1lami. Je hlboko milovan\u00fd kov\u00e1\u010dmi a tov\u00e1r\u0148ami na spracovanie dver\u00ed a okien<br \/>\n24-hodinov\u00e1 online slu\u017eba, dajte n\u00e1m vedie\u0165, ak m\u00e1te nejak\u00e9 ot\u00e1zky!<br \/>\n<strong>TECHNICK\u00dd PARAMETER<br \/>\n<\/strong><strong>Model: LC-GPIV36<br \/>\nMaxim\u00e1lna pracovn\u00e1 schopnos\u0165:<\/strong> \u017dehli\u010dka\u226410x50mm<br \/>\n\u0160tvorcov\u00e1 oce\u013e \u226420X20mm<br \/>\nPriemer in\u00e9ho obrobku \u2264 30 mm<br \/>\n<strong>Moc:<\/strong>v\u00fdstupn\u00fd n\u00e1razov\u00fd elektrick\u00fd pr\u00fad: 300A-1400A<br \/>\nVstupn\u00fd elektrick\u00fd pr\u00fad: 4-36A<br \/>\n<strong>Nap\u00e4tie:<\/strong> Rozsah vstupn\u00e9ho nap\u00e4tia: 320-420v 50HZ<br \/>\n<strong>Rozmer balenia:<\/strong> 1050\u00d7680\u00d71520 mm<br \/>\n<strong>NW (kg):<\/strong> 230\u00a0 \u00a0 \u00a0<strong>GW (kg):<\/strong> 260<\/p>","protected":false},"featured_media":610,"template":"","meta":{"_kad_post_transparent":"default","_kad_post_title":"","_kad_post_layout":"default","_kad_post_sidebar_id":"","_kad_post_content_style":"default","_kad_post_vertical_padding":"default","_kad_post_feature":"","_kad_post_feature_position":"","_kad_post_header":false,"_kad_post_footer":false},"product_brand":[],"product_cat":[29,32],"product_tag":[140,136,138,142,137,144,139,141,143],"class_list":{"0":"post-608","1":"product","2":"type-product","3":"status-publish","4":"has-post-thumbnail","6":"product_cat-electric-wrought-iron-processing-machine","7":"product_cat-power-of-iron-effcient-heater","8":"product_tag-china-the-power-of-iron-efficient-heate","9":"product_tag-high-frequency-heating-machine","10":"product_tag-iron-efficient-power-heater","11":"product_tag-metal-craft-machines","12":"product_tag-ornamental-iron-machine","13":"product_tag-reliable-quality-iron-effcient-heater","14":"product_tag-the-power-of-iron-efficienet-heater","15":"product_tag-wholesale-el-gp-iv-36-the-power-machine-of-iron-efficient-heater","16":"product_tag-wrought-iron-heating-machine","18":"first","19":"instock","20":"shipping-taxable","21":"product-type-simple","22":"entry","23":"content-bg","24":"loop-entry"},"_links":{"self":[{"href":"https:\/\/zzlcmachinery.com\/sk\/wp-json\/wp\/v2\/product\/608","targetHints":{"allow":["GET"]}}],"collection":[{"href":"https:\/\/zzlcmachinery.com\/sk\/wp-json\/wp\/v2\/product"}],"about":[{"href":"https:\/\/zzlcmachinery.com\/sk\/wp-json\/wp\/v2\/types\/product"}],"version-history":[{"count":0,"href":"https:\/\/zzlcmachinery.com\/sk\/wp-json\/wp\/v2\/product\/608\/revisions"}],"wp:featuredmedia":[{"embeddable":true,"href":"https:\/\/zzlcmachinery.com\/sk\/wp-json\/wp\/v2\/media\/610"}],"wp:attachment":[{"href":"https:\/\/zzlcmachinery.com\/sk\/wp-json\/wp\/v2\/media?parent=608"}],"wp:term":[{"taxonomy":"product_brand","embeddable":true,"href":"https:\/\/zzlcmachinery.com\/sk\/wp-json\/wp\/v2\/product_brand?post=608"},{"taxonomy":"product_cat","embeddable":true,"href":"https:\/\/zzlcmachinery.com\/sk\/wp-json\/wp\/v2\/product_cat?post=608"},{"taxonomy":"product_tag","embeddable":true,"href":"https:\/\/zzlcmachinery.com\/sk\/wp-json\/wp\/v2\/product_tag?post=608"}],"curies":[{"name":"wp","href":"https:\/\/api.w.org\/{rel}","templated":true}]}}