{"id":596,"date":"2022-10-16T20:39:30","date_gmt":"2022-10-16T12:39:30","guid":{"rendered":"https:\/\/zzlcmachinery.com\/?post_type=product&#038;p=596"},"modified":"2022-11-22T16:51:37","modified_gmt":"2022-11-22T08:51:37","slug":"wrought-iron-hydraulic-moulder-machine-for-metal-craft","status":"publish","type":"product","link":"https:\/\/zzlcmachinery.com\/sk\/produkt\/wrought-iron-hydraulic-moulder-machine-for-metal-craft\/","title":{"rendered":"Hydraulick\u00fd formovac\u00ed stroj z tepan\u00e9ho \u017eeleza na v\u00fdrobu kovov"},"content":{"rendered":"","protected":false},"excerpt":{"rendered":"<p>Hydraulick\u00fd formovac\u00ed stroj LCDY16 pre kovan\u00e9 \u017eelezn\u00e9 remesl\u00e1 na kovan\u00e9 \u017eelezo s v\u00fdrobnou cenou, Tento stroj dok\u00e1\u017ee spracova\u0165 a oh\u00fdba\u0165 \u0161tvorcov\u00fa oce\u013e, okr\u00fahlu oce\u013e a ploch\u00e9 \u017eelezo. M\u00e1 tri funkcie: oh\u00fdbac\u00ed obl\u00fak, vyrovn\u00e1vanie a oh\u00fdbanie pod uhlom. Mechanizmus je mo\u017en\u00e9 oh\u00fdba\u0165 v r\u00f4znych uhloch. Vysok\u00e1 efektivita v\u00fdroby, v\u00fdrobky je mo\u017en\u00e9 vyr\u00e1ba\u0165 v d\u00e1vkach, je ide\u00e1lnym zariaden\u00edm pre dekor\u00e1cie, n\u00e1bytok, obecn\u00e9 z\u00e1hrady, stavebn\u00e9 a dverov\u00e9 a okenn\u00e9 kov\u00e1\u010dstvo.<br \/>\nStroj ho n\u00e1hodne sprev\u00e1dza pri rozb\u00edjan\u00ed 4 s\u00e1d vo\u013en\u00fdch foriem (1 sada na oh\u00fdbanie a dusenie kruhov\u00fdch foriem, 1 sada na vyrovn\u00e1vanie a vyrovn\u00e1vanie obl\u00faka, 2 sady formovac\u00edch foriem) a z\u00e1kazn\u00edci si m\u00f4\u017eu vybra\u0165 formy.<br \/>\n24-hodinov\u00e1 online slu\u017eba, dajte n\u00e1m vedie\u0165, ak m\u00e1te nejak\u00e9 ot\u00e1zky!<br \/>\n<strong>TECHNICK\u00dd PARAMETER<br \/>\n<\/strong><strong>Model: LC-DY16A<br \/>\nMaxim\u00e1lna pracovn\u00e1 schopnos\u0165:<\/strong> \u017dehli\u010dka\u226410x50mm<br \/>\nOkr\u00fahla oce\u013e \u2264\u03a616mm \u0160tvorcov\u00e1 oce\u013e\u226416x16mm<br \/>\n<strong>Moc:<\/strong>7,5 kW<br \/>\n<strong>Nap\u00e4tie:<\/strong>\u00a0220V\/380V\/415V<br \/>\n<strong>Rozmer balenia:<\/strong> 1250 \u00d7 820 \u00d7 1100 mm<br \/>\n<strong>NW (kg):<\/strong> 750\u00a0 \u00a0 \u00a0 <strong>GW (kg):<\/strong> 850<\/p>","protected":false},"featured_media":599,"template":"","meta":{"_kad_post_transparent":"default","_kad_post_title":"","_kad_post_layout":"default","_kad_post_sidebar_id":"","_kad_post_content_style":"default","_kad_post_vertical_padding":"default","_kad_post_feature":"","_kad_post_feature_position":"","_kad_post_header":false,"_kad_post_footer":false},"product_brand":[],"product_cat":[29,23],"product_tag":[135,134,133,132,131,130,129,128],"class_list":{"0":"post-596","1":"product","2":"type-product","3":"status-publish","4":"has-post-thumbnail","6":"product_cat-electric-wrought-iron-processing-machine","7":"product_cat-wrought-iron-hydraulic-moulder","8":"product_tag-anbang-wrought-iron-hydraulic-moulder-blacksmith-machine","9":"product_tag-blacksmith-equipengt","10":"product_tag-buy-metal-craft-hydraulic-moulder","11":"product_tag-finished-prodect-of-wrought-iron-bending-machine","12":"product_tag-hydraulic-bending-machine","13":"product_tag-hydraulic-moulder-reputable-wrought-iron-supplier","14":"product_tag-metal-craft-hydraulic-moulder","15":"product_tag-moulds-of-hydraulic-moulder-machine-for-wrought-iron","17":"first","18":"instock","19":"shipping-taxable","20":"product-type-simple","21":"entry","22":"content-bg","23":"loop-entry"},"_links":{"self":[{"href":"https:\/\/zzlcmachinery.com\/sk\/wp-json\/wp\/v2\/product\/596","targetHints":{"allow":["GET"]}}],"collection":[{"href":"https:\/\/zzlcmachinery.com\/sk\/wp-json\/wp\/v2\/product"}],"about":[{"href":"https:\/\/zzlcmachinery.com\/sk\/wp-json\/wp\/v2\/types\/product"}],"version-history":[{"count":0,"href":"https:\/\/zzlcmachinery.com\/sk\/wp-json\/wp\/v2\/product\/596\/revisions"}],"wp:featuredmedia":[{"embeddable":true,"href":"https:\/\/zzlcmachinery.com\/sk\/wp-json\/wp\/v2\/media\/599"}],"wp:attachment":[{"href":"https:\/\/zzlcmachinery.com\/sk\/wp-json\/wp\/v2\/media?parent=596"}],"wp:term":[{"taxonomy":"product_brand","embeddable":true,"href":"https:\/\/zzlcmachinery.com\/sk\/wp-json\/wp\/v2\/product_brand?post=596"},{"taxonomy":"product_cat","embeddable":true,"href":"https:\/\/zzlcmachinery.com\/sk\/wp-json\/wp\/v2\/product_cat?post=596"},{"taxonomy":"product_tag","embeddable":true,"href":"https:\/\/zzlcmachinery.com\/sk\/wp-json\/wp\/v2\/product_tag?post=596"}],"curies":[{"name":"wp","href":"https:\/\/api.w.org\/{rel}","templated":true}]}}