{"id":586,"date":"2022-10-15T23:03:30","date_gmt":"2022-10-15T15:03:30","guid":{"rendered":"https:\/\/zzlcmachinery.com\/?post_type=product&#038;p=586"},"modified":"2023-02-09T20:09:36","modified_gmt":"2023-02-09T12:09:36","slug":"hot-metal-electric-coil-making-machine-for-wrought-iron-with-factory-price","status":"publish","type":"product","link":"https:\/\/zzlcmachinery.com\/sk\/produkt\/hot-metal-electric-coil-making-machine-for-wrought-iron-with-factory-price\/","title":{"rendered":"Stroj na v\u00fdrobu hor\u00faceho kovu na v\u00fdrobu elektrick\u00fdch cievok pre tepan\u00e9 \u017eelezo s v\u00fdrobnou cenou"},"content":{"rendered":"","protected":false},"excerpt":{"rendered":"<p>LC-DDG12A Stroj na v\u00fdrobu hor\u00facich kovov\u00fdch cievok pre kovan\u00e9 \u017eelezo s v\u00fdrobnou cenou,Hydraulick\u00fd valcovac\u00ed stroj sa \u0161peci\u00e1lne pou\u017e\u00edva na spracovanie valcovan\u00edm kovov a pou\u017e\u00edva sa pri v\u00fdrobe z\u00e1bradl\u00ed dver\u00ed a okien.Vyhrievan\u00e9 ploch\u00e9 \u017eelezo, \u0161tvorcov\u00e1 oce\u013e, okr\u00fahla oce\u013e (ryby tvar chvosta) r\u00f4znych \u0161pecifik\u00e1ci\u00ed je mo\u017en\u00e9 pevne zvin\u00fa\u0165 do kovovej cievky, aby vytvorili tvar ako pevne zabalen\u00e1 ty\u010dinka, \u010do v\u00fdrazne zlep\u0161uje elegantn\u00fd umeleck\u00fd tvar spracovania kovu. je to nevyhnutn\u00fd a d\u00f4le\u017eit\u00fd stroj v eur\u00f3pskej v\u00fdrobnej linke na spracovanie \u017eeleza,<br \/>\nTento stroj m\u00e1 iba s\u00fapravu bezplatn\u00fdch foriem odoslan\u00fdch so strojom.<br \/>\nPomocou automatick\u00e9ho riadenia programu je nastavenie jednoduch\u00e9, obsluha jednoduch\u00e1 a produkt sa vytv\u00e1ra naraz, \u010do v\u00fdrazne zlep\u0161uje efektivitu pr\u00e1ce.<br \/>\n24-hodinov\u00e1 online slu\u017eba, dajte n\u00e1m vedie\u0165, ak m\u00e1te nejak\u00e9 ot\u00e1zky!<br \/>\n<strong>TECHNICK\u00dd PARAMETER<br \/>\n<\/strong><strong>Model: LC-DDG12A<br \/>\nMaxim\u00e1lna pracovn\u00e1 schopnos\u0165:<\/strong> \u017dehli\u010dka: 12x4mm-50x8mm<br \/>\n\u0160tvorcov\u00e1 oce\u013e \u226412x12mm<br \/>\n<strong>Moc:<\/strong> 3,5 kW<br \/>\n<strong>Nap\u00e4tie:<\/strong>\u00a0220V\/380V\/415V<br \/>\n<strong>Rozmer balenia:<\/strong> 1340 \u00d7 830 \u00d7 1400 mm<br \/>\n<strong>NW (kg):<\/strong> 436\u00a0 \u00a0 \u00a0 <strong>GW (kg):<\/strong> 486<\/p>","protected":false},"featured_media":591,"template":"","meta":{"_kad_post_transparent":"default","_kad_post_title":"","_kad_post_layout":"default","_kad_post_sidebar_id":"","_kad_post_content_style":"default","_kad_post_vertical_padding":"default","_kad_post_feature":"","_kad_post_feature_position":"","_kad_post_header":false,"_kad_post_footer":false},"product_brand":[],"product_cat":[25,29],"product_tag":[125,126,127,124,111],"class_list":{"0":"post-586","1":"product","2":"type-product","3":"status-publish","4":"has-post-thumbnail","6":"product_cat-electric-make-coil-machine-for-metal-craft","7":"product_cat-electric-wrought-iron-processing-machine","8":"product_tag-automatic-blacksmith-wrought-iron-coil-making-machine","9":"product_tag-electric-coil-making-machine-manufacturers-suppliers","10":"product_tag-electric-iron-worker-machine","11":"product_tag-metal-craft-steel-coil-rolling-machine","12":"product_tag-wrought-iron-machine","14":"first","15":"instock","16":"shipping-taxable","17":"product-type-simple","18":"entry","19":"content-bg","20":"loop-entry"},"_links":{"self":[{"href":"https:\/\/zzlcmachinery.com\/sk\/wp-json\/wp\/v2\/product\/586","targetHints":{"allow":["GET"]}}],"collection":[{"href":"https:\/\/zzlcmachinery.com\/sk\/wp-json\/wp\/v2\/product"}],"about":[{"href":"https:\/\/zzlcmachinery.com\/sk\/wp-json\/wp\/v2\/types\/product"}],"version-history":[{"count":0,"href":"https:\/\/zzlcmachinery.com\/sk\/wp-json\/wp\/v2\/product\/586\/revisions"}],"wp:featuredmedia":[{"embeddable":true,"href":"https:\/\/zzlcmachinery.com\/sk\/wp-json\/wp\/v2\/media\/591"}],"wp:attachment":[{"href":"https:\/\/zzlcmachinery.com\/sk\/wp-json\/wp\/v2\/media?parent=586"}],"wp:term":[{"taxonomy":"product_brand","embeddable":true,"href":"https:\/\/zzlcmachinery.com\/sk\/wp-json\/wp\/v2\/product_brand?post=586"},{"taxonomy":"product_cat","embeddable":true,"href":"https:\/\/zzlcmachinery.com\/sk\/wp-json\/wp\/v2\/product_cat?post=586"},{"taxonomy":"product_tag","embeddable":true,"href":"https:\/\/zzlcmachinery.com\/sk\/wp-json\/wp\/v2\/product_tag?post=586"}],"curies":[{"name":"wp","href":"https:\/\/api.w.org\/{rel}","templated":true}]}}