{"id":573,"date":"2022-10-15T19:38:39","date_gmt":"2022-10-15T11:38:39","guid":{"rendered":"https:\/\/zzlcmachinery.com\/?post_type=product&#038;p=573"},"modified":"2022-11-22T16:46:50","modified_gmt":"2022-11-22T08:46:50","slug":"lc-dn25d-program-controlled-metal-twisting-wrought-iron-machine","status":"publish","type":"product","link":"https:\/\/zzlcmachinery.com\/sk\/produkt\/lc-dn25d-program-controlled-metal-twisting-wrought-iron-machine\/","title":{"rendered":"LC-DN25D Programom riaden\u00fd kovov\u00fd kovan\u00fd kujn\u00fd stroj"},"content":{"rendered":"","protected":false},"excerpt":{"rendered":"<p>Najv\u00fdraznej\u0161ou v\u00fdhodou LC-DN25D Programom riaden\u00e9ho kovov\u00e9ho kovania kovan\u00e9ho stroja je to, \u017ee m\u00e1 nielen funkciu kr\u00fatenia, ale dok\u00e1\u017ee spracova\u0165 aj kvety z vt\u00e1\u010d\u00edch klietok.<br \/>\nStroj sa pou\u017e\u00edva na v\u00fdrobu dver\u00ed, okien, z\u00e1bradl\u00ed a \u017eelezn\u00e9ho kovu v eur\u00f3pskom \u0161t\u00fdle. Spracovate\u013esk\u00e9 materi\u00e1ly zah\u0155\u0148aj\u00fa ploch\u00e9 \u017eelezo, kruhov\u00fa oce\u013e a \u0161tvorcov\u00fa oce\u013e medzin\u00e1rodn\u00fdch be\u017en\u00fdch ve\u013ekost\u00ed. Stroj u\u017e m\u00e1 nastaven\u00fd program spracovania a z\u00e1kazn\u00edci m\u00f4\u017eu tie\u017e prejs\u0165 na svoje vlastn\u00e9 programy. nastavi\u0165.<br \/>\nStroj n\u00e1hodne vyd\u00e1 13 s\u00e1d vo\u013en\u00fdch foriem a nov\u00fa formu je mo\u017en\u00e9 vymeni\u0165 za 5 min\u00fat.<\/p>\n<p>Z\u00e1kruty s d\u013a\u017ekou 200 - 800 mm je mo\u017en\u00e9 skr\u00fati\u0165 a tie s d\u013a\u017ekou nad 800 mm je mo\u017en\u00e9 skr\u00fati\u0165 po \u010dastiach. vysok\u00e1 produktivita.<\/p>\n<p>24-hodinov\u00e1 online slu\u017eba, dajte n\u00e1m vedie\u0165, ak m\u00e1te nejak\u00e9 ot\u00e1zky!<br \/>\n<strong>TECHNICK\u00dd PARAMETER<br \/>\n<\/strong><strong>Model: LC-DN25C<br \/>\nMaxim\u00e1lna pracovn\u00e1 schopnos\u0165:<\/strong> D\u013a\u017eka\u2264200-800 mm<br \/>\n<strong>\u0160tvorcov\u00e1 oce\u013e<\/strong> \u226425\u00d725 mm<br \/>\n<strong>Ploch\u00e1 \u017eehli\u010dka<\/strong> \u2264 30 x 8 mm<br \/>\n<strong>Moc:<\/strong> 4 kW<br \/>\n<strong>Za bezplatn\u00e9 kocky:<\/strong>6 s\u00e1d \u0161tvorcov\u00fdch oce\u013eov\u00fdch matr\u00edc, 3 sady mat\u00edc z ploch\u00e9ho \u017eeleza<br \/>\n<strong>Nap\u00e4tie:<\/strong>\u00a0220V\/380V\/415V<br \/>\n<strong>Rozmer balenia:<\/strong> 1400 \u00d7 620 \u00d7 1100 mm<br \/>\n<strong>NW (kg):<\/strong> 550\u00a0 \u00a0 \u00a0 <strong>GW (kg):<\/strong> 600<\/p>","protected":false},"featured_media":583,"template":"","meta":{"_kad_post_transparent":"default","_kad_post_title":"","_kad_post_layout":"default","_kad_post_sidebar_id":"","_kad_post_content_style":"default","_kad_post_vertical_padding":"default","_kad_post_feature":"","_kad_post_feature_position":"","_kad_post_header":false,"_kad_post_footer":false},"product_brand":[],"product_cat":[20,29],"product_tag":[122,123,121,119,120,115,114,116,117,118,111],"class_list":{"0":"post-573","1":"product","2":"type-product","3":"status-publish","4":"has-post-thumbnail","6":"product_cat-wrought-iron-twisting-machine","7":"product_cat-electric-wrought-iron-processing-machine","8":"product_tag-basket-flower-making-machine-for-wrought-iron","9":"product_tag-basket-twister-machine","10":"product_tag-buy-iron-twisting-machine-at-best-price","11":"product_tag-electric-wrought-iron-square-bar-twisting-machine","12":"product_tag-finished-product-of-metal-twister","13":"product_tag-lanchen-wrought-iron-machine-for-twist-square-steel-and-flat-iron","14":"product_tag-lc-dn25d-program-controlled-metal-twisting-wrought-iron-machine","15":"product_tag-metal-twisting-machine-for-sale","16":"product_tag-metal-twisting-wrought-iron-machine","17":"product_tag-twisting-mchine-for-metal-craft-precessing","18":"product_tag-wrought-iron-machine","20":"first","21":"instock","22":"shipping-taxable","23":"product-type-simple","24":"entry","25":"content-bg","26":"loop-entry"},"_links":{"self":[{"href":"https:\/\/zzlcmachinery.com\/sk\/wp-json\/wp\/v2\/product\/573","targetHints":{"allow":["GET"]}}],"collection":[{"href":"https:\/\/zzlcmachinery.com\/sk\/wp-json\/wp\/v2\/product"}],"about":[{"href":"https:\/\/zzlcmachinery.com\/sk\/wp-json\/wp\/v2\/types\/product"}],"version-history":[{"count":0,"href":"https:\/\/zzlcmachinery.com\/sk\/wp-json\/wp\/v2\/product\/573\/revisions"}],"wp:featuredmedia":[{"embeddable":true,"href":"https:\/\/zzlcmachinery.com\/sk\/wp-json\/wp\/v2\/media\/583"}],"wp:attachment":[{"href":"https:\/\/zzlcmachinery.com\/sk\/wp-json\/wp\/v2\/media?parent=573"}],"wp:term":[{"taxonomy":"product_brand","embeddable":true,"href":"https:\/\/zzlcmachinery.com\/sk\/wp-json\/wp\/v2\/product_brand?post=573"},{"taxonomy":"product_cat","embeddable":true,"href":"https:\/\/zzlcmachinery.com\/sk\/wp-json\/wp\/v2\/product_cat?post=573"},{"taxonomy":"product_tag","embeddable":true,"href":"https:\/\/zzlcmachinery.com\/sk\/wp-json\/wp\/v2\/product_tag?post=573"}],"curies":[{"name":"wp","href":"https:\/\/api.w.org\/{rel}","templated":true}]}}