{"id":552,"date":"2022-09-26T18:37:04","date_gmt":"2022-09-26T10:37:04","guid":{"rendered":"https:\/\/zzlcmachinery.com\/?post_type=product&#038;p=552"},"modified":"2022-11-22T16:42:46","modified_gmt":"2022-11-22T08:42:46","slug":"lc-dn25c-metal-processing-equipment-steel-bar-twisting-machine-for-wrought-iron","status":"publish","type":"product","link":"https:\/\/zzlcmachinery.com\/sk\/produkt\/lc-dn25c-metal-processing-equipment-steel-bar-twisting-machine-for-wrought-iron\/","title":{"rendered":"LC-DN25C Zariadenia na spracovanie kovov Stroj na skr\u00facanie oce\u013eov\u00fdch ty\u010d\u00ed na kujn\u00e9 \u017eelezo"},"content":{"rendered":"","protected":false},"excerpt":{"rendered":"<p>Zariadenie na spracovanie kovov LC-DN25C stroj na kr\u00fatenie oce\u013eov\u00fdch ty\u010d\u00ed pre kovan\u00e9 \u017eelezo, ktor\u00e9 sa pou\u017e\u00edva hlavne na spracovanie \u017eeleza, ako je ploch\u00e9 \u017eelezo, kruhov\u00e1 oce\u013e, \u0161tvorcov\u00e1 oce\u013e, stroj m\u00e1 manu\u00e1lne nastavenie a automatick\u00e9 funkcie opakovan\u00e9ho spracovania, ktor\u00e9 m\u00f4\u017eu zabezpe\u010di\u0165 jednotnos\u0165 spracovania produktu , zn\u00ed\u017ete pracovn\u00fd \u010das a n\u00e1ro\u010dnos\u0165 pr\u00e1ce, je jednoduch\u00e9 vyrobi\u0165 spracovanie kovov s rovnak\u00fdmi \u0161pecifik\u00e1ciami v d\u00e1vkach.<br \/>\nR\u00fdchlos\u0165 vretena je rovnomern\u00e1, oh\u00fdbanie je hrub\u00e9 a zabezpe\u010duje, \u017ee men\u0161\u00ed profil a stroj m\u00f4\u017ee dosiahnu\u0165 maxim\u00e1lnu pracovn\u00fa kapacitu. Kr\u00fatiaci stroj n\u00e1hodne d\u00e1va 9 s\u00e1d vo\u013en\u00fdch foriem a 5 min\u00fat sta\u010d\u00ed na v\u00fdmenu novej formy. Maxim\u00e1lna spracovate\u013esk\u00e1 kapacita kr\u00fatiaceho stroja Matel je 25 x 25 mm \u0161tvorcov\u00e1 oce\u013e, 30 x 8 mm ploch\u00e9 \u017eelezo.<br \/>\nTwist s d\u013a\u017ekou 200-800 mm matel je mo\u017en\u00e9 skr\u00fati\u0165 a tie s d\u013a\u017ekou nad 800 mm je mo\u017en\u00e9 skr\u00fati\u0165 po \u010dastiach. Vysok\u00e1 efektivita v\u00fdroby, 600 kusov \u0161tvorcovej ocele 12x12mm je mo\u017en\u00e9 skr\u00fati\u0165 za hodinu.<br \/>\n24-hodinov\u00e1 online slu\u017eba, dajte n\u00e1m vedie\u0165, ak m\u00e1te nejak\u00e9 ot\u00e1zky!<br \/>\n<strong>TECHNICK\u00dd PARAMETER<br \/>\n<\/strong><strong>Model: LC-DN25C<br \/>\nMaxim\u00e1lna pracovn\u00e1 schopnos\u0165:<\/strong> D\u013a\u017eka\u2264200-800 mm<br \/>\n<strong>\u0160tvorcov\u00e1 oce\u013e<\/strong> \u226425\u00d725 mm<br \/>\n<strong>Ploch\u00e1 \u017eehli\u010dka<\/strong> \u2264 30 x 8 mm<br \/>\n<strong>Moc:<\/strong> 4 kW<br \/>\n<strong>Za bezplatn\u00e9 kocky:<\/strong>6 s\u00e1d \u0161tvorcov\u00fdch oce\u013eov\u00fdch matr\u00edc, 3 sady mat\u00edc z ploch\u00e9ho \u017eeleza<br \/>\n<strong>Nap\u00e4tie:<\/strong>\u00a0220V\/380V\/415V<br \/>\n<strong>Rozmer balenia:<\/strong> 1400 \u00d7 620 \u00d7 1100 mm<br \/>\n<strong>NW (kg):<\/strong> 550\u00a0 \u00a0 \u00a0 <strong>GW (kg):<\/strong> 600<\/p>","protected":false},"featured_media":572,"template":"","meta":{"_kad_post_transparent":"default","_kad_post_title":"","_kad_post_layout":"default","_kad_post_sidebar_id":"","_kad_post_content_style":"default","_kad_post_vertical_padding":"default","_kad_post_feature":"","_kad_post_feature_position":"","_kad_post_header":false,"_kad_post_footer":false},"product_brand":[],"product_cat":[20,29],"product_tag":[113,112,107,108,109,110,111,106],"class_list":{"0":"post-552","1":"product","2":"type-product","3":"status-publish","4":"has-post-thumbnail","6":"product_cat-wrought-iron-twisting-machine","7":"product_cat-electric-wrought-iron-processing-machine","8":"product_tag-basket-iron-metal-twisting-machine","9":"product_tag-electric-twist-machine","10":"product_tag-electric-wrought-iron-end-folding-machine-for-sale","11":"product_tag-iron-bar-twisting-machine","12":"product_tag-torsion-and-twisting-machine","13":"product_tag-twisting-bending-machine","14":"product_tag-wrought-iron-machine","15":"product_tag-wrought-iron-picket-basket-twister-machine","17":"first","18":"instock","19":"shipping-taxable","20":"product-type-simple","21":"entry","22":"content-bg","23":"loop-entry"},"_links":{"self":[{"href":"https:\/\/zzlcmachinery.com\/sk\/wp-json\/wp\/v2\/product\/552","targetHints":{"allow":["GET"]}}],"collection":[{"href":"https:\/\/zzlcmachinery.com\/sk\/wp-json\/wp\/v2\/product"}],"about":[{"href":"https:\/\/zzlcmachinery.com\/sk\/wp-json\/wp\/v2\/types\/product"}],"version-history":[{"count":0,"href":"https:\/\/zzlcmachinery.com\/sk\/wp-json\/wp\/v2\/product\/552\/revisions"}],"wp:featuredmedia":[{"embeddable":true,"href":"https:\/\/zzlcmachinery.com\/sk\/wp-json\/wp\/v2\/media\/572"}],"wp:attachment":[{"href":"https:\/\/zzlcmachinery.com\/sk\/wp-json\/wp\/v2\/media?parent=552"}],"wp:term":[{"taxonomy":"product_brand","embeddable":true,"href":"https:\/\/zzlcmachinery.com\/sk\/wp-json\/wp\/v2\/product_brand?post=552"},{"taxonomy":"product_cat","embeddable":true,"href":"https:\/\/zzlcmachinery.com\/sk\/wp-json\/wp\/v2\/product_cat?post=552"},{"taxonomy":"product_tag","embeddable":true,"href":"https:\/\/zzlcmachinery.com\/sk\/wp-json\/wp\/v2\/product_tag?post=552"}],"curies":[{"name":"wp","href":"https:\/\/api.w.org\/{rel}","templated":true}]}}