{"id":544,"date":"2022-09-26T16:25:38","date_gmt":"2022-09-26T08:25:38","guid":{"rendered":"https:\/\/zzlcmachinery.com\/?post_type=product&#038;p=544"},"modified":"2023-02-09T20:13:17","modified_gmt":"2023-02-09T12:13:17","slug":"lc-c3-electric-hydraulic-pipe-bender-manufacturers-suppliers","status":"publish","type":"product","link":"https:\/\/zzlcmachinery.com\/sk\/produkt\/lc-c3-electric-hydraulic-pipe-bender-manufacturers-suppliers\/","title":{"rendered":"V\u00fdrobcovia a dod\u00e1vatelia elektrick\u00fdch hydraulick\u00fdch oh\u00fdba\u010diek r\u00far LC-C3"},"content":{"rendered":"","protected":false},"excerpt":{"rendered":"<p>Hlavn\u00fdm zdrojom energie pre v\u00fdrobcov a dod\u00e1vate\u013eov elektrick\u00fdch hydraulicko-hydraulick\u00fdch oh\u00fdba\u010diek r\u00far LC-C3 je hydraulick\u00fd syst\u00e9m,<br \/>\nHlavnou funkciou je, \u017ee sa d\u00e1 pou\u017ei\u0165 na spracovanie zakriven\u00fdch \u0161tvorcov\u00fdch a okr\u00fahlych r\u00far. Len jedna osoba m\u00f4\u017ee obsluhova\u0165 a ovl\u00e1da\u0165 cel\u00fd stroj a formu je mo\u017en\u00e9 vymeni\u0165 za 5 min\u00fat, \u010do \u0161etr\u00ed n\u00e1klady na pr\u00e1cu. Spracovan\u00e9 produkty nach\u00e1dzaj\u00fa \u0161irok\u00e9 uplatnenie pri v\u00fdrobe dver\u00ed, okien a z\u00e1bradl\u00ed. Stroj nemus\u00ed kl\u00e1s\u0165 z\u00e1klady a m\u00f4\u017ee sa pohybova\u0165 a pren\u00e1\u0161a\u0165, \u010do m\u00f4\u017ee sp\u013a\u0148a\u0165 potreby z\u00e1kazn\u00edkov. Pou\u017eite ho na r\u00f4znych pracovisk\u00e1ch.<br \/>\nStroj nesie n\u00e1hodne sadu 9 kombinovan\u00fdch foriem a formy je mo\u017en\u00e9 bezplatne prisp\u00f4sobi\u0165 pod\u013ea ve\u013ekosti materi\u00e1lu z\u00e1kazn\u00edka.<br \/>\n24-hodinov\u00e1 online slu\u017eba, dajte n\u00e1m vedie\u0165, ak m\u00e1te nejak\u00e9 ot\u00e1zky!<br \/>\n<strong>TECHNICK\u00dd PARAMETER<br \/>\n<\/strong><strong>Model: LC-C3<\/strong><br \/>\n<strong>Okr\u00fahla oce\u013e:<\/strong> \u03c616mm-76mm<br \/>\n<strong>\u0160tvorcov\u00e1 oce\u013e:<\/strong> \u226415\u00d715mm-80x80mm<br \/>\n<strong>Moc:<\/strong> 2,2 kW<br \/>\n<strong>Nap\u00e4tie:<\/strong>\u00a0220V\/380V\/415V<br \/>\n<strong>Rozmer balenia:<\/strong> 1000x700x1000 mm<br \/>\n<strong>NW (kg):<\/strong> 404<br \/>\n<strong>GW (kg):<\/strong> 450<\/p>","protected":false},"featured_media":546,"template":"","meta":{"_kad_post_transparent":"default","_kad_post_title":"","_kad_post_layout":"default","_kad_post_sidebar_id":"","_kad_post_content_style":"default","_kad_post_vertical_padding":"default","_kad_post_feature":"","_kad_post_feature_position":"","_kad_post_header":false,"_kad_post_footer":false},"product_brand":[],"product_cat":[30,26],"product_tag":[91,93,95,98,102,103,104,105],"class_list":{"0":"post-544","1":"product","2":"type-product","3":"status-publish","4":"has-post-thumbnail","6":"product_cat-electric-pipe-processing-machine","7":"product_cat-electric-pipe-bending-machine","8":"product_tag-electric-hydraulic-pipe-bender-manufacturers-suppliers","9":"product_tag-electric-pipe-bender","10":"product_tag-electric-pipe-benders-for-sale","11":"product_tag-hydraulic-pipe-bender-for-sale","12":"product_tag-round-pipe-and-square-tube-moulds-for-pipe-bending-machine","13":"product_tag-round-pipe-bending-machine-for-sale","14":"product_tag-square-tube-bender-for-sale","15":"product_tag-tube-pipe-bending-machine-withe-cheapest-price","17":"first","18":"instock","19":"shipping-taxable","20":"product-type-simple","21":"entry","22":"content-bg","23":"loop-entry"},"_links":{"self":[{"href":"https:\/\/zzlcmachinery.com\/sk\/wp-json\/wp\/v2\/product\/544","targetHints":{"allow":["GET"]}}],"collection":[{"href":"https:\/\/zzlcmachinery.com\/sk\/wp-json\/wp\/v2\/product"}],"about":[{"href":"https:\/\/zzlcmachinery.com\/sk\/wp-json\/wp\/v2\/types\/product"}],"version-history":[{"count":0,"href":"https:\/\/zzlcmachinery.com\/sk\/wp-json\/wp\/v2\/product\/544\/revisions"}],"wp:featuredmedia":[{"embeddable":true,"href":"https:\/\/zzlcmachinery.com\/sk\/wp-json\/wp\/v2\/media\/546"}],"wp:attachment":[{"href":"https:\/\/zzlcmachinery.com\/sk\/wp-json\/wp\/v2\/media?parent=544"}],"wp:term":[{"taxonomy":"product_brand","embeddable":true,"href":"https:\/\/zzlcmachinery.com\/sk\/wp-json\/wp\/v2\/product_brand?post=544"},{"taxonomy":"product_cat","embeddable":true,"href":"https:\/\/zzlcmachinery.com\/sk\/wp-json\/wp\/v2\/product_cat?post=544"},{"taxonomy":"product_tag","embeddable":true,"href":"https:\/\/zzlcmachinery.com\/sk\/wp-json\/wp\/v2\/product_tag?post=544"}],"curies":[{"name":"wp","href":"https:\/\/api.w.org\/{rel}","templated":true}]}}