{"id":518,"date":"2022-09-21T19:15:14","date_gmt":"2022-09-21T11:15:14","guid":{"rendered":"https:\/\/zzlcmachinery.com\/?post_type=product&#038;p=518"},"modified":"2022-11-22T16:37:52","modified_gmt":"2022-11-22T08:37:52","slug":"lc-f4-electric-multifunction-flat-steel-fishtail-end-forming-machine-for-metal-craft","status":"publish","type":"product","link":"https:\/\/zzlcmachinery.com\/sk\/produkt\/lc-f4-electric-multifunction-flat-steel-fishtail-end-forming-machine-for-metal-craft\/","title":{"rendered":"Elektrick\u00fd multifunk\u010dn\u00fd stroj na tvarovanie kon\u010dekov rybieho chvosta LC-F4 pre kovov\u00e9 remesl\u00e1"},"content":{"rendered":"","protected":false},"excerpt":{"rendered":"<p>Tento elektrick\u00fd multifunk\u010dn\u00fd stroj na tvarovanie koncov rybieho chvosta LC-F4 pre kovov\u00e9 remesl\u00e1 je multifunk\u010dn\u00fd stroj na spracovanie rybieho chvosta, ktor\u00fd dok\u00e1\u017ee spracova\u0165 nielen ploch\u00e9 \u017eelezo, okr\u00fahlu oce\u013e, \u0161tvorcov\u00fa oce\u013e do tvaru rybieho chvosta (ryb\u00ed chvost s jemn\u00fdm vzorom alebo ryb\u00ed chvost s hrub\u00fd vzor), ale m\u00f4\u017eu tie\u017e vytl\u00e1\u010da\u0165 \u0161picat\u00e9 a ploch\u00e9 vzory . Tento stroj je ve\u013emi cenovo v\u00fdhodn\u00fd pri n\u00e1kupe strojov na obr\u00e1banie ryb\u00edch chvostov! Je potrebn\u00e9 poznamena\u0165, \u017ee tento stroj na spracovanie rybieho chvosta LC-F4 mus\u00ed materi\u00e1l najsk\u00f4r zahria\u0165 a potom spracova\u0165, \u010do je lis na lisovanie za tepla.<br \/>\nTento stroj je navrhnut\u00fd so \u0161peci\u00e1lnou formou excentrick\u00e9ho hriade\u013ea, \u017eivotnos\u0165 je trikr\u00e1t v\u00e4\u010d\u0161ia ako \u017eivotnos\u0165 stroja F3 fishtail.<br \/>\n24-hodinov\u00e1 online slu\u017eba, dajte n\u00e1m vedie\u0165, ak m\u00e1te nejak\u00e9 ot\u00e1zky!<br \/>\n<strong>TECHNICK\u00dd PARAMETER<br \/>\n<\/strong><strong>Model: LC-F4<br \/>\n\u017dehli\u010dka:<\/strong> \u2264 8 \u00d7 50 mm<br \/>\n<strong>Okr\u00fahla oce\u013e:<\/strong> \u03c616 mm<br \/>\n<strong>\u0160tvorcov\u00e1 oce\u013e:<\/strong> \u2264 16 \u00d7 16 mm<br \/>\n<strong>Moc:<\/strong> 2,2 kW<br \/>\n<strong>Nap\u00e4tie:<\/strong>\u00a0220V\/380V\/415V<br \/>\n<strong>Rozmer balenia:<\/strong> 1220 \u00d7 600 \u00d7 1250 mm<br \/>\n<strong>NW (kg):<\/strong> 290<br \/>\n<strong>GW (kg):<\/strong> 340<\/p>","protected":false},"featured_media":522,"template":"","meta":{"_kad_post_transparent":"default","_kad_post_title":"","_kad_post_layout":"default","_kad_post_sidebar_id":"","_kad_post_content_style":"default","_kad_post_vertical_padding":"default","_kad_post_feature":"","_kad_post_feature_position":"","_kad_post_header":false,"_kad_post_footer":false},"product_brand":[],"product_cat":[29,24],"product_tag":[79,86,87,90,80,88,85,83,89],"class_list":{"0":"post-518","1":"product","2":"type-product","3":"status-publish","4":"has-post-thumbnail","6":"product_cat-electric-wrought-iron-processing-machine","7":"product_cat-wrought-iron-fishtail-forging-machine","8":"product_tag-blacksmith-rolling-mill-for-sale","9":"product_tag-china-hot-roll-fishtail-making-mchine","10":"product_tag-die-for-wrought-iron-fishtail-making-machine","11":"product_tag-electric-multifunction-flat-steel-fishtail-end-forming-machine-for-metal-craft","12":"product_tag-fishtail-end-forging-machine","13":"product_tag-fishtail-machine-supplier-and-manufacturer-in-china","14":"product_tag-flat-steel-fishtail-end-forming-machine","15":"product_tag-hot-roll-fishtail-mill-machine","16":"product_tag-metal-fishtail-coining-machine-wrought-iron-machine","18":"first","19":"instock","20":"shipping-taxable","21":"product-type-simple","22":"entry","23":"content-bg","24":"loop-entry"},"_links":{"self":[{"href":"https:\/\/zzlcmachinery.com\/sk\/wp-json\/wp\/v2\/product\/518","targetHints":{"allow":["GET"]}}],"collection":[{"href":"https:\/\/zzlcmachinery.com\/sk\/wp-json\/wp\/v2\/product"}],"about":[{"href":"https:\/\/zzlcmachinery.com\/sk\/wp-json\/wp\/v2\/types\/product"}],"version-history":[{"count":0,"href":"https:\/\/zzlcmachinery.com\/sk\/wp-json\/wp\/v2\/product\/518\/revisions"}],"wp:featuredmedia":[{"embeddable":true,"href":"https:\/\/zzlcmachinery.com\/sk\/wp-json\/wp\/v2\/media\/522"}],"wp:attachment":[{"href":"https:\/\/zzlcmachinery.com\/sk\/wp-json\/wp\/v2\/media?parent=518"}],"wp:term":[{"taxonomy":"product_brand","embeddable":true,"href":"https:\/\/zzlcmachinery.com\/sk\/wp-json\/wp\/v2\/product_brand?post=518"},{"taxonomy":"product_cat","embeddable":true,"href":"https:\/\/zzlcmachinery.com\/sk\/wp-json\/wp\/v2\/product_cat?post=518"},{"taxonomy":"product_tag","embeddable":true,"href":"https:\/\/zzlcmachinery.com\/sk\/wp-json\/wp\/v2\/product_tag?post=518"}],"curies":[{"name":"wp","href":"https:\/\/api.w.org\/{rel}","templated":true}]}}