{"id":514,"date":"2022-09-21T16:28:06","date_gmt":"2022-09-21T08:28:06","guid":{"rendered":"https:\/\/zzlcmachinery.com\/?post_type=product&#038;p=514"},"modified":"2022-11-22T16:23:12","modified_gmt":"2022-11-22T08:23:12","slug":"lc-c2-electric-multi-function-pipe-bending-machine-square-tube-round-pipe-bender","status":"publish","type":"product","link":"https:\/\/zzlcmachinery.com\/sk\/produkt\/lc-c2-electric-multi-function-pipe-bending-machine-square-tube-round-pipe-bender\/","title":{"rendered":"Elektrick\u00e1 multifunk\u010dn\u00e1 oh\u00fdba\u010dka r\u00far LC-C2 oh\u00fdba\u010dka \u0161tvorcov\u00fdch r\u00farok a okr\u00fahlych r\u00far"},"content":{"rendered":"","protected":false},"excerpt":{"rendered":"<p>Hlavnou funkciou elektrick\u00e9ho multifunk\u010dn\u00e9ho stroja na oh\u00fdbanie r\u00farok LC-C2 je to, \u017ee sa d\u00e1 pou\u017ei\u0165 na spracovanie zakriven\u00fdch \u0161tvorcov\u00fdch a okr\u00fahlych r\u00far. \u00dapravou polohy lo\u017eiska mo\u017eno meni\u0165 tvar hranat\u00fdch a okr\u00fahlych r\u00farok, tak\u017ee spracov\u00e1van\u00fd materi\u00e1l mo\u017eno tvarova\u0165 do kruhov a uhlov s r\u00f4znymi priemermi, \u010do je jednoduch\u00e9 na obsluhu. Prenosn\u00e9 a \u0161ir\u0161ie.<br \/>\nStroj n\u00e1hodne nesie s\u00fapravu 9 kombinovan\u00fdch foriem, bezplatn\u00e9 vlastn\u00e9 formy je mo\u017en\u00e9 vyrobi\u0165 pod\u013ea ve\u013ekosti materi\u00e1lu z\u00e1kazn\u00edka<br \/>\n24-hodinov\u00e1 online slu\u017eba, dajte n\u00e1m vedie\u0165, ak m\u00e1te nejak\u00e9 ot\u00e1zky!<br \/>\n<strong>TECHNICK\u00dd PARAMETER<br \/>\n<\/strong><strong>Model: LC-C2<\/strong><br \/>\n<strong>Okr\u00fahla oce\u013e:<\/strong> \u03c616mm-76mm<br \/>\n<strong>\u0160tvorcov\u00e1 oce\u013e:<\/strong> \u226415\u00d715mm-80x80mm<br \/>\n<strong>Moc:<\/strong> 1,1 kW<br \/>\n<strong>Nap\u00e4tie:<\/strong>\u00a0220V\/380V\/415V<br \/>\n<strong>Rozmer balenia:<\/strong> 1000x700x1000 mm<br \/>\n<strong>NW (kg):<\/strong> 210<br \/>\n<strong>GW (kg):<\/strong> 270<\/p>","protected":false},"featured_media":536,"template":"","meta":{"_kad_post_transparent":"default","_kad_post_title":"","_kad_post_layout":"default","_kad_post_sidebar_id":"","_kad_post_content_style":"default","_kad_post_vertical_padding":"default","_kad_post_feature":"","_kad_post_feature_position":"","_kad_post_header":false,"_kad_post_footer":false},"product_brand":[],"product_cat":[30,26],"product_tag":[91,92,93,94,95,96,97,100,101,98,99],"class_list":{"0":"post-514","1":"product","2":"type-product","3":"status-publish","4":"has-post-thumbnail","6":"product_cat-electric-pipe-processing-machine","7":"product_cat-electric-pipe-bending-machine","8":"product_tag-electric-hydraulic-pipe-bender-manufacturers-suppliers","9":"product_tag-electric-multi-function-pipe-bending-machine-square-tube-round-pipe-bender","10":"product_tag-electric-pipe-bender","11":"product_tag-electric-pipe-bender-for-sale","12":"product_tag-electric-pipe-benders-for-sale","13":"product_tag-electric-pipe-tube-bender","14":"product_tag-electric-pipe-tube-bendng-machine","15":"product_tag-electric-round-tube-bending-machine","16":"product_tag-electric-square-tube-bending-machine","17":"product_tag-hydraulic-pipe-bender-for-sale","18":"product_tag-pipe-bending-solution-for-sale","20":"first","21":"instock","22":"shipping-taxable","23":"product-type-simple","24":"entry","25":"content-bg","26":"loop-entry"},"_links":{"self":[{"href":"https:\/\/zzlcmachinery.com\/sk\/wp-json\/wp\/v2\/product\/514","targetHints":{"allow":["GET"]}}],"collection":[{"href":"https:\/\/zzlcmachinery.com\/sk\/wp-json\/wp\/v2\/product"}],"about":[{"href":"https:\/\/zzlcmachinery.com\/sk\/wp-json\/wp\/v2\/types\/product"}],"version-history":[{"count":0,"href":"https:\/\/zzlcmachinery.com\/sk\/wp-json\/wp\/v2\/product\/514\/revisions"}],"wp:featuredmedia":[{"embeddable":true,"href":"https:\/\/zzlcmachinery.com\/sk\/wp-json\/wp\/v2\/media\/536"}],"wp:attachment":[{"href":"https:\/\/zzlcmachinery.com\/sk\/wp-json\/wp\/v2\/media?parent=514"}],"wp:term":[{"taxonomy":"product_brand","embeddable":true,"href":"https:\/\/zzlcmachinery.com\/sk\/wp-json\/wp\/v2\/product_brand?post=514"},{"taxonomy":"product_cat","embeddable":true,"href":"https:\/\/zzlcmachinery.com\/sk\/wp-json\/wp\/v2\/product_cat?post=514"},{"taxonomy":"product_tag","embeddable":true,"href":"https:\/\/zzlcmachinery.com\/sk\/wp-json\/wp\/v2\/product_tag?post=514"}],"curies":[{"name":"wp","href":"https:\/\/api.w.org\/{rel}","templated":true}]}}