{"id":491,"date":"2022-09-18T23:48:30","date_gmt":"2022-09-18T15:48:30","guid":{"rendered":"https:\/\/zzlcmachinery.com\/?post_type=product&#038;p=491"},"modified":"2022-11-22T16:09:22","modified_gmt":"2022-11-22T08:09:22","slug":"lc-f3-decorative-automatic-blacksmith-fishtail-making-machine-for-sale","status":"publish","type":"product","link":"https:\/\/zzlcmachinery.com\/sk\/produkt\/lc-f3-decorative-automatic-blacksmith-fishtail-making-machine-for-sale\/","title":{"rendered":"LC-F3 Dekorat\u00edvny automatick\u00fd kov\u00e1\u010dsky stroj na v\u00fdrobu rybieho chvosta na predaj"},"content":{"rendered":"","protected":false},"excerpt":{"rendered":"<p>LC-F3 Dekorat\u00edvny automatick\u00fd kov\u00e1\u010dsky stroj na v\u00fdrobu ryb\u00edch chvostov na predaj,Tento stroj mo\u017eno priamo pou\u017ei\u0165 na spracovanie ploch\u00e9ho \u017eeleza, okr\u00fahlej ocele a \u0161tvorcovej ocele bez potreby splo\u0161tenia materi\u00e1lu, preto\u017ee spracovan\u00fd produkt je podobn\u00fd chvostu ryby, preto sa tomu hovor\u00ed stroj na v\u00fdrobu ryb\u00edch chvostov. Tento stroj na spracovanie rybieho chvosta je vybaven\u00fd cykl\u00f3nov\u00fdm reduktorom, ktor\u00fd m\u00e1 ve\u013ek\u00fd kr\u00fatiaci moment. \u0160peci\u00e1lny sp\u00f4sob prenosu kr\u00fatiaceho momentu medzi prevodovkou a pracovnou oblas\u0165ou. Zabezpe\u010dte plynul\u00fa a spo\u013eahliv\u00fa prev\u00e1dzku strojov. Stroj m\u00e1 polohovacie zariadenie strme\u0148a a d\u013a\u017eku pod\u00e1vania je mo\u017en\u00e9 nastavi\u0165 pod\u013ea potreby. Dok\u00e1\u017ee vyrobi\u0165 300ks ryb\u00edch chvostov 8x40mm za hodinu a vysok\u00e1 efektivita v\u00fdroby vytv\u00e1ra potrebn\u00e9 podmienky pre s\u00e9riov\u00fa v\u00fdrobu dver\u00ed a okien.<br \/>\n24-hodinov\u00e1 online slu\u017eba, dajte n\u00e1m vedie\u0165, ak m\u00e1te nejak\u00e9 ot\u00e1zky!<br \/>\n<strong>TECHNICK\u00dd PARAMETER<br \/>\n<\/strong><strong>Model: LC-F3<br \/>\n\u017dehli\u010dka:<\/strong> \u2264 8 \u00d7 50 mm<br \/>\n<strong>Okr\u00fahla oce\u013e:<\/strong> \u03c616 mm<br \/>\n<strong>\u0160tvorcov\u00e1 oce\u013e:<\/strong> \u2264 16 \u00d7 16 mm<br \/>\n<strong>Moc:<\/strong> 2,2 kW<br \/>\n<strong>Nap\u00e4tie:<\/strong>\u00a0220V\/380V\/415V<br \/>\n<strong>Rozmer balenia:<\/strong> 1165\u00d7560\u00d71100 mm<br \/>\n<strong>NW (kg):<\/strong> 350<br \/>\n<strong>GW (kg):<\/strong> 400<\/p>","protected":false},"featured_media":507,"template":"","meta":{"_kad_post_transparent":"default","_kad_post_title":"","_kad_post_layout":"default","_kad_post_sidebar_id":"","_kad_post_content_style":"default","_kad_post_vertical_padding":"default","_kad_post_feature":"","_kad_post_feature_position":"","_kad_post_header":false,"_kad_post_footer":false},"product_brand":[],"product_cat":[29,24],"product_tag":[79,80,82,81,83,84],"class_list":{"0":"post-491","1":"product","2":"type-product","3":"status-publish","4":"has-post-thumbnail","6":"product_cat-electric-wrought-iron-processing-machine","7":"product_cat-wrought-iron-fishtail-forging-machine","8":"product_tag-blacksmith-rolling-mill-for-sale","9":"product_tag-fishtail-end-forging-machine","10":"product_tag-fishtail-machine","11":"product_tag-fishtail-machine-manufacturer-supplier","12":"product_tag-hot-roll-fishtail-mill-machine","13":"product_tag-wrought-iron-forging-fishtail-making-machine","15":"first","16":"instock","17":"shipping-taxable","18":"product-type-simple","19":"entry","20":"content-bg","21":"loop-entry"},"_links":{"self":[{"href":"https:\/\/zzlcmachinery.com\/sk\/wp-json\/wp\/v2\/product\/491","targetHints":{"allow":["GET"]}}],"collection":[{"href":"https:\/\/zzlcmachinery.com\/sk\/wp-json\/wp\/v2\/product"}],"about":[{"href":"https:\/\/zzlcmachinery.com\/sk\/wp-json\/wp\/v2\/types\/product"}],"version-history":[{"count":0,"href":"https:\/\/zzlcmachinery.com\/sk\/wp-json\/wp\/v2\/product\/491\/revisions"}],"wp:featuredmedia":[{"embeddable":true,"href":"https:\/\/zzlcmachinery.com\/sk\/wp-json\/wp\/v2\/media\/507"}],"wp:attachment":[{"href":"https:\/\/zzlcmachinery.com\/sk\/wp-json\/wp\/v2\/media?parent=491"}],"wp:term":[{"taxonomy":"product_brand","embeddable":true,"href":"https:\/\/zzlcmachinery.com\/sk\/wp-json\/wp\/v2\/product_brand?post=491"},{"taxonomy":"product_cat","embeddable":true,"href":"https:\/\/zzlcmachinery.com\/sk\/wp-json\/wp\/v2\/product_cat?post=491"},{"taxonomy":"product_tag","embeddable":true,"href":"https:\/\/zzlcmachinery.com\/sk\/wp-json\/wp\/v2\/product_tag?post=491"}],"curies":[{"name":"wp","href":"https:\/\/api.w.org\/{rel}","templated":true}]}}