{"id":476,"date":"2022-09-18T16:47:50","date_gmt":"2022-09-18T08:47:50","guid":{"rendered":"https:\/\/zzlcmachinery.com\/?post_type=product&#038;p=476"},"modified":"2022-11-22T16:06:50","modified_gmt":"2022-11-22T08:06:50","slug":"lc-dw16d-wrought-iron-metal-scroll-bender-automatic-scroll-bending-machine-for-processing-gate-and-windows","status":"publish","type":"product","link":"https:\/\/zzlcmachinery.com\/sk\/produkt\/lc-dw16d-wrought-iron-metal-scroll-bender-automatic-scroll-bending-machine-for-processing-gate-and-windows\/","title":{"rendered":"LC-DW16D Kovan\u00e1 kovov\u00e1 oh\u00fdba\u010dka zvitkov Automatick\u00e1 oh\u00fdba\u010dka zvitkov na spracovanie br\u00e1n a okien"},"content":{"rendered":"","protected":false},"excerpt":{"rendered":"<p>Tento LC-DW16D oh\u00fdba\u010dka kovov z tepan\u00e9ho \u017eeleza automatick\u00e1 oh\u00fdba\u010dka na oh\u00fdbanie br\u00e1n a okien je ve\u013emi vhodn\u00e1 pre \u0161\u00e9fa, ktor\u00fd prev\u00e1dzkuje kov\u00e1\u010dsku diel\u0148u alebo in\u0161tit\u00faciu pre za\u010diato\u010dn\u00edkov v oblasti spracovania kovov v eur\u00f3pskom \u0161t\u00fdle. Tento stroj sa dod\u00e1va s 9 sadami bezplatn\u00fdch foriem , z toho 6 s\u00e1d foriem sa pou\u017e\u00edva na oh\u00fdbanie vzorov \u201eC\u201c, \u201eP\u201c, \u201eS\u201c r\u00f4znych ve\u013ekost\u00ed a \u010fal\u0161ie 3 s\u00fapravy foriem sa pou\u017e\u00edvaj\u00fa na spracovanie vzorov \u0161peci\u00e1lnych tvarov, ako s\u00fa obl\u00faky, zakriven\u00e9 rohy , narovnan\u00e9, d\u00e1vkovo zakriven\u00e9 mal\u00e9 kruhy at\u010f.<br \/>\n24-hodinov\u00e1 online slu\u017eba, \u010dak\u00e1me na va\u0161u ot\u00e1zku!<br \/>\n<strong>TECHNICK\u00dd PARAMETER<br \/>\n<\/strong><strong>Model: LC-DW16D<br \/>\n\u017dehli\u010dka:<\/strong> \u2264 8 \u00d7 50 mm<br \/>\n<strong>Okr\u00fahla oce\u013e:<\/strong> \u03c616 mm<br \/>\n<strong>\u0160tvorcov\u00e1 oce\u013e:<\/strong> \u2264 16 \u00d7 16 mm<br \/>\n<strong>R\u00fdchlos\u0165 rolovania:<\/strong> 500 ks \/H<br \/>\n<strong>Moc:<\/strong> 2,2 kW<br \/>\n<strong>Nap\u00e4tie:<\/strong>\u00a0220V\/380V\/415V<br \/>\n<strong>Rozmer balenia:<\/strong> 1000 \u00d7 700 \u00d7 1200 mm<br \/>\n<strong>NW (kg):<\/strong> 420<br \/>\n<strong>GW (kg):<\/strong> 450<\/p>","protected":false},"featured_media":478,"template":"","meta":{"_kad_post_transparent":"default","_kad_post_title":"","_kad_post_layout":"default","_kad_post_sidebar_id":"","_kad_post_content_style":"default","_kad_post_vertical_padding":"default","_kad_post_feature":"","_kad_post_feature_position":"","_kad_post_header":false,"_kad_post_footer":false},"product_brand":[],"product_cat":[29,27],"product_tag":[68,64,65,66,67,51],"class_list":{"0":"post-476","1":"product","2":"type-product","3":"status-publish","4":"has-post-thumbnail","6":"product_cat-electric-wrought-iron-processing-machine","7":"product_cat-electric-scroll-bending-machine","8":"product_tag-3-special-shaped-device-molds-for-electric-scroll-bending-machine","9":"product_tag-electric-metal-bender-for-sale","10":"product_tag-induction-forge-for-sale","11":"product_tag-metal-roller-bender-for-sale","12":"product_tag-scroll-bender","13":"product_tag-wrought-iron-bending-machine","15":"first","16":"instock","17":"shipping-taxable","18":"product-type-simple","19":"entry","20":"content-bg","21":"loop-entry"},"_links":{"self":[{"href":"https:\/\/zzlcmachinery.com\/sk\/wp-json\/wp\/v2\/product\/476","targetHints":{"allow":["GET"]}}],"collection":[{"href":"https:\/\/zzlcmachinery.com\/sk\/wp-json\/wp\/v2\/product"}],"about":[{"href":"https:\/\/zzlcmachinery.com\/sk\/wp-json\/wp\/v2\/types\/product"}],"version-history":[{"count":0,"href":"https:\/\/zzlcmachinery.com\/sk\/wp-json\/wp\/v2\/product\/476\/revisions"}],"wp:featuredmedia":[{"embeddable":true,"href":"https:\/\/zzlcmachinery.com\/sk\/wp-json\/wp\/v2\/media\/478"}],"wp:attachment":[{"href":"https:\/\/zzlcmachinery.com\/sk\/wp-json\/wp\/v2\/media?parent=476"}],"wp:term":[{"taxonomy":"product_brand","embeddable":true,"href":"https:\/\/zzlcmachinery.com\/sk\/wp-json\/wp\/v2\/product_brand?post=476"},{"taxonomy":"product_cat","embeddable":true,"href":"https:\/\/zzlcmachinery.com\/sk\/wp-json\/wp\/v2\/product_cat?post=476"},{"taxonomy":"product_tag","embeddable":true,"href":"https:\/\/zzlcmachinery.com\/sk\/wp-json\/wp\/v2\/product_tag?post=476"}],"curies":[{"name":"wp","href":"https:\/\/api.w.org\/{rel}","templated":true}]}}