{"id":456,"date":"2022-09-16T14:18:00","date_gmt":"2022-09-16T06:18:00","guid":{"rendered":"https:\/\/zzlcmachinery.com\/?post_type=product&#038;p=456"},"modified":"2022-09-21T21:59:14","modified_gmt":"2022-09-21T13:59:14","slug":"lc-dl60c-metal-tube-wrought-iron-cold-rolling-embossing-machine-for-sale","status":"publish","type":"product","link":"https:\/\/zzlcmachinery.com\/sk\/produkt\/lc-dl60c-metal-tube-wrought-iron-cold-rolling-embossing-machine-for-sale\/","title":{"rendered":"LC-DL60C Kovov\u00e9 r\u00farky kovan\u00e9 \u017eelezn\u00e9 valcovanie za studena raziaci stroj na predaj"},"content":{"rendered":"","protected":false},"excerpt":{"rendered":"<p>Tento raziaci stroj LC-DL60C na kovov\u00e9 r\u00farky z tepan\u00e9ho \u017eeleza na valcovanie za studena na predaj je profesion\u00e1lne zariadenie na valcovanie za studena alebo kovanie kovov\u00fdch materi\u00e1lov. Najv\u00fdznamnej\u0161ou funkciou tohto stroja je, \u017ee dok\u00e1\u017ee spracova\u0165 r\u00farky z\u00e1bradlia schodiska a transformova\u0165 oby\u010dajn\u00fa okr\u00fahlu r\u00farku na z\u00e1bradlie schodiska deform\u00e1ciou okr\u00fahlej r\u00farky. tvar, n\u00e1hodn\u00e9 2 sady bezplatn\u00fdch foriem na z\u00e1bradlie schodiska a 15 s\u00e1d in\u00fdch bezplatn\u00fdch foriem (formy na ploch\u00e9 \u017eelezo, \u0161tvorcov\u00fa oce\u013e, kruhov\u00fa oce\u013e, \u0161tvorcov\u00e9 r\u00farkov\u00e9 materi\u00e1ly), poskytujeme bezplatn\u00fa slu\u017ebu vlastn\u00fdch foriem, te\u0161\u00edme sa na va\u0161u ot\u00e1zku!<br \/>\n<strong>TECHNICK\u00dd PARAMETER<br \/>\n<\/strong><strong>Model: LC-DL60C<\/strong><br \/>\n<strong>\u017dehli\u010dka:<\/strong>\u00a0\u2264 10 \u00d7 60 mm<br \/>\n<strong>\u0160tvorcov\u00e1 oce\u013e:<\/strong>\u00a0\u2264 25 \u00d7 25 mm<br \/>\n<strong>\u0160tvorcov\u00e1 trubica:<\/strong>\u00a0\u2264 60 \u00d7 60 mm<br \/>\n<strong>R\u00fdchlos\u0165 rolovania:<\/strong> 308 M\/H<br \/>\n<strong>Moc:<\/strong> 7,5 kW<br \/>\n<strong>Nap\u00e4tie:<\/strong> 220V\/380V\/415V 50HZ<br \/>\n<strong>Rozmer balenia:<\/strong>\u00a01900\u00d7710\u00d71420 mm<br \/>\n<strong>NW (kg):<\/strong> 1310<br \/>\n<strong>GW (kg):<\/strong> 1410<\/p>","protected":false},"featured_media":463,"template":"","meta":{"_kad_post_transparent":"default","_kad_post_title":"hide","_kad_post_layout":"fullwidth","_kad_post_sidebar_id":"","_kad_post_content_style":"unboxed","_kad_post_vertical_padding":"hide","_kad_post_feature":"hide","_kad_post_feature_position":"","_kad_post_header":false,"_kad_post_footer":false},"product_brand":[],"product_cat":[29,19],"product_tag":[47,62,61,63,45,60,58,59],"class_list":{"0":"post-456","1":"product","2":"type-product","3":"status-publish","4":"has-post-thumbnail","6":"product_cat-electric-wrought-iron-processing-machine","7":"product_cat-cold-rolling-embossing-machine","8":"product_tag-cold-rolling-embossing-machine","9":"product_tag-electric-wrought-iron-machine","10":"product_tag-iron-ornamental-embossing-machine","11":"product_tag-lc-dl60c-handrail-dies-options-for-round-pipe-embossing-machine","12":"product_tag-steel-pipe-roller-embossing-machine","13":"product_tag-the-round-tube-becomes-a-stair-handrail-after-being-processed-by-the-tube-embossing-machine","14":"product_tag-tube-embossing-machine","15":"product_tag-wrought-iron-cold-rolling-embossing-machine","17":"first","18":"instock","19":"shipping-taxable","20":"product-type-simple","21":"entry","22":"content-bg","23":"loop-entry"},"_links":{"self":[{"href":"https:\/\/zzlcmachinery.com\/sk\/wp-json\/wp\/v2\/product\/456","targetHints":{"allow":["GET"]}}],"collection":[{"href":"https:\/\/zzlcmachinery.com\/sk\/wp-json\/wp\/v2\/product"}],"about":[{"href":"https:\/\/zzlcmachinery.com\/sk\/wp-json\/wp\/v2\/types\/product"}],"version-history":[{"count":0,"href":"https:\/\/zzlcmachinery.com\/sk\/wp-json\/wp\/v2\/product\/456\/revisions"}],"wp:featuredmedia":[{"embeddable":true,"href":"https:\/\/zzlcmachinery.com\/sk\/wp-json\/wp\/v2\/media\/463"}],"wp:attachment":[{"href":"https:\/\/zzlcmachinery.com\/sk\/wp-json\/wp\/v2\/media?parent=456"}],"wp:term":[{"taxonomy":"product_brand","embeddable":true,"href":"https:\/\/zzlcmachinery.com\/sk\/wp-json\/wp\/v2\/product_brand?post=456"},{"taxonomy":"product_cat","embeddable":true,"href":"https:\/\/zzlcmachinery.com\/sk\/wp-json\/wp\/v2\/product_cat?post=456"},{"taxonomy":"product_tag","embeddable":true,"href":"https:\/\/zzlcmachinery.com\/sk\/wp-json\/wp\/v2\/product_tag?post=456"}],"curies":[{"name":"wp","href":"https:\/\/api.w.org\/{rel}","templated":true}]}}