{"id":361,"date":"2022-12-14T00:01:11","date_gmt":"2022-12-13T16:01:11","guid":{"rendered":"https:\/\/zzlcmachinery.com\/?post_type=product&#038;p=361"},"modified":"2022-12-14T00:41:27","modified_gmt":"2022-12-13T16:41:27","slug":"jk-100-metal-sheet-embossing-machine-manufacturers-suppliers","status":"publish","type":"product","link":"https:\/\/zzlcmachinery.com\/sk\/produkt\/jk-100-metal-sheet-embossing-machine-manufacturers-suppliers\/","title":{"rendered":"V\u00fdrobcovia a dod\u00e1vatelia raziacich strojov JK-100"},"content":{"rendered":"","protected":false},"excerpt":{"rendered":"<p>V\u00fdrobcovia a dod\u00e1vatelia tohto raziaceho stroja na plech JK-100 s\u00fa profesion\u00e1lne stroje na spracovanie plechu. Materi\u00e1l, ktor\u00fd je mo\u017en\u00e9 spracova\u0165, s\u00fa: \u017eelezn\u00fd plech, hlin\u00edkov\u00fd plech, meden\u00fd plech, plech z nehrdzavej\u00facej ocele at\u010f. M\u00e1 mnoho v\u00fdhod, ktor\u00e9 z neho robia z\u00e1kladn\u00fa vo\u013ebu stroja pre pr\u00e1cu s kovan\u00edm:<br \/>\n1. Vzor je mo\u017en\u00e9 vybra\u0165 vo\u013ene, poskytujeme slu\u017ebu prisp\u00f4sobenia formy.<br \/>\n2. R\u00fdchlos\u0165 spracovania stroja je mo\u017en\u00e9 nastavi\u0165.<br \/>\n3. Plech valcovan\u00fd za studena, vzor je vynikaj\u00faci a nebude deformovan\u00fd.<br \/>\n4. \u0160\u00edrka a hr\u00fabka materi\u00e1lu na spracovanie stroja m\u00f4\u017ee by\u0165 prisp\u00f4soben\u00e1 pod\u013ea materi\u00e1lu z\u00e1kazn\u00edka.<br \/>\n5. Lacn\u00e1 cena vysok\u00e1 kvalita, mal\u00e9 CBM a lacn\u00e1 preprava.<br \/>\n<strong>TECHNICK\u00dd PARAMETER<\/strong><br \/>\n<strong>Materi\u00e1l:<\/strong>\u00a0\u017delezn\u00fd plech, Hlin\u00edkov\u00fd plech, Meden\u00fd plech, Plech z nehrdzavej\u00facej ocele<br \/>\n<strong>\u0160\u00edrka materi\u00e1lu: 100<\/strong>mm<br \/>\n<strong>Hr\u00fabka materi\u00e1lu<\/strong>: maxim\u00e1lne 2 mm<br \/>\n<strong>Moc:<\/strong> 2,2 kW (Pod\u013ea \u0161\u00edrky a hr\u00fabky valcovan\u00e9ho materi\u00e1lu pod\u013ea skuto\u010dn\u00fdch potrieb z\u00e1kazn\u00edkov)<br \/>\n<strong>Nap\u00e4tie:<\/strong>\u00a0220V\/380V\/415V<br \/>\n<strong>Rozmer balenia:<\/strong>\u00a01500 \u00d7 710 \u00d7 800 mm<br \/>\n<strong>NW (kg):<\/strong>\u00a0350<br \/>\n<strong>GW (kg):<\/strong>\u00a0400<\/p>","protected":false},"featured_media":1542,"template":"","meta":{"_kad_post_transparent":"default","_kad_post_title":"","_kad_post_layout":"default","_kad_post_sidebar_id":"","_kad_post_content_style":"default","_kad_post_vertical_padding":"default","_kad_post_feature":"","_kad_post_feature_position":"","_kad_post_header":false,"_kad_post_footer":false},"product_brand":[],"product_cat":[19,29],"product_tag":[528,526,525,527,529,520,524,523],"class_list":{"0":"post-361","1":"product","2":"type-product","3":"status-publish","4":"has-post-thumbnail","6":"product_cat-cold-rolling-embossing-machine","7":"product_cat-electric-wrought-iron-processing-machine","8":"product_tag-china-metal-sheet-embossing-machine-factory-suppliers","9":"product_tag-low-price-automatic-metal-sheet-embossing-machine","10":"product_tag-metal-embossing-machine-line","11":"product_tag-metal-sheet-embossing-machine","12":"product_tag-metal-sheet-embossing-machine-at-best-price","13":"product_tag-metal-sheet-embossing-machine-manufacturers-suppliers","14":"product_tag-sheet-metal-embossing-machine","15":"product_tag-sheet-metal-manufacturing","17":"first","18":"instock","19":"shipping-taxable","20":"product-type-simple","21":"entry","22":"content-bg","23":"loop-entry"},"_links":{"self":[{"href":"https:\/\/zzlcmachinery.com\/sk\/wp-json\/wp\/v2\/product\/361","targetHints":{"allow":["GET"]}}],"collection":[{"href":"https:\/\/zzlcmachinery.com\/sk\/wp-json\/wp\/v2\/product"}],"about":[{"href":"https:\/\/zzlcmachinery.com\/sk\/wp-json\/wp\/v2\/types\/product"}],"version-history":[{"count":0,"href":"https:\/\/zzlcmachinery.com\/sk\/wp-json\/wp\/v2\/product\/361\/revisions"}],"wp:featuredmedia":[{"embeddable":true,"href":"https:\/\/zzlcmachinery.com\/sk\/wp-json\/wp\/v2\/media\/1542"}],"wp:attachment":[{"href":"https:\/\/zzlcmachinery.com\/sk\/wp-json\/wp\/v2\/media?parent=361"}],"wp:term":[{"taxonomy":"product_brand","embeddable":true,"href":"https:\/\/zzlcmachinery.com\/sk\/wp-json\/wp\/v2\/product_brand?post=361"},{"taxonomy":"product_cat","embeddable":true,"href":"https:\/\/zzlcmachinery.com\/sk\/wp-json\/wp\/v2\/product_cat?post=361"},{"taxonomy":"product_tag","embeddable":true,"href":"https:\/\/zzlcmachinery.com\/sk\/wp-json\/wp\/v2\/product_tag?post=361"}],"curies":[{"name":"wp","href":"https:\/\/api.w.org\/{rel}","templated":true}]}}