{"id":1552,"date":"2022-12-14T00:42:52","date_gmt":"2022-12-13T16:42:52","guid":{"rendered":"https:\/\/zzlcmachinery.com\/?post_type=product&#038;p=1552"},"modified":"2023-03-08T12:35:05","modified_gmt":"2023-03-08T04:35:05","slug":"jk-300-factory-directly-automatic-metal-sheet-embossing-machine","status":"publish","type":"product","link":"https:\/\/zzlcmachinery.com\/sk\/produkt\/jk-300-factory-directly-automatic-metal-sheet-embossing-machine\/","title":{"rendered":"JK-300 Factory priamo automatick\u00fd stroj na razenie plechu"},"content":{"rendered":"","protected":false},"excerpt":{"rendered":"<p>Tento priamo automatick\u00fd stroj na razenie plechu JK-300 Factory dok\u00e1\u017ee spracova\u0165 plechov\u00e9 plechy valcovan\u00e9 za studena, hlin\u00edkov\u00e9 plechy, plechy z nehrdzavej\u00facej ocele a plechov\u00e9 meden\u00e9 plechy pod\u013ea vzorov, ktor\u00e9 z\u00e1kazn\u00edci po\u017eaduj\u00fa. Sada foriem je n\u00e1hodne dod\u00e1van\u00e1 so strojom. N\u00e1\u0161 technick\u00fd t\u00edm m\u00f4\u017ee poskytn\u00fa\u0165 bezplatn\u00e9 slu\u017eby vlastn\u00e9ho dizajnu pre formy. R\u00f4zne v\u00fdbery vzorov ur\u010dite umo\u017enia z\u00e1kazn\u00edkom s\u00fa\u0165a\u017ei\u0165 na ne\u013e\u00fatostnom miestnom trhu. Od konkurencie sa odli\u0161uje jedine\u010dn\u00fdm vzorom.<br \/>\nSpracovan\u00fd hotov\u00fd v\u00fdrobok je mo\u017en\u00e9 \u010falej razi\u0165 do tvaru, ak\u00fd si z\u00e1kazn\u00edk \u017eel\u00e1 na z\u00e1rub\u0148u, mre\u017eu, r\u00e1m okna, v\u00fdpl\u0148 dver\u00ed, zelen\u00e9 z\u00e1bradlie a pod. V\u0161etko je mo\u017en\u00e9 pou\u017ei\u0165 do tenk\u00fdch \u017eelezn\u00fdch pl\u00e1tov so vzormi.<br \/>\n<strong>TECHNICK\u00dd PARAMETER<\/strong><br \/>\n<strong>Materi\u00e1l:<\/strong>\u00a0\u017delezn\u00fd plech, Hlin\u00edkov\u00fd plech, Meden\u00fd plech, Plech z nehrdzavej\u00facej ocele<br \/>\n<strong>\u0160\u00edrka materi\u00e1lu: 300<\/strong>mm<br \/>\n<strong>Hr\u00fabka materi\u00e1lu<\/strong>: maxim\u00e1lne 2 mm<br \/>\n<strong>Moc:<\/strong> 4KW (Pod\u013ea \u0161\u00edrky a hr\u00fabky valcovan\u00e9ho materi\u00e1lu pod\u013ea skuto\u010dn\u00fdch potrieb z\u00e1kazn\u00edkov)<br \/>\n<strong>Nap\u00e4tie:<\/strong>\u00a0220V\/380V\/415V<br \/>\n<strong>Rozmer balenia:<\/strong>\u00a01500 \u00d7 710 \u00d7 800 mm<br \/>\n<strong>NW (kg):<\/strong>\u00a0350<br \/>\n<strong>GW (kg):<\/strong>\u00a0400<\/p>","protected":false},"featured_media":1562,"template":"","meta":{"_kad_post_transparent":"default","_kad_post_title":"hide","_kad_post_layout":"fullwidth","_kad_post_sidebar_id":"","_kad_post_content_style":"unboxed","_kad_post_vertical_padding":"hide","_kad_post_feature":"hide","_kad_post_feature_position":"","_kad_post_header":false,"_kad_post_footer":false},"product_brand":[],"product_cat":[19,29],"product_tag":[537,535,533,531,530,536,532,538,534],"class_list":{"0":"post-1552","1":"product","2":"type-product","3":"status-publish","4":"has-post-thumbnail","6":"product_cat-cold-rolling-embossing-machine","7":"product_cat-electric-wrought-iron-processing-machine","8":"product_tag-aluminum-sheet-cold-embossing-machine","9":"product_tag-buy-cold-steel-sheet-embossing-machine","10":"product_tag-cold-roll-former-line","11":"product_tag-copper-sheet-embossing-machine","12":"product_tag-factory-directly-automatic-metal-sheet-embossing-machine","13":"product_tag-iron-sheet-cold-embossing-machine","14":"product_tag-roll-forming-machine-manufacturer","15":"product_tag-stainless-steel-sheet-cold-embossing-machine","16":"product_tag-steel-plate-embossing-machinery","18":"first","19":"instock","20":"shipping-taxable","21":"product-type-simple","22":"entry","23":"content-bg","24":"loop-entry"},"_links":{"self":[{"href":"https:\/\/zzlcmachinery.com\/sk\/wp-json\/wp\/v2\/product\/1552","targetHints":{"allow":["GET"]}}],"collection":[{"href":"https:\/\/zzlcmachinery.com\/sk\/wp-json\/wp\/v2\/product"}],"about":[{"href":"https:\/\/zzlcmachinery.com\/sk\/wp-json\/wp\/v2\/types\/product"}],"version-history":[{"count":0,"href":"https:\/\/zzlcmachinery.com\/sk\/wp-json\/wp\/v2\/product\/1552\/revisions"}],"wp:featuredmedia":[{"embeddable":true,"href":"https:\/\/zzlcmachinery.com\/sk\/wp-json\/wp\/v2\/media\/1562"}],"wp:attachment":[{"href":"https:\/\/zzlcmachinery.com\/sk\/wp-json\/wp\/v2\/media?parent=1552"}],"wp:term":[{"taxonomy":"product_brand","embeddable":true,"href":"https:\/\/zzlcmachinery.com\/sk\/wp-json\/wp\/v2\/product_brand?post=1552"},{"taxonomy":"product_cat","embeddable":true,"href":"https:\/\/zzlcmachinery.com\/sk\/wp-json\/wp\/v2\/product_cat?post=1552"},{"taxonomy":"product_tag","embeddable":true,"href":"https:\/\/zzlcmachinery.com\/sk\/wp-json\/wp\/v2\/product_tag?post=1552"}],"curies":[{"name":"wp","href":"https:\/\/api.w.org\/{rel}","templated":true}]}}