{"id":1047,"date":"2022-11-20T18:32:48","date_gmt":"2022-11-20T10:32:48","guid":{"rendered":"https:\/\/zzlcmachinery.com\/?post_type=product&#038;p=1047"},"modified":"2022-11-22T14:47:20","modified_gmt":"2022-11-22T06:47:20","slug":"lc-g3-manual-flat-iron-square-steel-metal-twist-tool","status":"publish","type":"product","link":"https:\/\/zzlcmachinery.com\/sk\/produkt\/lc-g3-manual-flat-iron-square-steel-metal-twist-tool\/","title":{"rendered":"LC-G3 Manu\u00e1lny ploch\u00fd \u017eelezn\u00fd \u0161tvorcov\u00fd oce\u013eov\u00fd kovov\u00fd to\u010dac\u00ed n\u00e1stroj"},"content":{"rendered":"","protected":false},"excerpt":{"rendered":"<p>Tento ru\u010dn\u00fd ploch\u00fd \u017eelezn\u00fd \u0161tvorcov\u00fd oce\u013eov\u00fd kovov\u00fd z\u00e1krutov\u00fd n\u00e1stroj LC-G3 je manu\u00e1lne mechanick\u00e9 zariadenie, ktor\u00e9 dok\u00e1\u017ee vyrobi\u0165 nieko\u013eko \u017eelezn\u00fdch dr\u00f4tov alebo oce\u013eov\u00fdch dr\u00f4tov do vypr\u00e1\u017ean\u00e9ho cesta kr\u00faten\u00edm hlavy. A \u017eelezn\u00fa \u0161n\u00faru vyroben\u00fa t\u00fdmto druhom stroja mo\u017eno pou\u017ei\u0165 na na\u017eeh\u013eovanie dekor\u00e1ci\u00ed. \u017eelezn\u00fd n\u00e1bytok a in\u00e9 \u017eelezn\u00e9 remeseln\u00e9 v\u00fdrobky, m\u00f4\u017ee sa skr\u00fati\u0165 2-6 n\u00e1sobok priemeru bude 2-4 mm a limitn\u00e1 d\u013a\u017eka je 1800 mm, tento stroj pohodlne vyber\u00e1 materi\u00e1l. Je jednoduch\u00fd na obsluhu, zatia\u013e \u010do m\u00f4\u017ee dosiahnu\u0165 \u00fa\u010del vysok\u00e9ho pr\u00ednosu s n\u00edzkymi n\u00e1kladmi.<br \/>\nMateri\u00e1l: \u0161tvorcov\u00e1 oce\u013e a ploch\u00e9 \u017eelezo<br \/>\n<strong>TECHNICK\u00dd PARAMETER<br \/>\n<\/strong><strong>Model: LC-G3<\/strong><br \/>\n<strong>\u0160tvorcov\u00e1 oce\u013e<\/strong>\u00a0\u2264 10 * 10 mm<br \/>\n<strong>Moc:<\/strong> Manu\u00e1lny<br \/>\n<strong>Rozmer balenia:<\/strong> 200 \u00d7 200 \u00d7 200 mm<br \/>\n<strong>NW (kg):20 <\/strong><strong>GW (kg): 20<\/strong><\/p>","protected":false},"featured_media":1053,"template":"","meta":{"_kad_post_transparent":"default","_kad_post_title":"","_kad_post_layout":"default","_kad_post_sidebar_id":"","_kad_post_content_style":"default","_kad_post_vertical_padding":"default","_kad_post_feature":"","_kad_post_feature_position":"","_kad_post_header":false,"_kad_post_footer":false},"product_brand":[],"product_cat":[33,34,35],"product_tag":[500,309,315,317,310,314,502,501,300,111,316],"class_list":{"0":"post-1047","1":"product","2":"type-product","3":"status-publish","4":"has-post-thumbnail","6":"product_cat-manual-wrounght-iron-processing-tools","7":"product_cat-manual-scroll-bender","8":"product_cat-manual-twisting-machine","9":"product_tag-flat-iron-twist-tool","10":"product_tag-homemade-metal-bar-twister","11":"product_tag-lc-g2-manual-metal-twisting-machine-for-wrought-iron","12":"product_tag-manual-scroll-bending-machine-for-wrought-iron","13":"product_tag-manual-steel-square-bar-twist-hand-flat-steel","14":"product_tag-master-twister","15":"product_tag-metal-craft-tool","16":"product_tag-square-steel-tool","17":"product_tag-twisting-machine-hand-tools-wrought-iron-equipment","18":"product_tag-wrought-iron-machine","19":"product_tag-wrought-iron-scroll-bender-manual-craft-tool","21":"first","22":"instock","23":"shipping-taxable","24":"product-type-simple","25":"entry","26":"content-bg","27":"loop-entry"},"_links":{"self":[{"href":"https:\/\/zzlcmachinery.com\/sk\/wp-json\/wp\/v2\/product\/1047","targetHints":{"allow":["GET"]}}],"collection":[{"href":"https:\/\/zzlcmachinery.com\/sk\/wp-json\/wp\/v2\/product"}],"about":[{"href":"https:\/\/zzlcmachinery.com\/sk\/wp-json\/wp\/v2\/types\/product"}],"version-history":[{"count":0,"href":"https:\/\/zzlcmachinery.com\/sk\/wp-json\/wp\/v2\/product\/1047\/revisions"}],"wp:featuredmedia":[{"embeddable":true,"href":"https:\/\/zzlcmachinery.com\/sk\/wp-json\/wp\/v2\/media\/1053"}],"wp:attachment":[{"href":"https:\/\/zzlcmachinery.com\/sk\/wp-json\/wp\/v2\/media?parent=1047"}],"wp:term":[{"taxonomy":"product_brand","embeddable":true,"href":"https:\/\/zzlcmachinery.com\/sk\/wp-json\/wp\/v2\/product_brand?post=1047"},{"taxonomy":"product_cat","embeddable":true,"href":"https:\/\/zzlcmachinery.com\/sk\/wp-json\/wp\/v2\/product_cat?post=1047"},{"taxonomy":"product_tag","embeddable":true,"href":"https:\/\/zzlcmachinery.com\/sk\/wp-json\/wp\/v2\/product_tag?post=1047"}],"curies":[{"name":"wp","href":"https:\/\/api.w.org\/{rel}","templated":true}]}}