{"id":991,"date":"2022-11-19T00:07:35","date_gmt":"2022-11-18T16:07:35","guid":{"rendered":"https:\/\/zzlcmachinery.com\/?post_type=product&#038;p=991"},"modified":"2022-11-22T14:45:01","modified_gmt":"2022-11-22T06:45:01","slug":"c41-1000kg-pneumatic-air-hammer-with-super-processing-capacity","status":"publish","type":"product","link":"https:\/\/zzlcmachinery.com\/pt\/produto\/c41-1000kg-pneumatic-air-hammer-with-super-processing-capacity\/","title":{"rendered":"Martelo de ar pneum\u00e1tico C41-1000KG com super capacidade de processamento"},"content":{"rendered":"","protected":false},"excerpt":{"rendered":"<p>Este martelo pneum\u00e1tico C41-1000KG com super capacidade de processamento \u00e9 pequeno em tamanho, baixo ru\u00eddo, estrutura simples, f\u00e1cil de operar, flex\u00edvel em a\u00e7\u00e3o e conveniente no manuseio, instala\u00e7\u00e3o e manuten\u00e7\u00e3o. Este modelo \u00e9 adequado para v\u00e1rios forjamentos livres: como recalque, trefila\u00e7\u00e3o, puncionamento, dobra, tor\u00e7\u00e3o, cisalhamento a quente, conex\u00e3o terminal, etc. Ao mesmo tempo, v\u00e1rios forjamentos de matriz aberta podem ser realizados usando matrizes de almofada. \u00c9 adequado para forjamento livre de pe\u00e7as de diferentes formas, especialmente adequado para empresas de munic\u00edpios rurais e resid\u00eancias profissionais que forjam foices, badin, gado e ferraduras e enxadas. Ao mesmo tempo, v\u00e1rias f\u00e1bricas e minas tamb\u00e9m usam martelos pneum\u00e1ticos para forjar bolas de a\u00e7o, andaimes e outras f\u00e1bricas, minas e materiais de constru\u00e7\u00e3o. Al\u00e9m disso, esta s\u00e9rie de martelos pneum\u00e1ticos tamb\u00e9m \u00e9 uma ferramenta profissional de ferro forjado comumente usada por ferreiros. Pode fazer v\u00e1rios estilos de moldes e forjar v\u00e1rias flores de ferro forjado, p\u00e1ssaros e outras belas decora\u00e7\u00f5es.<\/p>\n<p><strong>PAR\u00c2METRO T\u00c9CNICO<br \/>\nModelo:C41-1000KG<br \/>\nPeso das pe\u00e7as em queda (KG):<\/strong>1000KG<br \/>\n<strong>Tipo de estrutura:<\/strong>martelo de ar dividido\u00a0<strong><br \/>\nEnergia m\u00e1xima de acerto (KJ):<\/strong>27KJ<strong><br \/>\nMax.tamanho forjado (di\u00e2metro) em a\u00e7o redondo:<\/strong>\u03c6320mm<br \/>\n<strong>Max.tamanho forjado (di\u00e2metro) em a\u00e7o quadrado:<\/strong>290*290mm<br \/>\n<strong>Poder:<\/strong> 75 KW<br \/>\n<strong>Tens\u00e3o:<\/strong>\u00a0220V\/380V<br \/>\n<strong>Dimens\u00e3o da embalagem:<\/strong> 7700*1500*4125mm<br \/>\n<strong>peso Anwil<\/strong>: 13.000KG<br \/>\n<strong>GW total (kg): 32.840<\/strong><\/p>","protected":false},"featured_media":998,"template":"","meta":{"_kad_post_transparent":"default","_kad_post_title":"hide","_kad_post_layout":"fullwidth","_kad_post_sidebar_id":"","_kad_post_content_style":"unboxed","_kad_post_vertical_padding":"hide","_kad_post_feature":"hide","_kad_post_feature_position":"","_kad_post_header":false,"_kad_post_footer":false},"product_brand":[],"product_cat":[28],"product_tag":[460,505,503,461,428,507,463,508,504,506],"class_list":{"0":"post-991","1":"product","2":"type-product","3":"status-publish","4":"has-post-thumbnail","6":"product_cat-blacksmith-power-hammer","7":"product_tag-air-forging-hammer-pneumatic-iron-hammer-1000kg","8":"product_tag-air-hammer-pneumatic-iron-hammer-for-forging","9":"product_tag-electric-pneumatic-hammer","10":"product_tag-hottest-sale-150kg-250kg-400kg-750kg-1000kg-blacksmith-pneumatic-hammer","11":"product_tag-pneumatic-hammer-for-blacksmith","12":"product_tag-price-of-pneumatic-forging-hammer","13":"product_tag-widely-used-iron-blacksmith-forging-air-hammer-machine","14":"product_tag-wrought-iron-forging-1000kg-blacksmith-hammer-with-anvil","15":"product_tag-wrought-iron-forging-power-hammer-for-sale","16":"product_tag-wrought-iron-pneumatic-metal-forging-hammer-for-sale","18":"first","19":"instock","20":"shipping-taxable","21":"product-type-simple","22":"entry","23":"content-bg","24":"loop-entry"},"_links":{"self":[{"href":"https:\/\/zzlcmachinery.com\/pt\/wp-json\/wp\/v2\/product\/991","targetHints":{"allow":["GET"]}}],"collection":[{"href":"https:\/\/zzlcmachinery.com\/pt\/wp-json\/wp\/v2\/product"}],"about":[{"href":"https:\/\/zzlcmachinery.com\/pt\/wp-json\/wp\/v2\/types\/product"}],"version-history":[{"count":0,"href":"https:\/\/zzlcmachinery.com\/pt\/wp-json\/wp\/v2\/product\/991\/revisions"}],"wp:featuredmedia":[{"embeddable":true,"href":"https:\/\/zzlcmachinery.com\/pt\/wp-json\/wp\/v2\/media\/998"}],"wp:attachment":[{"href":"https:\/\/zzlcmachinery.com\/pt\/wp-json\/wp\/v2\/media?parent=991"}],"wp:term":[{"taxonomy":"product_brand","embeddable":true,"href":"https:\/\/zzlcmachinery.com\/pt\/wp-json\/wp\/v2\/product_brand?post=991"},{"taxonomy":"product_cat","embeddable":true,"href":"https:\/\/zzlcmachinery.com\/pt\/wp-json\/wp\/v2\/product_cat?post=991"},{"taxonomy":"product_tag","embeddable":true,"href":"https:\/\/zzlcmachinery.com\/pt\/wp-json\/wp\/v2\/product_tag?post=991"}],"curies":[{"name":"wp","href":"https:\/\/api.w.org\/{rel}","templated":true}]}}