{"id":989,"date":"2022-11-19T00:04:14","date_gmt":"2022-11-18T16:04:14","guid":{"rendered":"https:\/\/zzlcmachinery.com\/?post_type=product&#038;p=989"},"modified":"2022-11-22T14:44:07","modified_gmt":"2022-11-22T06:44:07","slug":"widely-used-wrought-iron-blacksmith-750kg-forging-power-hammer","status":"publish","type":"product","link":"https:\/\/zzlcmachinery.com\/pt\/produto\/widely-used-wrought-iron-blacksmith-750kg-forging-power-hammer\/","title":{"rendered":"Ferreiro de ferro forjado amplamente usado 750 kg Martelo de for\u00e7a para forjar"},"content":{"rendered":"","protected":false},"excerpt":{"rendered":"<p>Este forjador de ferro forjado de 750 kg, amplamente utilizado, \u00e9 um tipo de equipamento de forjamento gratuito. O ar \u00e9 comprimido pelo cilindro do compressor e enviado para o cilindro de trabalho atrav\u00e9s da v\u00e1lvula de distribui\u00e7\u00e3o para acionar o pist\u00e3o e a cabe\u00e7a do martelo para mover para cima e para baixo para martelar. A opera\u00e7\u00e3o \u00e9 flex\u00edvel. Este modelo \u00e9 adequado para v\u00e1rios forjamentos livres, como extens\u00e3o, recalque, puncionamento, cisalhamento, forjamento, soldagem, tor\u00e7\u00e3o, dobra, etc. Pode ser usado para v\u00e1rios forjamentos em matriz aberta. As caracter\u00edsticas s\u00e3o as seguintes:<br \/>\n1. Impulsionado por ar comprimido, a for\u00e7a de impacto e a frequ\u00eancia podem ser controladas ajustando a press\u00e3o do ar para atender \u00e0s necessidades de produ\u00e7\u00e3o de seguran\u00e7a<br \/>\n2. O corpo da m\u00e1quina \u00e9 feito de ferro fundido, e a bigorna do martelo pneum\u00e1tico de grande tonelagem \u00e9 feita de a\u00e7o fundido<br \/>\n3. O mecanismo \u00e9 simples e n\u00e3o \u00e9 f\u00e1cil de ser danificado<br \/>\nPodemos fornecer 6 kg, 16 kg, 25 kg, 40 kg, 55 kg, 75 kg, 100 kg, 150 kg, 250 kg, 400 kg, 560 kg, 750 kg, 1000 kg, 2000 kg para escolher de acordo com diferentes necessidades de trabalho de forjamento .Voc\u00ea pode escolher o modelo de acordo com as seguintes especifica\u00e7\u00f5es<\/p>\n<p><strong>PAR\u00c2METRO T\u00c9CNICO<br \/>\nModelo:C41-750KG<br \/>\nPeso das pe\u00e7as em queda (KG): 750<\/strong>KG<br \/>\n<strong>Tipo de estrutura:<\/strong>martelo de ar dividido\u00a0<strong><br \/>\nEnergia m\u00e1x. de acerto (KJ):13,6<\/strong>KJ<strong><br \/>\nMax.tamanho forjado (di\u00e2metro) em a\u00e7o redondo:<\/strong>\u03c6300mm<br \/>\n<strong>Max.tamanho forjado (di\u00e2metro) em a\u00e7o quadrado:<\/strong>270*270mm<br \/>\n<strong>Poder:<\/strong> 55 KW<br \/>\n<strong>Tens\u00e3o:<\/strong>\u00a0220V\/380V<br \/>\n<strong>Dimens\u00e3o da embalagem:<\/strong> 3095*1370*3175mm<br \/>\n<strong>peso Anwil<\/strong>: 9.000KG<br \/>\n<strong>GW total (kg): 26.000<\/strong><\/p>","protected":false},"featured_media":999,"template":"","meta":{"_kad_post_transparent":"default","_kad_post_title":"hide","_kad_post_layout":"fullwidth","_kad_post_sidebar_id":"","_kad_post_content_style":"unboxed","_kad_post_vertical_padding":"hide","_kad_post_feature":"hide","_kad_post_feature_position":"","_kad_post_header":false,"_kad_post_footer":false},"product_brand":[],"product_cat":[28],"product_tag":[462,428,463,499,464],"class_list":{"0":"post-989","1":"product","2":"type-product","3":"status-publish","4":"has-post-thumbnail","6":"product_cat-blacksmith-power-hammer","7":"product_tag-750kg-air-hammer-metal-forging-hammer-for-sale","8":"product_tag-pneumatic-hammer-for-blacksmith","9":"product_tag-widely-used-iron-blacksmith-forging-air-hammer-machine","10":"product_tag-widely-used-wrought-iron-blacksmith-750kg-forging-power-hammer","11":"product_tag-wrought-iron-metal-forging-power-hammer-for-sale","13":"first","14":"instock","15":"shipping-taxable","16":"product-type-simple","17":"entry","18":"content-bg","19":"loop-entry"},"_links":{"self":[{"href":"https:\/\/zzlcmachinery.com\/pt\/wp-json\/wp\/v2\/product\/989","targetHints":{"allow":["GET"]}}],"collection":[{"href":"https:\/\/zzlcmachinery.com\/pt\/wp-json\/wp\/v2\/product"}],"about":[{"href":"https:\/\/zzlcmachinery.com\/pt\/wp-json\/wp\/v2\/types\/product"}],"version-history":[{"count":0,"href":"https:\/\/zzlcmachinery.com\/pt\/wp-json\/wp\/v2\/product\/989\/revisions"}],"wp:featuredmedia":[{"embeddable":true,"href":"https:\/\/zzlcmachinery.com\/pt\/wp-json\/wp\/v2\/media\/999"}],"wp:attachment":[{"href":"https:\/\/zzlcmachinery.com\/pt\/wp-json\/wp\/v2\/media?parent=989"}],"wp:term":[{"taxonomy":"product_brand","embeddable":true,"href":"https:\/\/zzlcmachinery.com\/pt\/wp-json\/wp\/v2\/product_brand?post=989"},{"taxonomy":"product_cat","embeddable":true,"href":"https:\/\/zzlcmachinery.com\/pt\/wp-json\/wp\/v2\/product_cat?post=989"},{"taxonomy":"product_tag","embeddable":true,"href":"https:\/\/zzlcmachinery.com\/pt\/wp-json\/wp\/v2\/product_tag?post=989"}],"curies":[{"name":"wp","href":"https:\/\/api.w.org\/{rel}","templated":true}]}}