{"id":985,"date":"2022-11-18T23:59:31","date_gmt":"2022-11-18T15:59:31","guid":{"rendered":"https:\/\/zzlcmachinery.com\/?post_type=product&#038;p=985"},"modified":"2022-11-22T14:22:36","modified_gmt":"2022-11-22T06:22:36","slug":"c41-400kg-china-biggest-hammer-manufacturer-provide-pneumatic-forging-hammer","status":"publish","type":"product","link":"https:\/\/zzlcmachinery.com\/pt\/produto\/c41-400kg-china-biggest-hammer-manufacturer-provide-pneumatic-forging-hammer\/","title":{"rendered":"C41-400KG O maior fabricante de martelos da China fornece martelo de forjamento pneum\u00e1tico"},"content":{"rendered":"","protected":false},"excerpt":{"rendered":"<p>Este C41-400KG, o maior fabricante de martelos da China, fornece um martelo de forjamento pneum\u00e1tico que converte o movimento rotacional do motor no movimento do pist\u00e3o do cilindro de ar comprimido pelo redutor, virabrequim e sistema de biela. O martelo pneum\u00e1tico \u00e9 controlado pela alavanca do p\u00e9 e pelo dispositivo de controle remoto para controlar a velocidade de impacto e a for\u00e7a de impacto da bigorna superior.<br \/>\nA m\u00e1quina de martelo pneum\u00e1tico \u00e9 uma ferramenta de forjamento de metal amplamente utilizada e vers\u00e1til, que tem muitas fun\u00e7\u00f5es, tais como: perturba\u00e7\u00e3o, extens\u00e3o, perturba\u00e7\u00e3o cont\u00ednua, estampagem, corte a quente, forjamento por soldagem, tor\u00e7\u00e3o e dobra.<br \/>\nOs clientes podem escolher o martelo pneum\u00e1tico que mais lhes conv\u00e9m de acordo com o material que precisam forjar e o tamanho m\u00e1ximo do material. A aplica\u00e7\u00e3o de energia el\u00e9trica e cilindro melhora muito a efici\u00eancia de trabalho do martelo pneum\u00e1tico. \u00c9 essencial para o funcionamento de oficinas de ferraria e minas. m\u00e1quinas de forjamento.<br \/>\nPodemos fornecer 6 kg, 16 kg, 25 kg, 40 kg, 55 kg, 75 kg, 100 kg, 150 kg, 250 kg, 400 kg, 560 kg, 750 kg, 1000 kg, 2000 kg para escolher de acordo com diferentes necessidades de trabalho de forjamento .Voc\u00ea pode escolher o modelo de acordo com as seguintes especifica\u00e7\u00f5es<\/p>\n<p><strong>PAR\u00c2METRO T\u00c9CNICO<br \/>\nModelo:C41-400KG<br \/>\nPeso das pe\u00e7as em queda (KG): 400<\/strong>KG<br \/>\n<strong>Tipo de estrutura:<\/strong>Martelo de ar dividido com base<strong><br \/>\nEnergia m\u00e1xima de acerto (KJ):9,5<\/strong>KJ<strong><br \/>\nMax.tamanho forjado (di\u00e2metro) em a\u00e7o redondo:<\/strong>\u03c6240mm<br \/>\n<strong>Max.tamanho forjado (di\u00e2metro) em a\u00e7o quadrado:<\/strong>220*220mm<br \/>\n<strong>Poder:<\/strong> 37 KW<br \/>\n<strong>Tens\u00e3o:<\/strong>\u00a0220V\/380V<br \/>\n<strong>Dimens\u00e3o da embalagem:<\/strong> 2785*1400*2885mm<br \/>\n<strong>Peso do umbigo<\/strong>:4800KG<br \/>\n<strong>GW total (kg):<\/strong> 12800KG<\/p>","protected":false},"featured_media":1004,"template":"","meta":{"_kad_post_transparent":"default","_kad_post_title":"hide","_kad_post_layout":"fullwidth","_kad_post_sidebar_id":"","_kad_post_content_style":"unboxed","_kad_post_vertical_padding":"hide","_kad_post_feature":"hide","_kad_post_feature_position":"","_kad_post_header":false,"_kad_post_footer":false},"product_brand":[],"product_cat":[28],"product_tag":[465,497,466,467,468,428,469,470],"class_list":{"0":"post-985","1":"product","2":"type-product","3":"status-publish","4":"has-post-thumbnail","6":"product_cat-blacksmith-power-hammer","7":"product_tag-400kg-air-hammer-metal-forging-hammer-for-sale","8":"product_tag-c41-400kg-china-biggest-hammer-manufacturer-provide-pneumatic-forging-hammer","9":"product_tag-c41-400kg-model-power-hammer-machine-for-iron-forging","10":"product_tag-china-automatic-anyang-forging-hammer-400kg","11":"product_tag-factory-direct-sale-wrought-iron-hammer-or-smith-forging-tool-for-sale","12":"product_tag-pneumatic-hammer-for-blacksmith","13":"product_tag-widely-used-wrought-iron-blacksmith-75kg-150kg-250kg-400kg-forging-power-hammer-for-hot-sale","14":"product_tag-wrought-iron-homemade-forging-hammer-machine-with-forging-hammer-dies","16":"first","17":"instock","18":"shipping-taxable","19":"product-type-simple","20":"entry","21":"content-bg","22":"loop-entry"},"_links":{"self":[{"href":"https:\/\/zzlcmachinery.com\/pt\/wp-json\/wp\/v2\/product\/985","targetHints":{"allow":["GET"]}}],"collection":[{"href":"https:\/\/zzlcmachinery.com\/pt\/wp-json\/wp\/v2\/product"}],"about":[{"href":"https:\/\/zzlcmachinery.com\/pt\/wp-json\/wp\/v2\/types\/product"}],"version-history":[{"count":0,"href":"https:\/\/zzlcmachinery.com\/pt\/wp-json\/wp\/v2\/product\/985\/revisions"}],"wp:featuredmedia":[{"embeddable":true,"href":"https:\/\/zzlcmachinery.com\/pt\/wp-json\/wp\/v2\/media\/1004"}],"wp:attachment":[{"href":"https:\/\/zzlcmachinery.com\/pt\/wp-json\/wp\/v2\/media?parent=985"}],"wp:term":[{"taxonomy":"product_brand","embeddable":true,"href":"https:\/\/zzlcmachinery.com\/pt\/wp-json\/wp\/v2\/product_brand?post=985"},{"taxonomy":"product_cat","embeddable":true,"href":"https:\/\/zzlcmachinery.com\/pt\/wp-json\/wp\/v2\/product_cat?post=985"},{"taxonomy":"product_tag","embeddable":true,"href":"https:\/\/zzlcmachinery.com\/pt\/wp-json\/wp\/v2\/product_tag?post=985"}],"curies":[{"name":"wp","href":"https:\/\/api.w.org\/{rel}","templated":true}]}}