{"id":971,"date":"2022-11-18T20:50:35","date_gmt":"2022-11-18T12:50:35","guid":{"rendered":"https:\/\/zzlcmachinery.com\/?post_type=product&#038;p=971"},"modified":"2022-11-22T14:15:22","modified_gmt":"2022-11-22T06:15:22","slug":"hot-sale-c41-75kg-hammer-forging-machines-for-blacksmith","status":"publish","type":"product","link":"https:\/\/zzlcmachinery.com\/pt\/produto\/hot-sale-c41-75kg-hammer-forging-machines-for-blacksmith\/","title":{"rendered":"Venda imperd\u00edvel de m\u00e1quinas de forjamento de martelo C41-75KG para ferreiro"},"content":{"rendered":"","protected":false},"excerpt":{"rendered":"<p>Esta m\u00e1quina de forjamento de martelo C41-75KG para ferreiro \u00e9 uma m\u00e1quina de forjamento de metal de n\u00edvel m\u00e9dio no martelo pneum\u00e1tico, que pode atender a todas as necessidades de forjamento de resid\u00eancias e pequenas e m\u00e9dias ferrarias. \u00c9 especialmente adequado para forjar pequenas ferramentas agr\u00edcolas, como foices, badins, gado e ferraduras e enxadas. Ao mesmo tempo, v\u00e1rias f\u00e1bricas e minas tamb\u00e9m usam ar. Martelo para forjar esferas de a\u00e7o, andaimes e outros materiais para f\u00e1bricas, minas e constru\u00e7\u00e3o.<br \/>\nPodemos fornecer 6 kg, 16 kg, 25 kg, 40 kg, 55 kg, 75 kg, 100 kg, 150 kg, 250 kg, 400 kg, 560 kg, 750 kg, 1000 kg, 2000 kg para escolher de acordo com diferentes necessidades de trabalho de forjamento .Voc\u00ea pode escolher o modelo de acordo com as seguintes especifica\u00e7\u00f5es<\/p>\n<p><strong>PAR\u00c2METRO T\u00c9CNICO<br \/>\nModelo:C41-75KG<br \/>\nPeso das pe\u00e7as em queda (KG): 75<\/strong>KG<br \/>\n<strong>Tipo de estrutura:<\/strong> Martelo separado com base<strong><br \/>\nM\u00e1x. Energia de acerto (KJ):1<\/strong>KJ<strong><br \/>\nMax.tamanho forjado (di\u00e2metro) em a\u00e7o redondo:<\/strong>\u03c685mm<br \/>\n<strong>Max.tamanho forjado (di\u00e2metro) em a\u00e7o quadrado:<\/strong>65X65mm<br \/>\n<strong>Poder:<\/strong> 7,5 KW<br \/>\n<strong>Tens\u00e3o:<\/strong>\u00a0220V\/380V<br \/>\n<strong>Dimens\u00e3o da embalagem:<\/strong> 1420*720*2050<br \/>\n<strong>PG (kg):<\/strong> 2200<\/p>","protected":false},"featured_media":974,"template":"","meta":{"_kad_post_transparent":"default","_kad_post_title":"hide","_kad_post_layout":"fullwidth","_kad_post_sidebar_id":"","_kad_post_content_style":"unboxed","_kad_post_vertical_padding":"hide","_kad_post_feature":"hide","_kad_post_feature_position":"","_kad_post_header":false,"_kad_post_footer":false},"product_brand":[],"product_cat":[28],"product_tag":[455,456,457,458,459,447],"class_list":{"0":"post-971","1":"product","2":"type-product","3":"status-publish","4":"has-post-thumbnail","6":"product_cat-blacksmith-power-hammer","7":"product_tag-c41-75kg-150kg-type-automatic-blacksmith-hammer-for-forging","8":"product_tag-c41-75kg-air-power-forging-hammer-homemade","9":"product_tag-c41-75kg-hammer-strength-power-rack","10":"product_tag-ellsen-brand-c41-75kg-air-hammer-metal-forging-hammer-for-sale","11":"product_tag-hot-sale-75kg-hammer-forging-machines-for-blacksmith","12":"product_tag-pneumatic-forging-hammer-for-wrought-iron-blacksmith","14":"first","15":"instock","16":"shipping-taxable","17":"product-type-simple","18":"entry","19":"content-bg","20":"loop-entry"},"_links":{"self":[{"href":"https:\/\/zzlcmachinery.com\/pt\/wp-json\/wp\/v2\/product\/971","targetHints":{"allow":["GET"]}}],"collection":[{"href":"https:\/\/zzlcmachinery.com\/pt\/wp-json\/wp\/v2\/product"}],"about":[{"href":"https:\/\/zzlcmachinery.com\/pt\/wp-json\/wp\/v2\/types\/product"}],"version-history":[{"count":0,"href":"https:\/\/zzlcmachinery.com\/pt\/wp-json\/wp\/v2\/product\/971\/revisions"}],"wp:featuredmedia":[{"embeddable":true,"href":"https:\/\/zzlcmachinery.com\/pt\/wp-json\/wp\/v2\/media\/974"}],"wp:attachment":[{"href":"https:\/\/zzlcmachinery.com\/pt\/wp-json\/wp\/v2\/media?parent=971"}],"wp:term":[{"taxonomy":"product_brand","embeddable":true,"href":"https:\/\/zzlcmachinery.com\/pt\/wp-json\/wp\/v2\/product_brand?post=971"},{"taxonomy":"product_cat","embeddable":true,"href":"https:\/\/zzlcmachinery.com\/pt\/wp-json\/wp\/v2\/product_cat?post=971"},{"taxonomy":"product_tag","embeddable":true,"href":"https:\/\/zzlcmachinery.com\/pt\/wp-json\/wp\/v2\/product_tag?post=971"}],"curies":[{"name":"wp","href":"https:\/\/api.w.org\/{rel}","templated":true}]}}