{"id":961,"date":"2022-11-17T23:45:25","date_gmt":"2022-11-17T15:45:25","guid":{"rendered":"https:\/\/zzlcmachinery.com\/?post_type=product&#038;p=961"},"modified":"2022-11-22T14:13:53","modified_gmt":"2022-11-22T06:13:53","slug":"c41-55kg-wrought-iron-forging-pneumatic-hammer-for-blacksmith","status":"publish","type":"product","link":"https:\/\/zzlcmachinery.com\/pt\/produto\/c41-55kg-ferro-forjado-forjado-martelo-pneumatico-para-ferreiro\/","title":{"rendered":"Martelo pneum\u00e1tico de ferro forjado C41-55KG para ferreiro"},"content":{"rendered":"","protected":false},"excerpt":{"rendered":"<p>Este martelo pneum\u00e1tico forjado de ferro forjado C41-55KG para ferreiro Martelo pneum\u00e1tico forjado de ferro forjado C41-55KG \u00e9 pequeno em tamanho, baixo ru\u00eddo, estrutura simples, opera\u00e7\u00e3o conveniente, a\u00e7\u00e3o flex\u00edvel, manuseio, instala\u00e7\u00e3o e manuten\u00e7\u00e3o convenientes. Esta m\u00e1quina \u00e9 uma m\u00e1quina de estrutura de pe\u00e7a \u00fanica com uma base. A vantagem desse martelo pneum\u00e1tico \u00e9 que ele pode ser movido para qualquer local de trabalho exigido pelo cliente e \u00e9 muito flex\u00edvel. O martelo pneum\u00e1tico acima de 55KG pode forjar corpos met\u00e1licos maiores. Este modelo \u00e9 adequado para v\u00e1rios forjamentos livres: como perturbar, esticar, puncionar, dobrar, torcer, cisalhamento a quente, conex\u00e3o terminal, etc., e matrizes de almofada podem ser usadas ao mesmo tempo Execute v\u00e1rios forjamentos de matrizes livres. \u00c9 adequado para forjamento livre de pe\u00e7as com formas diferentes, especialmente para forjar foices, badins, ferraduras, enxadas, etc. em empresas de munic\u00edpios rurais e resid\u00eancias profissionais. Ao mesmo tempo, v\u00e1rias f\u00e1bricas e minas tamb\u00e9m usam martelos pneum\u00e1ticos para forjar esferas de a\u00e7o, andaimes e outros materiais de constru\u00e7\u00e3o de f\u00e1bricas e minas. Al\u00e9m disso, esta s\u00e9rie de martelos pneum\u00e1ticos tamb\u00e9m \u00e9 uma ferramenta profissional de ferro forjado comumente usada por ferreiros. Pode fazer v\u00e1rios estilos de moldes e forjar todos os tipos de flores e p\u00e1ssaros de ferro forjado e outras decora\u00e7\u00f5es requintadas.<br \/>\nPodemos fornecer 6 kg, 16 kg, 25 kg, 40 kg, 55 kg, 75 kg, 100 kg, 150 kg, 250 kg, 400 kg, 560 kg, 750 kg, 1000 kg, 2000 kg para escolher de acordo com diferentes necessidades de trabalho de forjamento .Voc\u00ea pode escolher o modelo de acordo com as seguintes especifica\u00e7\u00f5es<\/p>\n<p><strong>PAR\u00c2METRO T\u00c9CNICO<br \/>\nModelo:C41-55KG<br \/>\nPeso das pe\u00e7as em queda (KG): 55<\/strong>KG<br \/>\n<strong>Tipo de estrutura:<\/strong>martelo de ar dividido<strong><br \/>\nEnergia m\u00e1xima de acerto (KJ):<\/strong>0,27KJ<strong><br \/>\nMax.tamanho forjado (di\u00e2metro) em a\u00e7o redondo:<\/strong>\u03c645mm<br \/>\n<strong>Max.tamanho forjado (di\u00e2metro) em a\u00e7o quadrado:<\/strong>40x40mm<br \/>\n<strong>Poder:<\/strong> 3 KW<br \/>\n<strong>Tens\u00e3o:<\/strong>\u00a0220V\/380V<br \/>\n<strong>Dimens\u00e3o da embalagem:<\/strong> 980*510*1200<br \/>\n<strong>PG (kg):<\/strong> 560<\/p>","protected":false},"featured_media":967,"template":"","meta":{"_kad_post_transparent":"default","_kad_post_title":"hide","_kad_post_layout":"fullwidth","_kad_post_sidebar_id":"","_kad_post_content_style":"unboxed","_kad_post_vertical_padding":"hide","_kad_post_feature":"hide","_kad_post_feature_position":"","_kad_post_header":false,"_kad_post_footer":false},"product_brand":[],"product_cat":[28],"product_tag":[450,448,445,446,451,453,454,449,447,428,452],"class_list":{"0":"post-961","1":"product","2":"type-product","3":"status-publish","4":"has-post-thumbnail","6":"product_cat-blacksmith-power-hammer","7":"product_tag-c41-series-blacksmith-hydraulic-hammer-for-iron","8":"product_tag-c41-55kg-blacksmith-forging-hammer-for-sale","9":"product_tag-c41-55kg-hammer-strength-power-rack","10":"product_tag-c41-55kg-pneumatic-air-power-hammer-with-anvil-55kg","11":"product_tag-china-the-most-popular-c41-40kg-75kg-150kg-blacksmith-air-hammer-for-sale","12":"product_tag-factory-direct-sale-20kg-25kg-40kg-power-hammer-for-sale-south-africa","13":"product_tag-factory-direct-sale-c41-25kg-homemade-blacksmith-power-hammer","14":"product_tag-hot-sale-anyang-power-hammer-uk-from-ellsen","15":"product_tag-pneumatic-forging-hammer-for-wrought-iron-blacksmith","16":"product_tag-pneumatic-hammer-for-blacksmith","17":"product_tag-wrought-iron-air-power-hammer-for-sale","19":"first","20":"instock","21":"shipping-taxable","22":"product-type-simple","23":"entry","24":"content-bg","25":"loop-entry"},"_links":{"self":[{"href":"https:\/\/zzlcmachinery.com\/pt\/wp-json\/wp\/v2\/product\/961","targetHints":{"allow":["GET"]}}],"collection":[{"href":"https:\/\/zzlcmachinery.com\/pt\/wp-json\/wp\/v2\/product"}],"about":[{"href":"https:\/\/zzlcmachinery.com\/pt\/wp-json\/wp\/v2\/types\/product"}],"version-history":[{"count":0,"href":"https:\/\/zzlcmachinery.com\/pt\/wp-json\/wp\/v2\/product\/961\/revisions"}],"wp:featuredmedia":[{"embeddable":true,"href":"https:\/\/zzlcmachinery.com\/pt\/wp-json\/wp\/v2\/media\/967"}],"wp:attachment":[{"href":"https:\/\/zzlcmachinery.com\/pt\/wp-json\/wp\/v2\/media?parent=961"}],"wp:term":[{"taxonomy":"product_brand","embeddable":true,"href":"https:\/\/zzlcmachinery.com\/pt\/wp-json\/wp\/v2\/product_brand?post=961"},{"taxonomy":"product_cat","embeddable":true,"href":"https:\/\/zzlcmachinery.com\/pt\/wp-json\/wp\/v2\/product_cat?post=961"},{"taxonomy":"product_tag","embeddable":true,"href":"https:\/\/zzlcmachinery.com\/pt\/wp-json\/wp\/v2\/product_tag?post=961"}],"curies":[{"name":"wp","href":"https:\/\/api.w.org\/{rel}","templated":true}]}}