{"id":943,"date":"2022-11-17T19:44:01","date_gmt":"2022-11-17T11:44:01","guid":{"rendered":"https:\/\/zzlcmachinery.com\/?post_type=product&#038;p=943"},"modified":"2022-11-22T14:08:52","modified_gmt":"2022-11-22T06:08:52","slug":"factory-direct-sale-c41-25kg-homemade-blacksmith-power-hammer","status":"publish","type":"product","link":"https:\/\/zzlcmachinery.com\/pt\/produto\/factory-direct-sale-c41-25kg-homemade-blacksmith-power-hammer\/","title":{"rendered":"Venda direta da f\u00e1brica C41-25kg Martelo de poder de ferreiro caseiro"},"content":{"rendered":"","protected":false},"excerpt":{"rendered":"<p>Este martelo de ferreiro caseiro C41-25kg de venda direta da f\u00e1brica \u00e9 pequeno em tamanho, baixo ru\u00eddo, estrutura simples, f\u00e1cil de operar, flex\u00edvel em a\u00e7\u00e3o e conveniente em manuseio, instala\u00e7\u00e3o e manuten\u00e7\u00e3o. Este modelo \u00e9 adequado para v\u00e1rios forjamentos livres: como recalque, trefila\u00e7\u00e3o, puncionamento, dobra, tor\u00e7\u00e3o, cisalhamento a quente, conex\u00e3o de terminal, etc. Ao mesmo tempo, v\u00e1rios forjamentos de matriz aberta podem ser executados usando matrizes de almofada. \u00c9 adequado para forjamento livre de pe\u00e7as de diferentes formas, especialmente adequado para empresas de munic\u00edpios rurais e resid\u00eancias profissionais que forjam foices, badin, gado e ferraduras e enxadas. Ao mesmo tempo, v\u00e1rias f\u00e1bricas e minas tamb\u00e9m usam martelos pneum\u00e1ticos para forjar bolas de a\u00e7o, andaimes e outras f\u00e1bricas, minas e materiais de constru\u00e7\u00e3o. Al\u00e9m disso, esta s\u00e9rie de martelos pneum\u00e1ticos tamb\u00e9m \u00e9 uma ferramenta profissional de ferro forjado comumente usada por ferreiros. Pode fazer v\u00e1rios estilos de moldes e forjar v\u00e1rias flores de ferro forjado, p\u00e1ssaros e outras belas decora\u00e7\u00f5es.<br \/>\nPodemos fornecer 6 kg, 16 kg, 25 kg, 40 kg, 55 kg, 75 kg, 100 kg, 150 kg, 250 kg, 400 kg, 560 kg, 750 kg, 1000 kg, 2000 kg para escolher de acordo com diferentes necessidades de trabalho de forjamento .Voc\u00ea pode escolher o modelo de acordo com as seguintes especifica\u00e7\u00f5es<\/p>\n<p><strong>PAR\u00c2METRO T\u00c9CNICO<br \/>\nModelo:C41-25KG<br \/>\nPeso das pe\u00e7as em queda (KG):<\/strong>25KG<br \/>\n<strong>Tipo de estrutura:<\/strong>Martelo de Ar Separado<strong><br \/>\nEnergia m\u00e1xima de acerto (KJ):<\/strong>0,27KJ<strong><br \/>\nMax.tamanho forjado (di\u00e2metro) em a\u00e7o redondo:<\/strong>\u03c645mm<br \/>\n<strong>Max.tamanho forjado (di\u00e2metro) em a\u00e7o quadrado:<\/strong>40x40mm<br \/>\n<strong>Poder:<\/strong> 3 KW<br \/>\n<strong>Tens\u00e3o:<\/strong>\u00a0220V\/380V<br \/>\n<strong>Dimens\u00e3o da embalagem:<\/strong> 980*510*1200<br \/>\n<strong>PG (kg):<\/strong> 560<\/p>","protected":false},"featured_media":947,"template":"","meta":{"_kad_post_transparent":"default","_kad_post_title":"hide","_kad_post_layout":"fullwidth","_kad_post_sidebar_id":"","_kad_post_content_style":"unboxed","_kad_post_vertical_padding":"hide","_kad_post_feature":"hide","_kad_post_feature_position":"","_kad_post_header":false,"_kad_post_footer":false},"product_brand":[],"product_cat":[28],"product_tag":[416,432,431,430,429,428],"class_list":{"0":"post-943","1":"product","2":"type-product","3":"status-publish","4":"has-post-thumbnail","6":"product_cat-blacksmith-power-hammer","7":"product_tag-air-hammer","8":"product_tag-c41-25kg-drop-forging-hammer-for-iron-blacksmith","9":"product_tag-c41-25kg-electric-pneumatic-hammer","10":"product_tag-high-efficiency-c41-25kg-power-runner-hammer-with-ce","11":"product_tag-hottest-sale-20kg-25kg-40kg-55kg-75kg-blacksmith-pneumatic-hammer","12":"product_tag-pneumatic-hammer-for-blacksmith","14":"first","15":"instock","16":"shipping-taxable","17":"product-type-simple","18":"entry","19":"content-bg","20":"loop-entry"},"_links":{"self":[{"href":"https:\/\/zzlcmachinery.com\/pt\/wp-json\/wp\/v2\/product\/943","targetHints":{"allow":["GET"]}}],"collection":[{"href":"https:\/\/zzlcmachinery.com\/pt\/wp-json\/wp\/v2\/product"}],"about":[{"href":"https:\/\/zzlcmachinery.com\/pt\/wp-json\/wp\/v2\/types\/product"}],"version-history":[{"count":0,"href":"https:\/\/zzlcmachinery.com\/pt\/wp-json\/wp\/v2\/product\/943\/revisions"}],"wp:featuredmedia":[{"embeddable":true,"href":"https:\/\/zzlcmachinery.com\/pt\/wp-json\/wp\/v2\/media\/947"}],"wp:attachment":[{"href":"https:\/\/zzlcmachinery.com\/pt\/wp-json\/wp\/v2\/media?parent=943"}],"wp:term":[{"taxonomy":"product_brand","embeddable":true,"href":"https:\/\/zzlcmachinery.com\/pt\/wp-json\/wp\/v2\/product_brand?post=943"},{"taxonomy":"product_cat","embeddable":true,"href":"https:\/\/zzlcmachinery.com\/pt\/wp-json\/wp\/v2\/product_cat?post=943"},{"taxonomy":"product_tag","embeddable":true,"href":"https:\/\/zzlcmachinery.com\/pt\/wp-json\/wp\/v2\/product_tag?post=943"}],"curies":[{"name":"wp","href":"https:\/\/api.w.org\/{rel}","templated":true}]}}