{"id":929,"date":"2022-11-16T23:27:49","date_gmt":"2022-11-16T15:27:49","guid":{"rendered":"https:\/\/zzlcmachinery.com\/?post_type=product&#038;p=929"},"modified":"2022-11-22T14:07:45","modified_gmt":"2022-11-22T06:07:45","slug":"c41-20kg-professional-blacksmith-power-forging-air-hammer","status":"publish","type":"product","link":"https:\/\/zzlcmachinery.com\/pt\/produto\/c41-20kg-professional-blacksmith-power-forging-air-hammer\/","title":{"rendered":"C41-20kg Ferreiro Profissional Forjando Martelo de Ar Forjado"},"content":{"rendered":"","protected":false},"excerpt":{"rendered":"<p>Este martelo pneum\u00e1tico de forjamento de for\u00e7a de ferreiro profissional C41-20kg \u00e9 uma estrutura de design do tipo dividida. A m\u00e1quina \u00e9 dividida em duas partes, a bigorna e a m\u00e1quina principal. O martelo pneum\u00e1tico do tipo dividido precisa que o cliente construa uma funda\u00e7\u00e3o de cimento endurecido de acordo com os desenhos que fornecemos. A vantagem do martelo de ar do tipo dividido \u00e9 que ele tem forte capacidade de bater e desempenho est\u00e1vel. Os martelos de ar s\u00e3o usados por muitos ferreiros para forjar v\u00e1rios forjamentos decorativos. Depois que o ferro \u00e9 aquecido, fica mais f\u00e1cil martelar e deformar no formato que o cliente deseja. Os martelos pneum\u00e1ticos podem ser utilizados em v\u00e1rios locais: embutir, moldar, cortar, furar, rebitar, estampar, etc\u2026 todos os tipos de metais. Os martelos pneum\u00e1ticos da Lanchen foram vendidos para os Estados Unidos, Canad\u00e1, R\u00fassia, Reino Unido, Fran\u00e7a, Espanha, M\u00e9xico, Col\u00f4mbia, \u00c1frica do Sul, Vietn\u00e3 e outros pa\u00edses e receberam elogios un\u00e2nimes.<br \/>\nPodemos fornecer 6 kg, 16 kg, 25 kg, 40 kg, 55 kg, 75 kg, 100 kg, 150 kg, 250 kg, 400 kg, 560 kg, 750 kg, 1000 kg, 2000 kg para escolher de acordo com diferentes necessidades de trabalho de forjamento .Voc\u00ea pode escolher o modelo de acordo com as seguintes especifica\u00e7\u00f5es<\/p>\n<p><strong>PAR\u00c2METRO T\u00c9CNICO<br \/>\nModelo:C41-20KG<br \/>\nPeso das pe\u00e7as em queda (KG):<\/strong>20KG<br \/>\n<strong>Tipo de estrutura:<\/strong>martelo de ar dividido<strong><br \/>\nEnergia m\u00e1xima de acerto (KJ):<\/strong>0,22KJ<strong><br \/>\nMax.tamanho forjado (di\u00e2metro) em a\u00e7o redondo:<\/strong>\u03c635mm<br \/>\n<strong>Max.tamanho forjado (di\u00e2metro) em a\u00e7o quadrado:<\/strong>30x30mm<br \/>\n<strong>Poder:<\/strong> 2,2KW<br \/>\n<strong>Tens\u00e3o:<\/strong>\u00a0220V\/380V<br \/>\n<strong>Dimens\u00e3o da embalagem:<\/strong> 820*460*1110<br \/>\n<strong>PG (kg):<\/strong> 380<\/p>","protected":false},"featured_media":935,"template":"","meta":{"_kad_post_transparent":"default","_kad_post_title":"hide","_kad_post_layout":"fullwidth","_kad_post_sidebar_id":"","_kad_post_content_style":"unboxed","_kad_post_vertical_padding":"hide","_kad_post_feature":"hide","_kad_post_feature_position":"","_kad_post_header":false,"_kad_post_footer":false},"product_brand":[],"product_cat":[28],"product_tag":[426,416,423,418,414,422,424,421,419,427,407,425,415,420,417],"class_list":{"0":"post-929","1":"product","2":"type-product","3":"status-publish","4":"has-post-thumbnail","6":"product_cat-blacksmith-power-hammer","7":"product_tag-240volt-single-phase-motor-blacksmith-power-forging-hammer","8":"product_tag-air-hammer","9":"product_tag-air-power-chipping-hammer","10":"product_tag-air-power-forging-hammer-blacksmith","11":"product_tag-blacksmith-air-forging-power-hammer","12":"product_tag-c41-20kg-hydraulic-power-hammer-for-sale","13":"product_tag-c41-20kg-professional-blacksmith-power-forging-air-hammer","14":"product_tag-electric-power-hammer","15":"product_tag-forging-wrought-iron-machine","16":"product_tag-hammer-forging-ellsen-wrought-iron-machine-for-sale","17":"product_tag-power-hammer-for-blacksmith","18":"product_tag-profesonal-power-hammer-air-hammer-c41-20kg","19":"product_tag-professional-blacksmith-power-forging-air-hammer","20":"product_tag-small-power-hammer-manufacturers-suppliers","21":"product_tag-source-blacksmith-pneumatic-forging-power-hammer","23":"first","24":"instock","25":"shipping-taxable","26":"product-type-simple","27":"entry","28":"content-bg","29":"loop-entry"},"_links":{"self":[{"href":"https:\/\/zzlcmachinery.com\/pt\/wp-json\/wp\/v2\/product\/929","targetHints":{"allow":["GET"]}}],"collection":[{"href":"https:\/\/zzlcmachinery.com\/pt\/wp-json\/wp\/v2\/product"}],"about":[{"href":"https:\/\/zzlcmachinery.com\/pt\/wp-json\/wp\/v2\/types\/product"}],"version-history":[{"count":0,"href":"https:\/\/zzlcmachinery.com\/pt\/wp-json\/wp\/v2\/product\/929\/revisions"}],"wp:featuredmedia":[{"embeddable":true,"href":"https:\/\/zzlcmachinery.com\/pt\/wp-json\/wp\/v2\/media\/935"}],"wp:attachment":[{"href":"https:\/\/zzlcmachinery.com\/pt\/wp-json\/wp\/v2\/media?parent=929"}],"wp:term":[{"taxonomy":"product_brand","embeddable":true,"href":"https:\/\/zzlcmachinery.com\/pt\/wp-json\/wp\/v2\/product_brand?post=929"},{"taxonomy":"product_cat","embeddable":true,"href":"https:\/\/zzlcmachinery.com\/pt\/wp-json\/wp\/v2\/product_cat?post=929"},{"taxonomy":"product_tag","embeddable":true,"href":"https:\/\/zzlcmachinery.com\/pt\/wp-json\/wp\/v2\/product_tag?post=929"}],"curies":[{"name":"wp","href":"https:\/\/api.w.org\/{rel}","templated":true}]}}