{"id":912,"date":"2022-11-14T23:58:25","date_gmt":"2022-11-14T15:58:25","guid":{"rendered":"https:\/\/zzlcmachinery.com\/?post_type=product&#038;p=912"},"modified":"2022-11-22T14:06:50","modified_gmt":"2022-11-22T06:06:50","slug":"c41-16kg-hot-forging-machine-blacksmith-air-power-forging-hammer","status":"publish","type":"product","link":"https:\/\/zzlcmachinery.com\/pt\/produto\/c41-16kg-hot-forging-machine-blacksmith-air-power-forging-hammer\/","title":{"rendered":"C41-16kg M\u00e1quina de Forjamento a Quente Ferreiro Martelo de Forjamento a Ar"},"content":{"rendered":"","protected":false},"excerpt":{"rendered":"<p>Esta m\u00e1quina de forjamento a quente C41-16kg \u00e9 um tipo de martelo de forjamento livre. Seu design \u00e9 baseado nos designs testados e comprovados de muitos martelos europeus antigos ainda em uso hoje. \u00c9 usado por muitos ferreiros para fazer v\u00e1rios forjamentos decorativos, facilitando a modelagem do ferro quente. Com um martelo el\u00e9trico independente, voc\u00ea n\u00e3o precisa de um compressor de ar adicional. Metal forjado \u00e0 m\u00e1quina por meio de alongamento, perturba\u00e7\u00e3o, estampagem, cisalhamento a quente, soldagem de forjamento, dobra, distor\u00e7\u00e3o e outros meios, usando diferentes locais: embutido, molde, corte, furo, rebite, carimbo, etc \u2026 todos os tipos de metais.<br \/>\nPodemos fornecer 6 kg, 16 kg, 25 kg, 40 kg, 55 kg, 75 kg, 100 kg, 150 kg, 250 kg, 400 kg, 560 kg, 750 kg, 1000 kg, 2000 kg para escolher de acordo com diferentes necessidades de trabalho de forjamento .Voc\u00ea pode escolher o modelo de acordo com as seguintes especifica\u00e7\u00f5es<\/p>\n<p><strong>PAR\u00c2METRO T\u00c9CNICO<br \/>\nModelo:C41-16KG<br \/>\nPeso das pe\u00e7as em queda (KG):<\/strong>16KG<strong><br \/>\nEnergia m\u00e1xima de acerto (KJ):<\/strong>0,18KJ<strong><br \/>\nMax.tamanho forjado (di\u00e2metro) em a\u00e7o redondo:<\/strong>\u03c625mm<br \/>\n<strong>Max.tamanho forjado (di\u00e2metro) em a\u00e7o quadrado:<\/strong>20X20mm<br \/>\n<strong>Poder:<\/strong> 1,5KW<br \/>\n<strong>Tens\u00e3o:<\/strong> 220V\/380V<br \/>\n<strong>Dimens\u00e3o da embalagem:<\/strong> 660*420*970<br \/>\n<strong>PG (kg):<\/strong> 240<\/p>","protected":false},"featured_media":926,"template":"","meta":{"_kad_post_transparent":"default","_kad_post_title":"hide","_kad_post_layout":"fullwidth","_kad_post_sidebar_id":"","_kad_post_content_style":"unboxed","_kad_post_vertical_padding":"hide","_kad_post_feature":"hide","_kad_post_feature_position":"","_kad_post_header":false,"_kad_post_footer":false},"product_brand":[],"product_cat":[28],"product_tag":[406,412,413,404,405,400,410,411,402,403,408,401,409,407,399],"class_list":{"0":"post-912","1":"product","2":"type-product","3":"status-publish","4":"has-post-thumbnail","6":"product_cat-blacksmith-power-hammer","7":"product_tag-air-power-hammer","8":"product_tag-anyang-power-hammer-for-blacksmith","9":"product_tag-blacksmith-power-forging-hammer","10":"product_tag-blacksmith-power-hammer","11":"product_tag-blacksmith-power-hammer-for-sale","12":"product_tag-c41-16kg-hot-forging-machine-blacksmith-air-power-forging-hammer","13":"product_tag-c41-16kg-single-with-base-plate-pneumatic-hammer-forging","14":"product_tag-c41-20kg-25kg-40kg-power-hammer-anyang-price","15":"product_tag-forging-hammer-machine","16":"product_tag-free-forging-air-hammer-c41-16kg","17":"product_tag-pneumatic-forging-hammer","18":"product_tag-pneumatic-forging-hammer-price","19":"product_tag-pneumatic-power-hammer-for-sale","20":"product_tag-power-hammer-for-blacksmith","21":"product_tag-samll-air-hammer-for-sale-c41-16kg-hot-forging-machine-blacksmirh-air-power-forging-hammer","23":"first","24":"instock","25":"shipping-taxable","26":"product-type-simple","27":"entry","28":"content-bg","29":"loop-entry"},"_links":{"self":[{"href":"https:\/\/zzlcmachinery.com\/pt\/wp-json\/wp\/v2\/product\/912","targetHints":{"allow":["GET"]}}],"collection":[{"href":"https:\/\/zzlcmachinery.com\/pt\/wp-json\/wp\/v2\/product"}],"about":[{"href":"https:\/\/zzlcmachinery.com\/pt\/wp-json\/wp\/v2\/types\/product"}],"version-history":[{"count":0,"href":"https:\/\/zzlcmachinery.com\/pt\/wp-json\/wp\/v2\/product\/912\/revisions"}],"wp:featuredmedia":[{"embeddable":true,"href":"https:\/\/zzlcmachinery.com\/pt\/wp-json\/wp\/v2\/media\/926"}],"wp:attachment":[{"href":"https:\/\/zzlcmachinery.com\/pt\/wp-json\/wp\/v2\/media?parent=912"}],"wp:term":[{"taxonomy":"product_brand","embeddable":true,"href":"https:\/\/zzlcmachinery.com\/pt\/wp-json\/wp\/v2\/product_brand?post=912"},{"taxonomy":"product_cat","embeddable":true,"href":"https:\/\/zzlcmachinery.com\/pt\/wp-json\/wp\/v2\/product_cat?post=912"},{"taxonomy":"product_tag","embeddable":true,"href":"https:\/\/zzlcmachinery.com\/pt\/wp-json\/wp\/v2\/product_tag?post=912"}],"curies":[{"name":"wp","href":"https:\/\/api.w.org\/{rel}","templated":true}]}}