{"id":902,"date":"2022-11-14T18:55:11","date_gmt":"2022-11-14T10:55:11","guid":{"rendered":"https:\/\/zzlcmachinery.com\/?post_type=product&#038;p=902"},"modified":"2022-11-26T00:46:36","modified_gmt":"2022-11-25T16:46:36","slug":"lc-dl60-china-wrought-iron-machine-and-cold-rolling-embossing-machine","status":"publish","type":"product","link":"https:\/\/zzlcmachinery.com\/pt\/produto\/lc-dl60-china-wrought-iron-machine-and-cold-rolling-embossing-machine\/","title":{"rendered":"M\u00e1quina de ferro forjado LC-DL60 China e m\u00e1quina de grava\u00e7\u00e3o em relevo a frio"},"content":{"rendered":"","protected":false},"excerpt":{"rendered":"<p>Esta m\u00e1quina de ferro forjado LC-DL60 China e m\u00e1quina de grava\u00e7\u00e3o em relevo a frio \u00e9 um equipamento profissional para m\u00e1quina de lamina\u00e7\u00e3o a frio e grava\u00e7\u00e3o em relevo. Esta m\u00e1quina pode processar tubo quadrado, a\u00e7o quadrado, iorn plano, tubo de a\u00e7o inoxid\u00e1vel, tubo retangular com dimens\u00f5es comuns internacionais. e confi\u00e1vel. Aplic\u00e1vel a edif\u00edcios, atra\u00e7\u00f5es tur\u00edsticas e decora\u00e7\u00e3o de casa.<br \/>\nA maior vantagem desta m\u00e1quina \u00e9 que ela possui um conjunto de moldes combinados que podem ser usados para processar tubos quadrados de 20\u00d720-100x100mm, tubos retangulares e tubos de a\u00e7o inoxid\u00e1vel. Desde que seja o material que o cliente possui, pode ser processado e estampado no molde ajustando a combina\u00e7\u00e3o da junta.<br \/>\nVoc\u00ea n\u00e3o precisa pagar por cada tamanho de molde para fazer um molde separado. Economize tempo, dinheiro e esfor\u00e7o.<\/p>\n<p><strong>PAR\u00c2METRO T\u00c9CNICO<br \/>\nModelo:LC-DL60<\/strong><br \/>\n<strong>Ferro de passar:<\/strong> \u226410\u00d760mm<br \/>\n<strong>A\u00e7o Quadrado:<\/strong>\u00a0\u226425\u00d725mm<br \/>\n<strong>Tubo quadrado:<\/strong> \u2264100x100mm<br \/>\n<strong>Poder:<\/strong> 7,5KW<br \/>\n<strong>Tens\u00e3o:<\/strong> 220V\/380V<br \/>\n<strong>Dimens\u00e3o da embalagem:<\/strong> 1000\u00d7800\u00d71200mm<br \/>\n<strong>NW (kg):<\/strong> 450<br \/>\n<strong>PG (kg):<\/strong> 500<\/p>","protected":false},"featured_media":909,"template":"","meta":{"_kad_post_transparent":"default","_kad_post_title":"hide","_kad_post_layout":"fullwidth","_kad_post_sidebar_id":"","_kad_post_content_style":"unboxed","_kad_post_vertical_padding":"hide","_kad_post_feature":"hide","_kad_post_feature_position":"","_kad_post_header":false,"_kad_post_footer":false},"product_brand":[],"product_cat":[29,19],"product_tag":[387,391,390,381,382,394,388,396,397,392,389,398,395,393],"class_list":{"0":"post-902","1":"product","2":"type-product","3":"status-publish","4":"has-post-thumbnail","6":"product_cat-electric-wrought-iron-processing-machine","7":"product_cat-cold-rolling-embossing-machine","8":"product_tag-blacksmith-embossing-metal-machine","9":"product_tag-buy-handrail-embossling-machine","10":"product_tag-china-iron-art-machine","11":"product_tag-china-metal-craft-embossing-equiment","12":"product_tag-china-wrought-iron-machine-and-cold-rolling-embossing-machine","13":"product_tag-cold-rolling-embossing-machine-for-wrought-iron-decoration","14":"product_tag-embossing-machine-for-rolling-forming-machine-manufacturer","15":"product_tag-flat-iron-embossing-machine","16":"product_tag-forged-square-tube-equipment","17":"product_tag-metal-embossing-handrail-embossing-machine","18":"product_tag-multifunction-adjustable-speed-handrail-cold-embossing-machine","19":"product_tag-ornamental-machine-for-sale","20":"product_tag-square-steel-embossing-machine","21":"product_tag-wrought-iron-decoration","23":"first","24":"instock","25":"featured","26":"shipping-taxable","27":"product-type-simple","28":"entry","29":"content-bg","30":"loop-entry"},"_links":{"self":[{"href":"https:\/\/zzlcmachinery.com\/pt\/wp-json\/wp\/v2\/product\/902","targetHints":{"allow":["GET"]}}],"collection":[{"href":"https:\/\/zzlcmachinery.com\/pt\/wp-json\/wp\/v2\/product"}],"about":[{"href":"https:\/\/zzlcmachinery.com\/pt\/wp-json\/wp\/v2\/types\/product"}],"version-history":[{"count":0,"href":"https:\/\/zzlcmachinery.com\/pt\/wp-json\/wp\/v2\/product\/902\/revisions"}],"wp:featuredmedia":[{"embeddable":true,"href":"https:\/\/zzlcmachinery.com\/pt\/wp-json\/wp\/v2\/media\/909"}],"wp:attachment":[{"href":"https:\/\/zzlcmachinery.com\/pt\/wp-json\/wp\/v2\/media?parent=902"}],"wp:term":[{"taxonomy":"product_brand","embeddable":true,"href":"https:\/\/zzlcmachinery.com\/pt\/wp-json\/wp\/v2\/product_brand?post=902"},{"taxonomy":"product_cat","embeddable":true,"href":"https:\/\/zzlcmachinery.com\/pt\/wp-json\/wp\/v2\/product_cat?post=902"},{"taxonomy":"product_tag","embeddable":true,"href":"https:\/\/zzlcmachinery.com\/pt\/wp-json\/wp\/v2\/product_tag?post=902"}],"curies":[{"name":"wp","href":"https:\/\/api.w.org\/{rel}","templated":true}]}}