{"id":884,"date":"2022-11-13T20:52:27","date_gmt":"2022-11-13T12:52:27","guid":{"rendered":"https:\/\/zzlcmachinery.com\/?post_type=product&#038;p=884"},"modified":"2022-11-26T00:46:42","modified_gmt":"2022-11-25T16:46:42","slug":"lc-fsg89-stainless-steel-round-pipe-making-machine-for-stair-handrail","status":"publish","type":"product","link":"https:\/\/zzlcmachinery.com\/pt\/produto\/lc-fsg89-stainless-steel-round-pipe-making-machine-for-stair-handrail\/","title":{"rendered":"M\u00e1quina para fabricar tubos redondos de a\u00e7o inoxid\u00e1vel LC-FSG89 para corrim\u00e3o de escada"},"content":{"rendered":"","protected":false},"excerpt":{"rendered":"<p>A m\u00e1quina para fabricar tubos redondos de a\u00e7o inoxid\u00e1vel LC-FSG89 para corrim\u00e3o de escada tem muitas fun\u00e7\u00f5es, n\u00e3o s\u00f3 pode processar tubos redondos de ferro como corrim\u00e3os de escada, mas tamb\u00e9m tubos de a\u00e7o inoxid\u00e1vel, ambos os quais podem ser processados em tubos quadrados com padr\u00f5es de ranhura em todos os quatro cantos.<br \/>\nUm conjunto aleat\u00f3rio de moldes livres consiste em 8 pares de moldes, e v\u00e1rios conjuntos de moldes podem ser instalados lado a lado, ou seja, 2-3 tubos redondos s\u00e3o processados lado a lado em diferentes formas de corrim\u00e3os ou tubos quadrados ao mesmo tempo .<br \/>\nTemos uma equipe de designers profissionais para projetar desenhos de moldes para clientes gratuitamente e personalizar moldes para atender \u00e0s necessidades do cliente.<\/p>\n<p><strong>PAR\u00c2METRO T\u00c9CNICO<br \/>\nModelo:LC-FSG89<\/strong><br \/>\n<b>Matrial: tubo redondo e tubo inoxid\u00e1vel<br \/>\nCapacidade de trabalho:<\/b>Tubo redondo \u2264\u03c689mm Espessura\u22643mm<b><br \/>\n<\/b>\u00a0 \u00a0 \u00a0 \u00a0 \u00a0 \u00a0 \u00a0 \u00a0 \u00a0 \u00a0 \u00a0 \u00a0 \u00a0 \u00a0 Tubo inoxid\u00e1vel \u2264\u03c689mm Espessura\u22642mm<br \/>\n<strong>Poder:<\/strong> 11KW<br \/>\n<strong>Tens\u00e3o:<\/strong> 220 V\/380 V\/415 V 50 Hz<br \/>\n<strong>Dimens\u00e3o da embalagem:<\/strong> 3000\u00d7710\u00d71420mm<br \/>\n<strong>NW (kg):<\/strong> 1700<br \/>\n<strong>PG (kg):<\/strong> 1850<\/p>","protected":false},"featured_media":878,"template":"","meta":{"_kad_post_transparent":"default","_kad_post_title":"hide","_kad_post_layout":"fullwidth","_kad_post_sidebar_id":"","_kad_post_content_style":"unboxed","_kad_post_vertical_padding":"hide","_kad_post_feature":"hide","_kad_post_feature_position":"","_kad_post_header":false,"_kad_post_footer":false},"product_brand":[],"product_cat":[29,19],"product_tag":[356,374,372,376,47,375,357,359,358,360,361,369,362,363,377,367,364,370,371,368,366,365,373,111],"class_list":{"0":"post-884","1":"product","2":"type-product","3":"status-publish","4":"has-post-thumbnail","6":"product_cat-electric-wrought-iron-processing-machine","7":"product_cat-cold-rolling-embossing-machine","8":"product_tag-aotomatic-handrail-pipe-forming-machine","9":"product_tag-buy-cold-rolling-stainless-steel-handrail-pipe-making-machine","10":"product_tag-buy-wrought-iron-handrail-pipe-forming-machine","11":"product_tag-china-handrail-pipe-forming-machine","12":"product_tag-cold-rolling-embossing-machine","13":"product_tag-cold-rolling-stainless-steel-handrail-pipe-making-machine","14":"product_tag-handrail-dies-catalogue","15":"product_tag-handrail-making-machine","16":"product_tag-handrail-pipe-forming-machine","17":"product_tag-handrail-roll-forming-machine-made-in-china","18":"product_tag-handrails-making-machine","19":"product_tag-machine-for-stair-handrail-wholesale-factory","20":"product_tag-stainless-steel-handrail-tube-roll-forming-machine","21":"product_tag-stainless-steel-round-pipe-making-machine-for-stair-handrail","22":"product_tag-stair-handrail-pipe-roll-forming-machine","23":"product_tag-stair-handrail-stainless-steel-pipe-bending-machine","24":"product_tag-steel-handrail-roll-forming-machine","25":"product_tag-super-pipe-forming-machine","26":"product_tag-supply-stainless-steel-round-pipe-making","27":"product_tag-tube-fabricator-supplies-exotic-handrail-systems","28":"product_tag-tube-mill-equipment","29":"product_tag-tube-mill-equipment-tube-production-line","30":"product_tag-wrought-iron-handrail-pipe-forming-machine","31":"product_tag-wrought-iron-machine","33":"first","34":"instock","35":"featured","36":"shipping-taxable","37":"product-type-simple","38":"entry","39":"content-bg","40":"loop-entry"},"_links":{"self":[{"href":"https:\/\/zzlcmachinery.com\/pt\/wp-json\/wp\/v2\/product\/884","targetHints":{"allow":["GET"]}}],"collection":[{"href":"https:\/\/zzlcmachinery.com\/pt\/wp-json\/wp\/v2\/product"}],"about":[{"href":"https:\/\/zzlcmachinery.com\/pt\/wp-json\/wp\/v2\/types\/product"}],"version-history":[{"count":0,"href":"https:\/\/zzlcmachinery.com\/pt\/wp-json\/wp\/v2\/product\/884\/revisions"}],"wp:featuredmedia":[{"embeddable":true,"href":"https:\/\/zzlcmachinery.com\/pt\/wp-json\/wp\/v2\/media\/878"}],"wp:attachment":[{"href":"https:\/\/zzlcmachinery.com\/pt\/wp-json\/wp\/v2\/media?parent=884"}],"wp:term":[{"taxonomy":"product_brand","embeddable":true,"href":"https:\/\/zzlcmachinery.com\/pt\/wp-json\/wp\/v2\/product_brand?post=884"},{"taxonomy":"product_cat","embeddable":true,"href":"https:\/\/zzlcmachinery.com\/pt\/wp-json\/wp\/v2\/product_cat?post=884"},{"taxonomy":"product_tag","embeddable":true,"href":"https:\/\/zzlcmachinery.com\/pt\/wp-json\/wp\/v2\/product_tag?post=884"}],"curies":[{"name":"wp","href":"https:\/\/api.w.org\/{rel}","templated":true}]}}