{"id":867,"date":"2022-11-10T00:20:57","date_gmt":"2022-11-09T16:20:57","guid":{"rendered":"https:\/\/zzlcmachinery.com\/?post_type=product&#038;p=867"},"modified":"2022-12-13T13:42:15","modified_gmt":"2022-12-13T05:42:15","slug":"jk-30-sheet-iron-plate-cold-embossing-machine","status":"publish","type":"product","link":"https:\/\/zzlcmachinery.com\/pt\/produto\/jk-30-sheet-iron-plate-cold-embossing-machine\/","title":{"rendered":"M\u00e1quina de estampagem a frio de chapa de ferro JK-30"},"content":{"rendered":"","protected":false},"excerpt":{"rendered":"<p>JK-30 Uma m\u00e1quina de estampagem a frio para chapa de ferro \u00e9 um tipo de m\u00e1quina usada para estampar padr\u00f5es ou desenhos em chapas de metal sem o uso de calor. Isso \u00e9 feito pressionando a placa de metal entre duas matrizes que s\u00e3o gravadas com o padr\u00e3o desejado ou feitas a partir de um molde do projeto de acordo com a necessidade do cliente. A m\u00e1quina aplica press\u00e3o na placa de metal, o que faz com que ela assuma a forma das matrizes e crie um padr\u00e3o em relevo na superf\u00edcie do metal. A estampagem a frio \u00e9 uma t\u00e9cnica comum usada na fabrica\u00e7\u00e3o de produtos como letreiros de metal, pain\u00e9is decorativos e outros produtos que requerem padr\u00f5es estampados em placas de metal. A estampagem a frio \u00e9 geralmente preferida \u00e0 estampagem a quente porque n\u00e3o envolve o uso de calor, que pode danificar ou distorcer o metal.<br \/>\nA largura da chapa de ferro e o padr\u00e3o do molde podem ser personalizados gratuitamente!<br \/>\n<strong>PAR\u00c2METRO T\u00c9CNICO<\/strong><br \/>\n<strong>Material:<\/strong> Chapa de ferro, chapa de alum\u00ednio, chapa de cobre, chapa de a\u00e7o inoxid\u00e1vel<br \/>\n<strong>Largura do material:<\/strong>30mm<br \/>\n<strong>Espessura do material<\/strong>: m\u00e1ximo 2mm<br \/>\n<strong>Poder:<\/strong> 2.2KW (de acordo com a largura e espessura do material laminado de acordo com as necessidades reais dos clientes)<br \/>\n<strong>Tens\u00e3o:<\/strong>\u00a0220 V\/380 V\/415 V<br \/>\n<strong>Dimens\u00e3o da embalagem:<\/strong> 1500\u00d7710\u00d7800mm<br \/>\n<strong>NW (kg):<\/strong> 350<br \/>\n<strong>PG (kg):<\/strong> 400<\/p>","protected":false},"featured_media":1535,"template":"","meta":{"_kad_post_transparent":"default","_kad_post_title":"hide","_kad_post_layout":"fullwidth","_kad_post_sidebar_id":"","_kad_post_content_style":"unboxed","_kad_post_vertical_padding":"hide","_kad_post_feature":"hide","_kad_post_feature_position":"","_kad_post_header":false,"_kad_post_footer":false},"product_brand":[],"product_cat":[29,19],"product_tag":[47,521,519,518,520,517,522],"class_list":{"0":"post-867","1":"product","2":"type-product","3":"status-publish","4":"has-post-thumbnail","6":"product_cat-electric-wrought-iron-processing-machine","7":"product_cat-cold-rolling-embossing-machine","8":"product_tag-cold-rolling-embossing-machine","9":"product_tag-cold-rolling-sheet-embossing-machine-manufacturers","10":"product_tag-iorn-sheet-embossing-machine","11":"product_tag-iron-plate-cold-embossing-machine","12":"product_tag-metal-sheet-embossing-machine-manufacturers-suppliers","13":"product_tag-sheet-iron-plate-cold-embossing-machine","14":"product_tag-sheet-iron-plate-embossing-machine","16":"first","17":"instock","18":"shipping-taxable","19":"product-type-simple","20":"entry","21":"content-bg","22":"loop-entry"},"_links":{"self":[{"href":"https:\/\/zzlcmachinery.com\/pt\/wp-json\/wp\/v2\/product\/867","targetHints":{"allow":["GET"]}}],"collection":[{"href":"https:\/\/zzlcmachinery.com\/pt\/wp-json\/wp\/v2\/product"}],"about":[{"href":"https:\/\/zzlcmachinery.com\/pt\/wp-json\/wp\/v2\/types\/product"}],"version-history":[{"count":0,"href":"https:\/\/zzlcmachinery.com\/pt\/wp-json\/wp\/v2\/product\/867\/revisions"}],"wp:featuredmedia":[{"embeddable":true,"href":"https:\/\/zzlcmachinery.com\/pt\/wp-json\/wp\/v2\/media\/1535"}],"wp:attachment":[{"href":"https:\/\/zzlcmachinery.com\/pt\/wp-json\/wp\/v2\/media?parent=867"}],"wp:term":[{"taxonomy":"product_brand","embeddable":true,"href":"https:\/\/zzlcmachinery.com\/pt\/wp-json\/wp\/v2\/product_brand?post=867"},{"taxonomy":"product_cat","embeddable":true,"href":"https:\/\/zzlcmachinery.com\/pt\/wp-json\/wp\/v2\/product_cat?post=867"},{"taxonomy":"product_tag","embeddable":true,"href":"https:\/\/zzlcmachinery.com\/pt\/wp-json\/wp\/v2\/product_tag?post=867"}],"curies":[{"name":"wp","href":"https:\/\/api.w.org\/{rel}","templated":true}]}}