{"id":863,"date":"2022-11-10T00:18:06","date_gmt":"2022-11-09T16:18:06","guid":{"rendered":"https:\/\/zzlcmachinery.com\/?post_type=product&#038;p=863"},"modified":"2022-11-22T13:49:47","modified_gmt":"2022-11-22T05:49:47","slug":"lc-fsg76-round-steel-pipe-handrail-roll-forming-machine","status":"publish","type":"product","link":"https:\/\/zzlcmachinery.com\/pt\/produto\/lc-fsg76-round-steel-pipe-handrail-roll-forming-machine\/","title":{"rendered":"M\u00e1quina formadora de rolo para corrim\u00e3o de tubo de a\u00e7o redondo LC-FSG76"},"content":{"rendered":"","protected":false},"excerpt":{"rendered":"<p>Esta m\u00e1quina perfiladeira para corrim\u00e3o de tubo de a\u00e7o redondo LC-FSG76 \u00e9 uma m\u00e1quina profissional para fazer corrim\u00e3os de escada. A fun\u00e7\u00e3o principal \u00e9 processar tubos redondos em tubos de corrim\u00e3o para fazer v\u00e1rias formas de corrim\u00e3os de escada, ranhuras de engenharia e processamento de tubos redondos em tubos quadrados com ranhuras nos quatro cantos. A m\u00e1quina vem com um conjunto de moldes gratuitos, cada conjunto de moldes consiste em 8 pares de matrizes, a m\u00e1quina possui fun\u00e7\u00e3o de modula\u00e7\u00e3o autom\u00e1tica e o tubo redondo \u00e9 extrudado na forma desejada pelo cliente atrav\u00e9s da extrus\u00e3o da matriz<\/p>\n<p><strong>PAR\u00c2METRO T\u00c9CNICO<br \/>\nModelo:LC-FSG76<\/strong><br \/>\n<b>Matrial: Tubo redondo<br \/>\nCapacidade de trabalho:<\/b>Tubo redondo \u2264\u03c660mm Espessura\u22642mm<br \/>\n<strong>Poder:<\/strong> 4KW<br \/>\n<strong>Tens\u00e3o:<\/strong> 220 V\/380 V\/415 V 50 Hz<br \/>\n<strong>Dimens\u00e3o da embalagem:<\/strong> 2500\u00d7710\u00d71420mm<br \/>\n<strong>NW (kg):<\/strong> 1200<br \/>\n<strong>PG (kg):<\/strong> 1300<\/p>","protected":false},"featured_media":880,"template":"","meta":{"_kad_post_transparent":"default","_kad_post_title":"hide","_kad_post_layout":"fullwidth","_kad_post_sidebar_id":"","_kad_post_content_style":"unboxed","_kad_post_vertical_padding":"hide","_kad_post_feature":"hide","_kad_post_feature_position":"","_kad_post_header":false,"_kad_post_footer":false},"product_brand":[],"product_cat":[29,19],"product_tag":[356,47,357,359,358,360,361,362,363,367,364,366,365,111],"class_list":{"0":"post-863","1":"product","2":"type-product","3":"status-publish","4":"has-post-thumbnail","6":"product_cat-electric-wrought-iron-processing-machine","7":"product_cat-cold-rolling-embossing-machine","8":"product_tag-aotomatic-handrail-pipe-forming-machine","9":"product_tag-cold-rolling-embossing-machine","10":"product_tag-handrail-dies-catalogue","11":"product_tag-handrail-making-machine","12":"product_tag-handrail-pipe-forming-machine","13":"product_tag-handrail-roll-forming-machine-made-in-china","14":"product_tag-handrails-making-machine","15":"product_tag-stainless-steel-handrail-tube-roll-forming-machine","16":"product_tag-stainless-steel-round-pipe-making-machine-for-stair-handrail","17":"product_tag-stair-handrail-stainless-steel-pipe-bending-machine","18":"product_tag-steel-handrail-roll-forming-machine","19":"product_tag-tube-mill-equipment","20":"product_tag-tube-mill-equipment-tube-production-line","21":"product_tag-wrought-iron-machine","23":"first","24":"instock","25":"shipping-taxable","26":"product-type-simple","27":"entry","28":"content-bg","29":"loop-entry"},"_links":{"self":[{"href":"https:\/\/zzlcmachinery.com\/pt\/wp-json\/wp\/v2\/product\/863","targetHints":{"allow":["GET"]}}],"collection":[{"href":"https:\/\/zzlcmachinery.com\/pt\/wp-json\/wp\/v2\/product"}],"about":[{"href":"https:\/\/zzlcmachinery.com\/pt\/wp-json\/wp\/v2\/types\/product"}],"version-history":[{"count":0,"href":"https:\/\/zzlcmachinery.com\/pt\/wp-json\/wp\/v2\/product\/863\/revisions"}],"wp:featuredmedia":[{"embeddable":true,"href":"https:\/\/zzlcmachinery.com\/pt\/wp-json\/wp\/v2\/media\/880"}],"wp:attachment":[{"href":"https:\/\/zzlcmachinery.com\/pt\/wp-json\/wp\/v2\/media?parent=863"}],"wp:term":[{"taxonomy":"product_brand","embeddable":true,"href":"https:\/\/zzlcmachinery.com\/pt\/wp-json\/wp\/v2\/product_brand?post=863"},{"taxonomy":"product_cat","embeddable":true,"href":"https:\/\/zzlcmachinery.com\/pt\/wp-json\/wp\/v2\/product_cat?post=863"},{"taxonomy":"product_tag","embeddable":true,"href":"https:\/\/zzlcmachinery.com\/pt\/wp-json\/wp\/v2\/product_tag?post=863"}],"curies":[{"name":"wp","href":"https:\/\/api.w.org\/{rel}","templated":true}]}}