{"id":834,"date":"2022-11-04T22:29:01","date_gmt":"2022-11-04T14:29:01","guid":{"rendered":"https:\/\/zzlcmachinery.com\/?post_type=product&#038;p=834"},"modified":"2022-11-26T00:47:30","modified_gmt":"2022-11-25T16:47:30","slug":"lc120-hydraulic-decorative-iron-pipe-iron-tube-twisting-machine","status":"publish","type":"product","link":"https:\/\/zzlcmachinery.com\/pt\/produto\/lc120-hydraulic-decorative-iron-pipe-iron-tube-twisting-machine\/","title":{"rendered":"M\u00e1quina de torcer tubo de ferro decorativo hidr\u00e1ulico LC120"},"content":{"rendered":"","protected":false},"excerpt":{"rendered":"<p>Esta m\u00e1quina de tor\u00e7\u00e3o de tubo de ferro decorativo hidr\u00e1ulico LC120 \u00e9 usada apenas para processar tubos redondos. A fun\u00e7\u00e3o da m\u00e1quina reside na apar\u00eancia de v\u00e1rios padr\u00f5es ap\u00f3s o processamento dos tubos redondos. Esses produtos semi-acabados s\u00e3o usados principalmente em grades e suportes estruturais de portas, janelas, escadas e corrim\u00e3os. Eles n\u00e3o s\u00e3o apenas bonitos, mas tamb\u00e9m muito fortes, os materiais utilizados s\u00e3o tubos redondos; portanto, em compara\u00e7\u00e3o com portas e janelas e corrim\u00e3os s\u00f3lidos, o custo \u00e9 reduzido em mais de 50%-80%. \u00c9 muito adequado para serralherias que operam portas e janelas em grande escala. Esta m\u00e1quina de tor\u00e7\u00e3o de tubos usada para processar tubos redondos com um di\u00e2metro de 60-120mm. Os tubos redondos podem ser transformados em tubos redondos, tubos quadrados, tubos de 6 cantos, tubos de 12 cantos, tubos de 16 cantos, etc. Ap\u00f3s o processamento. Esses tubos processados tamb\u00e9m podem ter v\u00e1rios formatos de padr\u00e3o, que s\u00e3o feitos principalmente pela tor\u00e7\u00e3o repetida da m\u00e1quina. A densidade do padr\u00e3o e a profundidade do padr\u00e3o podem ser alcan\u00e7adas ajustando o sistema hidr\u00e1ulico e as chaves fim de curso.<br \/>\nAten\u00e7\u00e3o especial deve ser dada \u00e0 espessura do tubo redondo n\u00e3o superior a 2,5 mm.<br \/>\nPegue o tubo redondo transformado em um tubo quadrado como exemplo, tubo redondo com um di\u00e2metro de \u03c6 50mm\uff0c \u03c660mm\uff0c \u03c676mm\uff0c \u03c6 89mm\uff0c \u03c6114mm se transforma em tubo quadrado \u53e3 40mm \u53e3 50mm \u53e3 60mm \u53e3 70mm \u53e3 90mm)<br \/>\n24 horas de servi\u00e7o online, deixe-nos saber se voc\u00ea tiver alguma d\u00favida!<br \/>\n<strong>PAR\u00c2METRO T\u00c9CNICO<br \/>\n<\/strong><strong>Modelo: LC-JKLG120<br \/>\nMaterial de processamento: Tubo redondo\u2264\u03a6120mmx3mm<br \/>\nDimens\u00f5es do produto acabado:<\/strong><br \/>\n<strong>Tubo redondo<\/strong>\u2264\u03a6120mm x 2,5mm<br \/>\n<strong>Tubo plano<\/strong> \u2264 90x60x2,5 mm<br \/>\n<strong>Tubo quadrado<\/strong>\u226440x40x2,5-90x90x2,5mm<br \/>\n<strong style=\"font-family: var(--global-body-font-family);\">Poder:<\/strong><span style=\"font-family: var(--global-body-font-family);\"> 11,7 KW<br \/>\n<\/span><strong>Para dados gr\u00e1tis:<\/strong>6 conjuntos<br \/>\n<strong>Tens\u00e3o:<\/strong>\u00a0220 V\/380 V\/415 V<br \/>\n<strong>Dimens\u00e3o da embalagem:<\/strong>800*1200*700mm<strong><br \/>\n<\/strong><strong>NW (kg):<\/strong> 2500\u00a0 \u00a0 <strong>PG (kg):<\/strong> 2550<\/p>","protected":false},"featured_media":861,"template":"","meta":{"_kad_post_transparent":"default","_kad_post_title":"","_kad_post_layout":"default","_kad_post_sidebar_id":"","_kad_post_content_style":"default","_kad_post_vertical_padding":"default","_kad_post_feature":"","_kad_post_feature_position":"","_kad_post_header":false,"_kad_post_footer":false},"product_brand":[],"product_cat":[20,31],"product_tag":[350,353,354,339,349,343,355,351,352,111,347],"class_list":{"0":"post-834","1":"product","2":"type-product","3":"status-publish","4":"has-post-thumbnail","6":"product_cat-wrought-iron-twisting-machine","7":"product_cat-electric-pipe-twisting-machine","8":"product_tag-decorate-metal-pipe-tube-twist-wrought-iron-machine","9":"product_tag-decorative-pipe-tube-twisting-machine-pipe-threading-machine","10":"product_tag-factory-hot-sell-automatic-round-stainless-steel-pipe-twisting-machine","11":"product_tag-fully-automatic-multi-functional-round-tube-twisting-machine","12":"product_tag-iron-pipe-stainless-steel-pipe-tube-drawing-machine","13":"product_tag-ornamental-wrought-iron-round-pipe-twisting-making-machine","14":"product_tag-pipe-twisting-machine-for-wrought-iron","15":"product_tag-ss-tube-twisting-design-machine-wrought-iron-threading-pipe-machinery-price","16":"product_tag-tube-twisting-machine-spiral-twist-threading-round-metal-pipes-rotary-swaging-equipments","17":"product_tag-wrought-iron-machine","18":"product_tag-wrought-iron-tube-twisting-machine-for-steel-pipe","20":"first","21":"instock","22":"featured","23":"shipping-taxable","24":"product-type-simple","25":"entry","26":"content-bg","27":"loop-entry"},"_links":{"self":[{"href":"https:\/\/zzlcmachinery.com\/pt\/wp-json\/wp\/v2\/product\/834","targetHints":{"allow":["GET"]}}],"collection":[{"href":"https:\/\/zzlcmachinery.com\/pt\/wp-json\/wp\/v2\/product"}],"about":[{"href":"https:\/\/zzlcmachinery.com\/pt\/wp-json\/wp\/v2\/types\/product"}],"version-history":[{"count":0,"href":"https:\/\/zzlcmachinery.com\/pt\/wp-json\/wp\/v2\/product\/834\/revisions"}],"wp:featuredmedia":[{"embeddable":true,"href":"https:\/\/zzlcmachinery.com\/pt\/wp-json\/wp\/v2\/media\/861"}],"wp:attachment":[{"href":"https:\/\/zzlcmachinery.com\/pt\/wp-json\/wp\/v2\/media?parent=834"}],"wp:term":[{"taxonomy":"product_brand","embeddable":true,"href":"https:\/\/zzlcmachinery.com\/pt\/wp-json\/wp\/v2\/product_brand?post=834"},{"taxonomy":"product_cat","embeddable":true,"href":"https:\/\/zzlcmachinery.com\/pt\/wp-json\/wp\/v2\/product_cat?post=834"},{"taxonomy":"product_tag","embeddable":true,"href":"https:\/\/zzlcmachinery.com\/pt\/wp-json\/wp\/v2\/product_tag?post=834"}],"curies":[{"name":"wp","href":"https:\/\/api.w.org\/{rel}","templated":true}]}}