{"id":807,"date":"2022-11-01T20:30:06","date_gmt":"2022-11-01T12:30:06","guid":{"rendered":"https:\/\/zzlcmachinery.com\/?post_type=product&#038;p=807"},"modified":"2022-11-22T14:55:42","modified_gmt":"2022-11-22T06:55:42","slug":"lc-dk-hydraulic-folding-welding-spot-square-buckle-machine-for-forging-handrail","status":"publish","type":"product","link":"https:\/\/zzlcmachinery.com\/pt\/produto\/lc-dk-hydraulic-folding-welding-spot-square-buckle-machine-for-forging-handrail\/","title":{"rendered":"M\u00e1quina de fivela quadrada de dobramento hidr\u00e1ulico LC-DK para forjar corrim\u00e3o"},"content":{"rendered":"","protected":false},"excerpt":{"rendered":"<p>Esta m\u00e1quina de fivela quadrada para soldagem dobr\u00e1vel hidr\u00e1ulica LC-DK \u00e9 um equipamento hidr\u00e1ulico semi-autom\u00e1tico para embrulhar fivelas. O sistema hidr\u00e1ulico \u00e9 a principal for\u00e7a motriz. Ele executa principalmente a fun\u00e7\u00e3o de envolvimento no ponto de soldagem de pe\u00e7as padr\u00e3o de ferro forjado e corrim\u00e3os de escada. Uma m\u00e1quina indispens\u00e1vel para o processamento de metal art\u00edstico de estilo europeu.<br \/>\nEsta m\u00e1quina tem dois modos de opera\u00e7\u00e3o: processamento jog e processamento autom\u00e1tico. O processamento Jog pode processar fivelas em c\u00e2mera lenta. \u00c9 usado principalmente para depura\u00e7\u00e3o de m\u00e1quinas e depura\u00e7\u00e3o de pe\u00e7as padr\u00e3o e sele\u00e7\u00e3o de fivelas. A fun\u00e7\u00e3o de processamento autom\u00e1tico pode dobrar continuamente, economizando tempo e trabalho.<br \/>\nA fun\u00e7\u00e3o dessa m\u00e1quina \u00e9 embalar o ponto de solda junto ao a\u00e7o do bot\u00e3o, para que o bot\u00e3o n\u00e3o aque\u00e7a, o que \u00e9 diferente de antigamente. Recursos r\u00e1pidos e eficientes desfrutam de grande reputa\u00e7\u00e3o na linha de produ\u00e7\u00e3o de ferro.<br \/>\n24 horas de servi\u00e7o online, deixe-nos saber se voc\u00ea tiver alguma d\u00favida!<br \/>\n<strong>PAR\u00c2METRO T\u00c9CNICO<br \/>\n<\/strong><strong>Modelo: LC-DK<br \/>\nMaterial de processamento: A\u00e7o macio<br \/>\nO tamanho da fivela de processamento:<\/strong>\u00a0\u226436x20mm<br \/>\n<strong>Poder:<\/strong> 2,2KW<br \/>\n<strong>Dados gr\u00e1tis: 4 conjuntos<\/strong><br \/>\n<strong>Tens\u00e3o:<\/strong>\u00a0220 V\/380 V\/415 V<br \/>\n<strong>Dimens\u00e3o da embalagem:<\/strong> 860\u00d7780\u00d71480mm<br \/>\n<strong>NW (kg):<\/strong> 550\u00a0 \u00a0 \u00a0<strong>PG (kg):<\/strong> 600<\/p>","protected":false},"featured_media":809,"template":"","meta":{"_kad_post_transparent":"default","_kad_post_title":"","_kad_post_layout":"default","_kad_post_sidebar_id":"","_kad_post_content_style":"default","_kad_post_vertical_padding":"default","_kad_post_feature":"","_kad_post_feature_position":"","_kad_post_header":false,"_kad_post_footer":false},"product_brand":[],"product_cat":[29],"product_tag":[320,318,319,321,111,322],"class_list":{"0":"post-807","1":"product","2":"type-product","3":"status-publish","4":"has-post-thumbnail","6":"product_cat-electric-wrought-iron-processing-machine","7":"product_tag-hydraulic-folding-welding-spot-square-buckle-machine-for-forging-handrail","8":"product_tag-hydraulic-wrought-iron-folding-square-buckle-machine-for-fence-staircase-welding-spot","9":"product_tag-hydraulic-wrought-iron-forging-handrail-welding-spot-square-buckle-machine","10":"product_tag-welding-buckle-machine-for-wrought-iron","11":"product_tag-wrought-iron-machine","12":"product_tag-wrought-iron-metal-buckle-machine","14":"first","15":"instock","16":"shipping-taxable","17":"product-type-simple","18":"entry","19":"content-bg","20":"loop-entry"},"_links":{"self":[{"href":"https:\/\/zzlcmachinery.com\/pt\/wp-json\/wp\/v2\/product\/807","targetHints":{"allow":["GET"]}}],"collection":[{"href":"https:\/\/zzlcmachinery.com\/pt\/wp-json\/wp\/v2\/product"}],"about":[{"href":"https:\/\/zzlcmachinery.com\/pt\/wp-json\/wp\/v2\/types\/product"}],"version-history":[{"count":0,"href":"https:\/\/zzlcmachinery.com\/pt\/wp-json\/wp\/v2\/product\/807\/revisions"}],"wp:featuredmedia":[{"embeddable":true,"href":"https:\/\/zzlcmachinery.com\/pt\/wp-json\/wp\/v2\/media\/809"}],"wp:attachment":[{"href":"https:\/\/zzlcmachinery.com\/pt\/wp-json\/wp\/v2\/media?parent=807"}],"wp:term":[{"taxonomy":"product_brand","embeddable":true,"href":"https:\/\/zzlcmachinery.com\/pt\/wp-json\/wp\/v2\/product_brand?post=807"},{"taxonomy":"product_cat","embeddable":true,"href":"https:\/\/zzlcmachinery.com\/pt\/wp-json\/wp\/v2\/product_cat?post=807"},{"taxonomy":"product_tag","embeddable":true,"href":"https:\/\/zzlcmachinery.com\/pt\/wp-json\/wp\/v2\/product_tag?post=807"}],"curies":[{"name":"wp","href":"https:\/\/api.w.org\/{rel}","templated":true}]}}