{"id":766,"date":"2022-11-01T00:17:04","date_gmt":"2022-10-31T16:17:04","guid":{"rendered":"https:\/\/zzlcmachinery.com\/?post_type=product&#038;p=766"},"modified":"2022-11-22T15:10:56","modified_gmt":"2022-11-22T07:10:56","slug":"w12-professional-manual-scroll-bending-tool-with-12-free-dies-for-wrought-iron","status":"publish","type":"product","link":"https:\/\/zzlcmachinery.com\/pt\/produto\/w12-professional-manual-scroll-bending-tool-with-12-free-dies-for-wrought-iron\/","title":{"rendered":"Ferramenta de dobra de rolagem manual profissional W12 com 12 matrizes gr\u00e1tis para ferro forjado"},"content":{"rendered":"","protected":false},"excerpt":{"rendered":"<p>Esta ferramenta de dobra de rolagem manual profissional LC-W12 com 12 matrizes livres para ferro forjado \u00e9 uma ferramenta manual DIY para processar ferro plano, a\u00e7o quadrado e a\u00e7o redondo em formato \u201cS\u201d, \u201cC\u201d e \u201cP\u201d.<br \/>\nEsta m\u00e1quina de dobra manual tem 12 conjuntos de matrizes de dobra livre, que \u00e9 um conjunto de m\u00e1quinas de dobra com a maioria dos moldes na m\u00e1quina de dobra. Esta vantagem, sem d\u00favida, aumenta ao m\u00e1ximo a gama de processamento da m\u00e1quina e enriquece os tipos de padr\u00f5es que podem ser conclu\u00eddos. \u00c9 uma s\u00e9rie de dobradeiras manuais necess\u00e1rias para bricolagem de metal dom\u00e9stico e o est\u00e1gio inicial da oficina de ferreiro.<br \/>\nEsta m\u00e1quina s\u00f3 tem a fun\u00e7\u00e3o de dobrar flores em espiral, pode dobrar ferro plano, a\u00e7o quadrado e a\u00e7o redondo com formato \u201cS\u201d, \u201cC\u201d e \u201cP\u201d.<br \/>\n24 horas de servi\u00e7o online, deixe-nos saber se voc\u00ea tiver alguma d\u00favida!<br \/>\n<strong>PAR\u00c2METRO T\u00c9CNICO<br \/>\n<\/strong><strong>Modelo: LC-W12<br \/>\nFerro de passar\u00a0<\/strong> \u00a0 \u22645mm*30mm<br \/>\n<strong>A\u00e7o redondo<\/strong> \u2264\u03a610mm<br \/>\n<strong>A\u00e7o quadrado<\/strong> \u226410mm*10mm<br \/>\n<strong>Poder:<\/strong> Manual<br \/>\n<strong>Dimens\u00e3o da embalagem:<\/strong> 200\u00d7200\u00d7400mm<br \/>\n<strong>NW (kg):<\/strong>45<br \/>\n<strong>GW (kg):50<\/strong><\/p>","protected":false},"featured_media":776,"template":"","meta":{"_kad_post_transparent":"default","_kad_post_title":"","_kad_post_layout":"default","_kad_post_sidebar_id":"","_kad_post_content_style":"default","_kad_post_vertical_padding":"default","_kad_post_feature":"","_kad_post_feature_position":"","_kad_post_header":false,"_kad_post_footer":false},"product_brand":[],"product_cat":[33,34],"product_tag":[281,282,253,280,268,277,279,278,239,176],"class_list":{"0":"post-766","1":"product","2":"type-product","3":"status-publish","4":"has-post-thumbnail","6":"product_cat-manual-wrounght-iron-processing-tools","7":"product_cat-manual-scroll-bender","8":"product_tag-bending-machine-for-sale","9":"product_tag-buy-manual-scroll-bending-machine","10":"product_tag-buy-wrought-iron-scroll-bender","11":"product_tag-dies-for-w12-manual-scroll-bending-machine","12":"product_tag-diy-metal-working-tools","13":"product_tag-manual-scroll-bender","14":"product_tag-manual-steel-scroll-bending-tools","15":"product_tag-professional-manual-metal-scroll-bending-tool-with-12-sets-free-dies-for-wrought-iron","16":"product_tag-scroll-bender-machine-for-flat-iron-round-pipe-square-steel-square-tube","17":"product_tag-wrought-iron-scroll-bender-for-sale","19":"first","20":"instock","21":"shipping-taxable","22":"product-type-simple","23":"entry","24":"content-bg","25":"loop-entry"},"_links":{"self":[{"href":"https:\/\/zzlcmachinery.com\/pt\/wp-json\/wp\/v2\/product\/766","targetHints":{"allow":["GET"]}}],"collection":[{"href":"https:\/\/zzlcmachinery.com\/pt\/wp-json\/wp\/v2\/product"}],"about":[{"href":"https:\/\/zzlcmachinery.com\/pt\/wp-json\/wp\/v2\/types\/product"}],"version-history":[{"count":0,"href":"https:\/\/zzlcmachinery.com\/pt\/wp-json\/wp\/v2\/product\/766\/revisions"}],"wp:featuredmedia":[{"embeddable":true,"href":"https:\/\/zzlcmachinery.com\/pt\/wp-json\/wp\/v2\/media\/776"}],"wp:attachment":[{"href":"https:\/\/zzlcmachinery.com\/pt\/wp-json\/wp\/v2\/media?parent=766"}],"wp:term":[{"taxonomy":"product_brand","embeddable":true,"href":"https:\/\/zzlcmachinery.com\/pt\/wp-json\/wp\/v2\/product_brand?post=766"},{"taxonomy":"product_cat","embeddable":true,"href":"https:\/\/zzlcmachinery.com\/pt\/wp-json\/wp\/v2\/product_cat?post=766"},{"taxonomy":"product_tag","embeddable":true,"href":"https:\/\/zzlcmachinery.com\/pt\/wp-json\/wp\/v2\/product_tag?post=766"}],"curies":[{"name":"wp","href":"https:\/\/api.w.org\/{rel}","templated":true}]}}