{"id":735,"date":"2022-10-30T23:50:58","date_gmt":"2022-10-30T15:50:58","guid":{"rendered":"https:\/\/zzlcmachinery.com\/?post_type=product&#038;p=735"},"modified":"2023-02-09T20:03:43","modified_gmt":"2023-02-09T12:03:43","slug":"lc-hd14pro-electric-multifunction-wrought-iron-ornamental-scroll-bender","status":"publish","type":"product","link":"https:\/\/zzlcmachinery.com\/pt\/produto\/lc-hd14pro-electric-multifunction-wrought-iron-ornamental-scroll-bender\/","title":{"rendered":"Dobrador de rolagem ornamental de ferro forjado el\u00e9trico multifuncional LC-HD14Pro"},"content":{"rendered":"","protected":false},"excerpt":{"rendered":"<p>Dobrador de rolagem ornamental de ferro forjado el\u00e9trico multifuncional LC-HD14Pro,<br \/>\natrav\u00e9s da integra\u00e7\u00e3o e modifica\u00e7\u00e3o t\u00e9cnica, esta m\u00e1quina de dobra manual combina v\u00e1rias m\u00e1quinas de dobra manual originais em uma m\u00e1quina de dobra manual multifuncional, que mudou da pequena capacidade de processamento original para a capacidade de processamento que agora pode ser compar\u00e1vel \u00e0 da maquinaria el\u00e9trica. Melhore a precis\u00e3o e a resist\u00eancia do produto, e existem manuais, moldes de equipamentos e moldes de m\u00e1quinas de dobra el\u00e9trica que s\u00e3o comuns, f\u00e1ceis de operar, economizam energia e s\u00e3o ecologicamente corretos.<br \/>\nEste produto pode processar a\u00e7o quadrado, tubo quadrado, ferro plano, a\u00e7o redondo, tubo redondo em forma de P, S, C, esses padr\u00f5es podem ser amplamente utilizados no processamento, port\u00f5es, escadas, cercas, m\u00f3veis de ferro forjado, etc. m\u00e1quina \u00e9 definitivamente uma boa escolha para a fase inicial da carreira de ferreiro.<br \/>\n24 horas de servi\u00e7o online, deixe-nos saber se voc\u00ea tiver alguma d\u00favida!<br \/>\n<strong>PAR\u00c2METRO T\u00c9CNICO<br \/>\n<\/strong><strong>Modelo: LC-HD14Pro<br \/>\nFerro de passar:<\/strong>\u226430*6mm<br \/>\n<strong>A\u00e7o redondo:<\/strong> \u2264\u03c614mm<br \/>\n<strong>A\u00e7o Quadrado:<\/strong>\u226414*14mm<br \/>\n<strong>Tubo quadrado:<\/strong>\u226414*14mm<br \/>\n<strong>Tubo Redondo:<\/strong>\u2264\u03c619mm<br \/>\n<strong>Poder:<\/strong> Manual<br \/>\n<strong>Dimens\u00e3o da embalagem:<\/strong> 600\u00d7600\u00d7600mm<br \/>\n<strong>NW (kg):<\/strong>50<br \/>\n<strong>PG (kg):<\/strong>55<\/p>","protected":false},"featured_media":736,"template":"","meta":{"_kad_post_transparent":"default","_kad_post_title":"","_kad_post_layout":"default","_kad_post_sidebar_id":"","_kad_post_content_style":"default","_kad_post_vertical_padding":"default","_kad_post_feature":"","_kad_post_feature_position":"","_kad_post_header":false,"_kad_post_footer":false},"product_brand":[],"product_cat":[33,27,34],"product_tag":[232,235,243,49,242,182,234,240,241,239,238,185,192,194,189,111,176,193],"class_list":{"0":"post-735","1":"product","2":"type-product","3":"status-publish","4":"has-post-thumbnail","6":"product_cat-manual-wrounght-iron-processing-tools","7":"product_cat-electric-scroll-bending-machine","8":"product_cat-manual-scroll-bender","9":"product_tag-buy-metal-scroll-bender","10":"product_tag-buy-metal-tube-bender-with-free-dies","11":"product_tag-buy-scroll-bending-machine","12":"product_tag-electric-scroll-bending-machine","13":"product_tag-electric-wrought-iron-scroll-bender-making-machine","14":"product_tag-iron-pattern-bender","15":"product_tag-metal-tube-bender","16":"product_tag-mutifunction-ornamental-iron-tube-scroll-bending-machine-for-sale","17":"product_tag-ornamental-scroll","18":"product_tag-scroll-bender-machine-for-flat-iron-round-pipe-square-steel-square-tube","19":"product_tag-scroll-bender-tools","20":"product_tag-scroll-bending-machine-for-sale","21":"product_tag-scroll-making-machine","22":"product_tag-scroll-pattern-bender-equipment","23":"product_tag-scroll-pattern-bending-machine","24":"product_tag-wrought-iron-machine","25":"product_tag-wrought-iron-scroll-bender-for-sale","26":"product_tag-wrought-iron-scrolling-bending-machine","28":"first","29":"instock","30":"shipping-taxable","31":"product-type-simple","32":"entry","33":"content-bg","34":"loop-entry"},"_links":{"self":[{"href":"https:\/\/zzlcmachinery.com\/pt\/wp-json\/wp\/v2\/product\/735","targetHints":{"allow":["GET"]}}],"collection":[{"href":"https:\/\/zzlcmachinery.com\/pt\/wp-json\/wp\/v2\/product"}],"about":[{"href":"https:\/\/zzlcmachinery.com\/pt\/wp-json\/wp\/v2\/types\/product"}],"version-history":[{"count":0,"href":"https:\/\/zzlcmachinery.com\/pt\/wp-json\/wp\/v2\/product\/735\/revisions"}],"wp:featuredmedia":[{"embeddable":true,"href":"https:\/\/zzlcmachinery.com\/pt\/wp-json\/wp\/v2\/media\/736"}],"wp:attachment":[{"href":"https:\/\/zzlcmachinery.com\/pt\/wp-json\/wp\/v2\/media?parent=735"}],"wp:term":[{"taxonomy":"product_brand","embeddable":true,"href":"https:\/\/zzlcmachinery.com\/pt\/wp-json\/wp\/v2\/product_brand?post=735"},{"taxonomy":"product_cat","embeddable":true,"href":"https:\/\/zzlcmachinery.com\/pt\/wp-json\/wp\/v2\/product_cat?post=735"},{"taxonomy":"product_tag","embeddable":true,"href":"https:\/\/zzlcmachinery.com\/pt\/wp-json\/wp\/v2\/product_tag?post=735"}],"curies":[{"name":"wp","href":"https:\/\/api.w.org\/{rel}","templated":true}]}}