{"id":727,"date":"2022-10-30T20:46:07","date_gmt":"2022-10-30T12:46:07","guid":{"rendered":"https:\/\/zzlcmachinery.com\/?post_type=product&#038;p=727"},"modified":"2022-11-22T15:27:33","modified_gmt":"2022-11-22T07:27:33","slug":"lc-hd14-multifunction-wrought-iron-ornamental-scroll-bender","status":"publish","type":"product","link":"https:\/\/zzlcmachinery.com\/pt\/produto\/lc-hd14-multifunction-wrought-iron-ornamental-scroll-bender\/","title":{"rendered":"LC-HD14 Manual Craft Metal Craft Scroll Bender"},"content":{"rendered":"","protected":false},"excerpt":{"rendered":"<p>Dobradeira de rolagem manual artesanal de metal LC-HD14, atrav\u00e9s de integra\u00e7\u00e3o e modifica\u00e7\u00e3o t\u00e9cnica, esta m\u00e1quina de dobra manual combina v\u00e1rias m\u00e1quinas de dobra manual originais em uma m\u00e1quina de dobra manual multifuncional, que mudou da pequena capacidade de processamento original para a capacidade de processamento que pode agora pode ser compar\u00e1vel ao da maquinaria el\u00e9trica. Melhore a precis\u00e3o e a resist\u00eancia do produto, e existem manuais, moldes de equipamentos e moldes de m\u00e1quinas de dobra el\u00e9trica que s\u00e3o comuns, f\u00e1ceis de operar, economizam energia e s\u00e3o ecologicamente corretos.<br \/>\nEste produto pode processar a\u00e7o quadrado, tubo quadrado, ferro plano, a\u00e7o redondo, tubo redondo em forma de P, S, C, esses padr\u00f5es podem ser amplamente utilizados no processamento, port\u00f5es, escadas, cercas, m\u00f3veis de ferro forjado, etc. m\u00e1quina \u00e9 definitivamente uma boa escolha para a fase inicial da carreira de ferreiro.<br \/>\n24 horas de servi\u00e7o online, deixe-nos saber se voc\u00ea tiver alguma d\u00favida!<br \/>\n<strong>PAR\u00c2METRO T\u00c9CNICO<br \/>\n<\/strong><strong>Modelo: LC-HD14<br \/>\nFerro de passar:<\/strong>\u226430*6mm<br \/>\n<strong>A\u00e7o redondo:<\/strong> \u2264\u03c614mm<br \/>\n<strong>A\u00e7o Quadrado:<\/strong>\u226414*14mm<br \/>\n<strong>Tubo quadrado:<\/strong>\u226414*14mm<br \/>\n<strong>Tubo Redondo:<\/strong>\u2264\u03c619mm<br \/>\n<strong>Poder:<\/strong> Manual<br \/>\n<strong>Dimens\u00e3o da embalagem:<\/strong> 600\u00d7600\u00d7600mm<br \/>\n<strong>NW (kg):<\/strong>50<br \/>\n<strong>PG (kg):<\/strong>55<\/p>","protected":false},"featured_media":729,"template":"","meta":{"_kad_post_transparent":"default","_kad_post_title":"","_kad_post_layout":"default","_kad_post_sidebar_id":"","_kad_post_content_style":"default","_kad_post_vertical_padding":"default","_kad_post_feature":"","_kad_post_feature_position":"","_kad_post_header":false,"_kad_post_footer":false},"product_brand":[],"product_cat":[33,34],"product_tag":[232,235,49,182,237,236,231,233,234,238,185,192,194,189,111,193],"class_list":{"0":"post-727","1":"product","2":"type-product","3":"status-publish","4":"has-post-thumbnail","6":"product_cat-manual-wrounght-iron-processing-tools","7":"product_cat-manual-scroll-bender","8":"product_tag-buy-metal-scroll-bender","9":"product_tag-buy-metal-tube-bender-with-free-dies","10":"product_tag-electric-scroll-bending-machine","11":"product_tag-iron-pattern-bender","12":"product_tag-manual-metal-craft-homemade-scroll-bender","13":"product_tag-manual-metal-craft-tools-for-sale","14":"product_tag-manual-metal-scroll-bender","15":"product_tag-manual-metal-scroll-wrought-iron-craft-bending","16":"product_tag-metal-tube-bender","17":"product_tag-scroll-bender-tools","18":"product_tag-scroll-bending-machine-for-sale","19":"product_tag-scroll-making-machine","20":"product_tag-scroll-pattern-bender-equipment","21":"product_tag-scroll-pattern-bending-machine","22":"product_tag-wrought-iron-machine","23":"product_tag-wrought-iron-scrolling-bending-machine","25":"first","26":"instock","27":"shipping-taxable","28":"product-type-simple","29":"entry","30":"content-bg","31":"loop-entry"},"_links":{"self":[{"href":"https:\/\/zzlcmachinery.com\/pt\/wp-json\/wp\/v2\/product\/727","targetHints":{"allow":["GET"]}}],"collection":[{"href":"https:\/\/zzlcmachinery.com\/pt\/wp-json\/wp\/v2\/product"}],"about":[{"href":"https:\/\/zzlcmachinery.com\/pt\/wp-json\/wp\/v2\/types\/product"}],"version-history":[{"count":0,"href":"https:\/\/zzlcmachinery.com\/pt\/wp-json\/wp\/v2\/product\/727\/revisions"}],"wp:featuredmedia":[{"embeddable":true,"href":"https:\/\/zzlcmachinery.com\/pt\/wp-json\/wp\/v2\/media\/729"}],"wp:attachment":[{"href":"https:\/\/zzlcmachinery.com\/pt\/wp-json\/wp\/v2\/media?parent=727"}],"wp:term":[{"taxonomy":"product_brand","embeddable":true,"href":"https:\/\/zzlcmachinery.com\/pt\/wp-json\/wp\/v2\/product_brand?post=727"},{"taxonomy":"product_cat","embeddable":true,"href":"https:\/\/zzlcmachinery.com\/pt\/wp-json\/wp\/v2\/product_cat?post=727"},{"taxonomy":"product_tag","embeddable":true,"href":"https:\/\/zzlcmachinery.com\/pt\/wp-json\/wp\/v2\/product_tag?post=727"}],"curies":[{"name":"wp","href":"https:\/\/api.w.org\/{rel}","templated":true}]}}