{"id":708,"date":"2022-10-29T23:52:18","date_gmt":"2022-10-29T15:52:18","guid":{"rendered":"https:\/\/zzlcmachinery.com\/?post_type=product&#038;p=708"},"modified":"2022-11-22T15:31:38","modified_gmt":"2022-11-22T07:31:38","slug":"lc-jkdn25c-wrought-iron-metal-twisting-machine","status":"publish","type":"product","link":"https:\/\/zzlcmachinery.com\/pt\/produto\/lc-jkdn25c-maquina-de-torcao-de-ferro-forjado\/","title":{"rendered":"M\u00e1quina de tor\u00e7\u00e3o de metal de ferro forjado LC-JKDN25C"},"content":{"rendered":"","protected":false},"excerpt":{"rendered":"<p>A m\u00e1quina de tor\u00e7\u00e3o de ferro forjado LC-JKDN25C \u00e9 uma m\u00e1quina importante para fazer port\u00f5es, cercas, grades, escadas, m\u00f3veis, camas de ferro, cadeiras e mesas, barras de ferro forjado, pe\u00e7as, guirlandas para ferreiros. A m\u00e1quina de tor\u00e7\u00e3o melhora a tecnologia com base na m\u00e1quina de tor\u00e7\u00e3o el\u00e9trica original. O programa da m\u00e1quina \u00e9 corrigido automaticamente, mantendo todos os produtos iguais, para que possa atingir o objetivo da produ\u00e7\u00e3o em massa, LC-JKDN25C esta m\u00e1quina s\u00f3 tem a fun\u00e7\u00e3o de torcer a tor\u00e7\u00e3o.<br \/>\nDepois de melhorar a m\u00e1quina. Esta m\u00e1quina pode alternar livremente entre o mecanismo do guincho e o cabe\u00e7ote m\u00f3vel original. Desmonte o trilho deslizante telesc\u00f3pico do assento traseiro girat\u00f3rio e, em seguida, empurre o mecanismo do cesto de flores para conect\u00e1-lo \u00e0 tomada el\u00e9trica original para torcer o cesto de flores. Portanto, os clientes podem considerar esta m\u00e1quina quando o or\u00e7amento for limitado e, quando o or\u00e7amento for suficiente, o molde pode ser complementado para obter a fun\u00e7\u00e3o de m\u00e1quina de cesta de flores torcida.<br \/>\nN\u00e3o s\u00f3 pode torcer a forma do pretzel, voc\u00ea tamb\u00e9m pode torcer cestas de flores (gaiolas de p\u00e1ssaros).<br \/>\nO molde vem com a m\u00e1quina para fornecer 9 conjuntos de moldes.<br \/>\n24 horas de servi\u00e7o online, deixe-nos saber se voc\u00ea tiver alguma d\u00favida!<br \/>\n<strong>PAR\u00c2METRO T\u00c9CNICO<br \/>\n<\/strong><strong>Modelo: LC-JKDN25C<br \/>\nCapacidade m\u00e1xima de trabalho:<\/strong> Comprimento\u2264200-800 mm<br \/>\n<strong>A\u00e7o quadrado<\/strong> \u226425\u00d725 mm<br \/>\n<strong>Ferro de passar<\/strong> \u226480x10mm<br \/>\n<strong>Poder:<\/strong> 5,2KW<br \/>\n<strong>Para dados gr\u00e1tis:<\/strong>6 conjuntos de matrizes quadradas de a\u00e7o, 3 conjuntos de matrizes de ferro plano<br \/>\n<strong>Tens\u00e3o:<\/strong>\u00a0220 V\/380 V\/415 V<br \/>\n<strong>Dimens\u00e3o da embalagem:<\/strong> 1400\u00d7620\u00d71100mm<br \/>\n<strong>NW (kg):<\/strong> 480\u00a0 \u00a0 \u00a0 <strong>PG (kg):<\/strong> 550<\/p>","protected":false},"featured_media":721,"template":"","meta":{"_kad_post_transparent":"default","_kad_post_title":"","_kad_post_layout":"default","_kad_post_sidebar_id":"","_kad_post_content_style":"default","_kad_post_vertical_padding":"default","_kad_post_feature":"","_kad_post_feature_position":"","_kad_post_header":false,"_kad_post_footer":false},"product_brand":[],"product_cat":[20,29],"product_tag":[196,230,229,204,197,209],"class_list":{"0":"post-708","1":"product","2":"type-product","3":"status-publish","4":"has-post-thumbnail","6":"product_cat-wrought-iron-twisting-machine","7":"product_cat-electric-wrought-iron-processing-machine","8":"product_tag-automatic-wrought-iron-twisting-machine","9":"product_tag-electric-metal-twisting-machine","10":"product_tag-finished-product-of-wrought-iron-twisting-machine","11":"product_tag-multifunctional-wrought-iron-machine","12":"product_tag-twisting-machine-at-best-price-in-china","13":"product_tag-wrought-iron-twist-machine","15":"first","16":"instock","17":"shipping-taxable","18":"product-type-simple","19":"entry","20":"content-bg","21":"loop-entry"},"_links":{"self":[{"href":"https:\/\/zzlcmachinery.com\/pt\/wp-json\/wp\/v2\/product\/708","targetHints":{"allow":["GET"]}}],"collection":[{"href":"https:\/\/zzlcmachinery.com\/pt\/wp-json\/wp\/v2\/product"}],"about":[{"href":"https:\/\/zzlcmachinery.com\/pt\/wp-json\/wp\/v2\/types\/product"}],"version-history":[{"count":0,"href":"https:\/\/zzlcmachinery.com\/pt\/wp-json\/wp\/v2\/product\/708\/revisions"}],"wp:featuredmedia":[{"embeddable":true,"href":"https:\/\/zzlcmachinery.com\/pt\/wp-json\/wp\/v2\/media\/721"}],"wp:attachment":[{"href":"https:\/\/zzlcmachinery.com\/pt\/wp-json\/wp\/v2\/media?parent=708"}],"wp:term":[{"taxonomy":"product_brand","embeddable":true,"href":"https:\/\/zzlcmachinery.com\/pt\/wp-json\/wp\/v2\/product_brand?post=708"},{"taxonomy":"product_cat","embeddable":true,"href":"https:\/\/zzlcmachinery.com\/pt\/wp-json\/wp\/v2\/product_cat?post=708"},{"taxonomy":"product_tag","embeddable":true,"href":"https:\/\/zzlcmachinery.com\/pt\/wp-json\/wp\/v2\/product_tag?post=708"}],"curies":[{"name":"wp","href":"https:\/\/api.w.org\/{rel}","templated":true}]}}