{"id":707,"date":"2022-10-29T23:51:51","date_gmt":"2022-10-29T15:51:51","guid":{"rendered":"https:\/\/zzlcmachinery.com\/?post_type=product&#038;p=707"},"modified":"2022-11-22T15:34:49","modified_gmt":"2022-11-22T07:34:49","slug":"lc-jkdn25e-electric-8-wires-basket-twisting-machine-iron-craft-bird-cage-making-machine-wrought-iron-machine","status":"publish","type":"product","link":"https:\/\/zzlcmachinery.com\/pt\/produto\/lc-jkdn25e-electric-8-wires-basket-twisting-machine-iron-craft-bird-cage-making-machine-wrought-iron-machine\/","title":{"rendered":"LC-JKDN25E El\u00e9trica 8 Fios Cesto Torcer M\u00e1quina Ferro Artesanato Gaiola M\u00e1quina De Fazer Gaiola M\u00e1quina De Ferro Forjado"},"content":{"rendered":"","protected":false},"excerpt":{"rendered":"<p>LC-JKDN25E M\u00e1quina el\u00e9trica de tor\u00e7\u00e3o de cesta de 8 fios, m\u00e1quina de fabrica\u00e7\u00e3o de gaiolas de p\u00e1ssaros de ferro, a m\u00e1quina de ferro forjado \u00e9 uma ferramenta profissional de processamento de metal usada especialmente para processar gaiolas de p\u00e1ssaros com v\u00e1rios fios. Ele pode processar cestos de flores de 8 fios, cestos de flores de 4 fios e cestos de flores de 12 fios (cesto de flores de 12 fios como uma op\u00e7\u00e3o personaliz\u00e1vel para os clientes). Durante o processamento, 4 ou 8 fios de material precisam ser processados primeiro: as duas extremidades do material precisam ser soldadas antes do processamento.<br \/>\nEm particular, a produ\u00e7\u00e3o de cestas de flores de 8 fios precisa ser calcinada e resfriada antes do processamento, e o produto acabado \u00e9 excelente. O di\u00e2metro m\u00e1ximo de processamento desta m\u00e1quina \u00e9 de a\u00e7o quadrado de 25 mm. A capacidade m\u00e1xima de processamento desta m\u00e1quina \u00e9 de 12 linhas de cestas de flores. A m\u00e1quina fornece moldes gratuitos aleatoriamente. 5 conjuntos de moldes de cesta de flores s\u00e3o fornecidos gratuitamente (incluindo cesta de flores de 8 fios e cesta de flores de 4 cestas): O di\u00e2metro da matriz de processamento \u00e9 12mm, 14mm, 18mm, 20mm.24 horas de servi\u00e7o online, deixe-nos saber se voc\u00ea tem alguma pergunta!<br \/>\n<strong>PAR\u00c2METRO T\u00c9CNICO<br \/>\n<\/strong><strong>Modelo: LC-JKDN25D<br \/>\nCapacidade m\u00e1xima de trabalho:<\/strong> Comprimento\u2264200-800 mm<br \/>\n<strong>A\u00e7o quadrado<\/strong> \u226425\u00d725 mm A\u00e7o redondo:\u03a66mm,\u03a68mm<br \/>\n<strong>Ferro de passar<\/strong> \u226480x10mm<br \/>\n<strong>Poder:<\/strong> 5,2KW<br \/>\n<strong>Para dados gr\u00e1tis:<\/strong>6 conjuntos de matrizes quadradas de a\u00e7o, 3 conjuntos de matrizes de ferro plano, 5 conjuntos de matrizes de cesta para flores<br \/>\n<strong>Tens\u00e3o:<\/strong>\u00a0220 V\/380 V\/415 V<br \/>\n<strong>Dimens\u00e3o da embalagem:<\/strong> 1400\u00d7620\u00d71100mm<br \/>\n<strong>NW (kg):<\/strong> 480\u00a0 \u00a0 \u00a0 <strong>PG (kg):<\/strong> 550<\/p>","protected":false},"featured_media":710,"template":"","meta":{"_kad_post_transparent":"default","_kad_post_title":"","_kad_post_layout":"default","_kad_post_sidebar_id":"","_kad_post_content_style":"default","_kad_post_vertical_padding":"default","_kad_post_feature":"","_kad_post_feature_position":"","_kad_post_header":false,"_kad_post_footer":false},"product_brand":[],"product_cat":[20,29],"product_tag":[214,223,221,228,212,210,226,219,211,225,216,220,222,218,227,224,213,215,111,217],"class_list":{"0":"post-707","1":"product","2":"type-product","3":"status-publish","4":"has-post-thumbnail","6":"product_cat-wrought-iron-twisting-machine","7":"product_cat-electric-wrought-iron-processing-machine","8":"product_tag-basket-maker","9":"product_tag-basket-twister","10":"product_tag-buy-basket-making-tool","11":"product_tag-buy-used-wrought-iron-machines","12":"product_tag-electric-4-wires-basket-twisting-machine","13":"product_tag-electric-8-wires-basket-making-machine","14":"product_tag-ellsen-metalcraft-machinery","15":"product_tag-ellsen-ornamental-wrought-iron","16":"product_tag-iron-craft-bird-cage-making-machine","17":"product_tag-metal-bar-twisting-basket-making-machine","18":"product_tag-metal-craft-basket-making-machine","19":"product_tag-metal-craft-making-attachemnt-steel-twister-tool","20":"product_tag-metal-craft-twister-tool","21":"product_tag-metal-twisting-machine","22":"product_tag-metal-twisting-wrought-iron-machine-for-making-wire-basket","23":"product_tag-steel-basket-twist-tool","24":"product_tag-wire-twister-machine","25":"product_tag-wrought-iron-basket-machine","26":"product_tag-wrought-iron-machine","27":"product_tag-wrought-iron-twisting-machine-manufacturers","29":"first","30":"instock","31":"shipping-taxable","32":"product-type-simple","33":"entry","34":"content-bg","35":"loop-entry"},"_links":{"self":[{"href":"https:\/\/zzlcmachinery.com\/pt\/wp-json\/wp\/v2\/product\/707","targetHints":{"allow":["GET"]}}],"collection":[{"href":"https:\/\/zzlcmachinery.com\/pt\/wp-json\/wp\/v2\/product"}],"about":[{"href":"https:\/\/zzlcmachinery.com\/pt\/wp-json\/wp\/v2\/types\/product"}],"version-history":[{"count":0,"href":"https:\/\/zzlcmachinery.com\/pt\/wp-json\/wp\/v2\/product\/707\/revisions"}],"wp:featuredmedia":[{"embeddable":true,"href":"https:\/\/zzlcmachinery.com\/pt\/wp-json\/wp\/v2\/media\/710"}],"wp:attachment":[{"href":"https:\/\/zzlcmachinery.com\/pt\/wp-json\/wp\/v2\/media?parent=707"}],"wp:term":[{"taxonomy":"product_brand","embeddable":true,"href":"https:\/\/zzlcmachinery.com\/pt\/wp-json\/wp\/v2\/product_brand?post=707"},{"taxonomy":"product_cat","embeddable":true,"href":"https:\/\/zzlcmachinery.com\/pt\/wp-json\/wp\/v2\/product_cat?post=707"},{"taxonomy":"product_tag","embeddable":true,"href":"https:\/\/zzlcmachinery.com\/pt\/wp-json\/wp\/v2\/product_tag?post=707"}],"curies":[{"name":"wp","href":"https:\/\/api.w.org\/{rel}","templated":true}]}}