{"id":687,"date":"2022-10-28T18:36:53","date_gmt":"2022-10-28T10:36:53","guid":{"rendered":"https:\/\/zzlcmachinery.com\/?post_type=product&#038;p=687"},"modified":"2022-10-30T18:14:10","modified_gmt":"2022-10-30T10:14:10","slug":"lc-jkdn25d-muliti-function-wrought-iron-metal-twisting-machine-design-for-sale","status":"publish","type":"product","link":"https:\/\/zzlcmachinery.com\/pt\/produto\/lc-jkdn25d-muliti-function-wrought-iron-metal-twisting-machine-design-for-sale\/","title":{"rendered":"Projeto de m\u00e1quina de tor\u00e7\u00e3o de metal de ferro forjado LC-JKDN25D multifun\u00e7\u00e3o para venda"},"content":{"rendered":"","protected":false},"excerpt":{"rendered":"<p>LC-JKDN25D O projeto da m\u00e1quina de tor\u00e7\u00e3o de metal de ferro forjado multifuncional \u00e0 venda \u00e9 a m\u00e1quina de tor\u00e7\u00e3o de metal mais vers\u00e1til, que pode torcer ferro plano, a\u00e7o quadrado, a\u00e7o redondo e tubo quadrado. Ele n\u00e3o s\u00f3 pode processar materiais de metal em forma de tor\u00e7\u00e3o, mas tamb\u00e9m torcer v\u00e1rios quadrados de a\u00e7o ou a\u00e7o redondo juntos para formar v\u00e1rios padr\u00f5es de flor de tor\u00e7\u00e3o ou cesta enriquece muito a estrutura art\u00edstica de processamento de corrim\u00e3os de portas e janelas.<br \/>\nO m\u00e1ximo pode torcer a\u00e7o quadrado de 25x25mm, chapinha de 30x8mm, pode torcer 4 pe\u00e7as de a\u00e7o redondo \u03a612mm, 4 pe\u00e7as de a\u00e7o quadrado de 12x12mm em uma forma de cesto de flores de 4 strass.<br \/>\nCestos de 4 fios, cestos de 8 fios e cestos de 12 fios est\u00e3o dispon\u00edveis. Os materiais processados em flor de cesta tamb\u00e9m s\u00e3o a\u00e7os quadrados muito comuns com dimens\u00f5es de 4x4mm, 6x6mm, 7x7mm, 8x8mm e a\u00e7os redondos com di\u00e2metros de 6mm e 8 mm.<br \/>\nEsta m\u00e1quina distribui aleatoriamente 12 conjuntos de moldes, e os moldes para cestas de flores de 8 e 12 fios precisam ser adquiridos pelos clientes.<br \/>\n24 horas de servi\u00e7o online, deixe-nos saber se voc\u00ea tiver alguma d\u00favida!<br \/>\n<strong>PAR\u00c2METRO T\u00c9CNICO<br \/>\n<\/strong><strong>M\u00f3dulo: LC-JKDN25D<br \/>\nCapacidade m\u00e1xima de trabalho:<\/strong> Comprimento\u2264200-800 mm<br \/>\n<strong>A\u00e7o quadrado<\/strong> \u226425\u00d725 mm A\u00e7o redondo:\u03a66mm,\u03a68mm<br \/>\n<strong>Ferro de passar<\/strong> \u226480x10mm<br \/>\n<strong>Poder:<\/strong> 5,2KW<br \/>\n<strong>Para dados gr\u00e1tis:<\/strong>6 conjuntos de matrizes de a\u00e7o quadradas, 3 conjuntos de matrizes de ferro plano, 4 conjuntos de matrizes de flores de cesta de 4 vigas<br \/>\n<strong>Tens\u00e3o:<\/strong>\u00a0220 V\/380 V\/415 V<br \/>\n<strong>Dimens\u00e3o da embalagem:<\/strong> 1400\u00d7620\u00d71100mm<br \/>\n<strong>NW (kg):<\/strong> 480\u00a0 \u00a0 \u00a0 <strong>PG (kg):<\/strong> 550<\/p>","protected":false},"featured_media":690,"template":"","meta":{"_kad_post_transparent":"default","_kad_post_title":"","_kad_post_layout":"default","_kad_post_sidebar_id":"","_kad_post_content_style":"default","_kad_post_vertical_padding":"default","_kad_post_feature":"","_kad_post_feature_position":"","_kad_post_header":false,"_kad_post_footer":false},"product_brand":[],"product_cat":[20,29],"product_tag":[207,208,196,198,206,202,205,200,204,203,197,199,201,209],"class_list":{"0":"post-687","1":"product","2":"type-product","3":"status-publish","4":"has-post-thumbnail","6":"product_cat-wrought-iron-twisting-machine","7":"product_cat-electric-wrought-iron-processing-machine","8":"product_tag-4-strand-flower-basket-electric-twisting-machine","9":"product_tag-8-strand-flower-basket-electric-twisting-machine","10":"product_tag-automatic-wrought-iron-twisting-machine","11":"product_tag-ellsen-wrought-iron-machine","12":"product_tag-flower-ball-twisting-machine-for-wrought-iron","13":"product_tag-high-quality-wrought-iron-twisting-machine","14":"product_tag-muliti-function-wrought-iron-metal-twisting-machine-design","15":"product_tag-multi-function-wrought-iron-machine-for-sale","16":"product_tag-multifunctional-wrought-iron-machine","17":"product_tag-twisting-machine","18":"product_tag-twisting-machine-at-best-price-in-china","19":"product_tag-twisting-machines","20":"product_tag-wrought-iron-metal-twisting-machine-for-sale","21":"product_tag-wrought-iron-twist-machine","23":"first","24":"instock","25":"shipping-taxable","26":"product-type-simple","27":"entry","28":"content-bg","29":"loop-entry"},"_links":{"self":[{"href":"https:\/\/zzlcmachinery.com\/pt\/wp-json\/wp\/v2\/product\/687","targetHints":{"allow":["GET"]}}],"collection":[{"href":"https:\/\/zzlcmachinery.com\/pt\/wp-json\/wp\/v2\/product"}],"about":[{"href":"https:\/\/zzlcmachinery.com\/pt\/wp-json\/wp\/v2\/types\/product"}],"version-history":[{"count":0,"href":"https:\/\/zzlcmachinery.com\/pt\/wp-json\/wp\/v2\/product\/687\/revisions"}],"wp:featuredmedia":[{"embeddable":true,"href":"https:\/\/zzlcmachinery.com\/pt\/wp-json\/wp\/v2\/media\/690"}],"wp:attachment":[{"href":"https:\/\/zzlcmachinery.com\/pt\/wp-json\/wp\/v2\/media?parent=687"}],"wp:term":[{"taxonomy":"product_brand","embeddable":true,"href":"https:\/\/zzlcmachinery.com\/pt\/wp-json\/wp\/v2\/product_brand?post=687"},{"taxonomy":"product_cat","embeddable":true,"href":"https:\/\/zzlcmachinery.com\/pt\/wp-json\/wp\/v2\/product_cat?post=687"},{"taxonomy":"product_tag","embeddable":true,"href":"https:\/\/zzlcmachinery.com\/pt\/wp-json\/wp\/v2\/product_tag?post=687"}],"curies":[{"name":"wp","href":"https:\/\/api.w.org\/{rel}","templated":true}]}}